{"id":19963,"date":"2026-05-07T15:46:19","date_gmt":"2026-05-07T18:46:19","guid":{"rendered":"https:\/\/disma.ar\/clientes\/?post_type=product&#038;p=19963"},"modified":"2026-05-07T15:55:23","modified_gmt":"2026-05-07T18:55:23","slug":"balanza-digital-personal-bano-base-vidrio-templado-smart-bluetooth-1kg-a-180kg-seis","status":"publish","type":"product","link":"https:\/\/disma.ar\/clientes\/producto\/balanza-digital-personal-bano-base-vidrio-templado-smart-bluetooth-1kg-a-180kg-seis\/","title":{"rendered":"BALANZA DIGITAL PERSONAL BA\u00d1O BASE VIDRIO TEMPLADO SMART BLUETOOTH 1KG A 180KG SEIS"},"content":{"rendered":"<p>La Balanza Ba\u00f1o Personal Corporal Digital Bluetooth Inteligente de la marca Geko es la herramienta perfecta para monitorear tu salud y bienestar. Con un dise\u00f1o elegante y moderno, esta balanza digital est\u00e1 equipada con un sistema de sensor de galga tensi\u00f3n de alta precisi\u00f3n, garantizando mediciones exactas de hasta 180 kg. Su plataforma de vidrio templado de 6 mm no solo es resistente, sino que tambi\u00e9n aporta un toque de sofisticaci\u00f3n a tu ba\u00f1o. El display de 25 mm permite una f\u00e1cil lectura de los resultados, mientras que su funci\u00f3n de encendido t\u00e1ctil y apagado autom\u00e1tico la hacen muy conveniente. Funciona con 2 pilas AAA (no incluidas) y cuenta con un indicador de bater\u00eda baja para que siempre est\u00e9s preparado. Recuerda usarla en una superficie plana y mantenerla en un lugar seco para asegurar su durabilidad. \u00a1Cuida de tu salud con estilo!Capacidad m\u00e1xima de 180kg.<br \/>\nCon conexi\u00f3n bluetooth.<br \/>\nMide el \u00edndice de masa corporal (IMC) y la grasa.<br \/>\nSe puede sincronizar con un smartphone.<br \/>\nCuenta con display digital.<br \/>\nLa plataforma es de vidrio.<br \/>\nSe apaga autom\u00e1ticamente.<br \/>\nDimensiones: 26 cm de ancho, 2 cm de alto y 26 cm de largo.<\/p>\n","protected":false},"excerpt":{"rendered":"<p>La Balanza Ba\u00f1o Personal Corporal Digital Bluetooth Inteligente de la marca Geko es la herramienta perfecta para monitorear tu salud y bienestar. Con un dise\u00f1o elegante y moderno, esta balanza digital est\u00e1 equipada con un sistema de sensor de galga tensi\u00f3n de alta precisi\u00f3n, garantizando mediciones exactas de hasta 180 kg. Su plataforma de vidrio [&hellip;]<\/p>\n","protected":false},"featured_media":19964,"comment_status":"closed","ping_status":"closed","template":"","meta":[],"product_brand":[],"product_cat":[360],"product_tag":[],"class_list":{"0":"post-19963","1":"product","2":"type-product","3":"status-publish","4":"has-post-thumbnail","6":"product_cat-electro-y-bazar","8":"first","9":"instock","10":"shipping-taxable","11":"purchasable","12":"product-type-simple"},"_links":{"self":[{"href":"https:\/\/disma.ar\/clientes\/wp-json\/wp\/v2\/product\/19963","targetHints":{"allow":["GET"]}}],"collection":[{"href":"https:\/\/disma.ar\/clientes\/wp-json\/wp\/v2\/product"}],"about":[{"href":"https:\/\/disma.ar\/clientes\/wp-json\/wp\/v2\/types\/product"}],"replies":[{"embeddable":true,"href":"https:\/\/disma.ar\/clientes\/wp-json\/wp\/v2\/comments?post=19963"}],"wp:featuredmedia":[{"embeddable":true,"href":"https:\/\/disma.ar\/clientes\/wp-json\/wp\/v2\/media\/19964"}],"wp:attachment":[{"href":"https:\/\/disma.ar\/clientes\/wp-json\/wp\/v2\/media?parent=19963"}],"wp:term":[{"taxonomy":"product_brand","embeddable":true,"href":"https:\/\/disma.ar\/clientes\/wp-json\/wp\/v2\/product_brand?post=19963"},{"taxonomy":"product_cat","embeddable":true,"href":"https:\/\/disma.ar\/clientes\/wp-json\/wp\/v2\/product_cat?post=19963"},{"taxonomy":"product_tag","embeddable":true,"href":"https:\/\/disma.ar\/clientes\/wp-json\/wp\/v2\/product_tag?post=19963"}],"curies":[{"name":"wp","href":"https:\/\/api.w.org\/{rel}","templated":true}]}}