{"id":19935,"date":"2026-05-06T16:55:04","date_gmt":"2026-05-06T19:55:04","guid":{"rendered":"https:\/\/disma.ar\/clientes\/?post_type=product&#038;p=19935"},"modified":"2026-05-06T17:04:23","modified_gmt":"2026-05-06T20:04:23","slug":"mouse-inalambrico-bluetooth-2-4g-wireless-dpi-1000-1200-1800-yexa-blanco","status":"publish","type":"product","link":"https:\/\/disma.ar\/clientes\/producto\/mouse-inalambrico-bluetooth-2-4g-wireless-dpi-1000-1200-1800-yexa-blanco\/","title":{"rendered":"MOUSE INALAMBRICO BLUETOOTH 2.4G+ WIRELESS DPI 1000\/1200\/1800 YEXA BLANCO"},"content":{"rendered":"<p>Mouse inal\u00e1mbrico vers\u00e1til con doble modo de conexi\u00f3n: Bluetooth y Wireless 2.4G, ideal para trabajar con distintos dispositivos de forma pr\u00e1ctica y sin cables. Incorpora 4 comandos y resoluci\u00f3n ajustable de 1000, 1200 y 1800 DPI, permitiendo adaptar la precisi\u00f3n del cursor seg\u00fan la necesidad, ya sea para tareas de oficina o uso diario m\u00e1s din\u00e1mico.<br \/>\nFunciona con pila AA, ofreciendo hasta 200 horas de autonom\u00eda. Su sistema de activaci\u00f3n al tacto y suspensi\u00f3n autom\u00e1tica tras 60 segundos de inactividad optimiza el consumo de energ\u00eda, garantizando mayor eficiencia y comodidad. Un mouse confiable, funcional y pensado para un uso prolongado.<\/p>\n","protected":false},"excerpt":{"rendered":"<p>YEXA<\/p>\n","protected":false},"featured_media":19936,"comment_status":"closed","ping_status":"closed","template":"","meta":[],"product_brand":[],"product_cat":[318],"product_tag":[],"class_list":{"0":"post-19935","1":"product","2":"type-product","3":"status-publish","4":"has-post-thumbnail","6":"product_cat-mouses-inalambricos","8":"first","9":"instock","10":"shipping-taxable","11":"purchasable","12":"product-type-simple"},"_links":{"self":[{"href":"https:\/\/disma.ar\/clientes\/wp-json\/wp\/v2\/product\/19935","targetHints":{"allow":["GET"]}}],"collection":[{"href":"https:\/\/disma.ar\/clientes\/wp-json\/wp\/v2\/product"}],"about":[{"href":"https:\/\/disma.ar\/clientes\/wp-json\/wp\/v2\/types\/product"}],"replies":[{"embeddable":true,"href":"https:\/\/disma.ar\/clientes\/wp-json\/wp\/v2\/comments?post=19935"}],"wp:featuredmedia":[{"embeddable":true,"href":"https:\/\/disma.ar\/clientes\/wp-json\/wp\/v2\/media\/19936"}],"wp:attachment":[{"href":"https:\/\/disma.ar\/clientes\/wp-json\/wp\/v2\/media?parent=19935"}],"wp:term":[{"taxonomy":"product_brand","embeddable":true,"href":"https:\/\/disma.ar\/clientes\/wp-json\/wp\/v2\/product_brand?post=19935"},{"taxonomy":"product_cat","embeddable":true,"href":"https:\/\/disma.ar\/clientes\/wp-json\/wp\/v2\/product_cat?post=19935"},{"taxonomy":"product_tag","embeddable":true,"href":"https:\/\/disma.ar\/clientes\/wp-json\/wp\/v2\/product_tag?post=19935"}],"curies":[{"name":"wp","href":"https:\/\/api.w.org\/{rel}","templated":true}]}}