{"id":19904,"date":"2026-05-04T16:27:35","date_gmt":"2026-05-04T19:27:35","guid":{"rendered":"https:\/\/disma.ar\/clientes\/?post_type=product&#038;p=19904"},"modified":"2026-05-05T14:06:38","modified_gmt":"2026-05-05T17:06:38","slug":"smart-tv-stick-tv-android-2gb-16gb-dual-band-2-4g-5g-4k-ultra-hd-xaea-z1","status":"publish","type":"product","link":"https:\/\/disma.ar\/clientes\/producto\/smart-tv-stick-tv-android-2gb-16gb-dual-band-2-4g-5g-4k-ultra-hd-xaea-z1\/","title":{"rendered":"SMART TV STICK TV ANDROID 2GB\/ 16GB DUAL BAND 2.4G\/5G 4K ULTRA HD XAEA Z1"},"content":{"rendered":"<p>El TV Stick con Android 15 ofrece un rendimiento \u00e1gil gracias a su procesador ARM Cortex A55 QuadCore y la GPU Mali, G31 MP2, ideal para disfrutar contenido sin interrupciones. Con 2 GB de RAM y 16 GB de almacenamiento, permite instalar apps y navegar con fluidez. Su certificaci\u00f3n Android TV + Netflix HD garantiza acceso oficial y reproducci\u00f3n estable. La conectividad Dual WiFi y Bluetooth mejora la experiencia, junto al control remoto Bluetooth con micr\u00f3fono para b\u00fasquedas por voz. Adem\u00e1s, soporta 4K HDR10+, ofreciendo colores y contraste superiores.<\/p>\n","protected":false},"excerpt":{"rendered":"<p>XAEA<\/p>\n","protected":false},"featured_media":19905,"comment_status":"closed","ping_status":"closed","template":"","meta":[],"product_brand":[],"product_cat":[346],"product_tag":[],"class_list":{"0":"post-19904","1":"product","2":"type-product","3":"status-publish","4":"has-post-thumbnail","6":"product_cat-smart-tv-multimedia-al-tv","8":"first","9":"instock","10":"shipping-taxable","11":"purchasable","12":"product-type-simple"},"_links":{"self":[{"href":"https:\/\/disma.ar\/clientes\/wp-json\/wp\/v2\/product\/19904","targetHints":{"allow":["GET"]}}],"collection":[{"href":"https:\/\/disma.ar\/clientes\/wp-json\/wp\/v2\/product"}],"about":[{"href":"https:\/\/disma.ar\/clientes\/wp-json\/wp\/v2\/types\/product"}],"replies":[{"embeddable":true,"href":"https:\/\/disma.ar\/clientes\/wp-json\/wp\/v2\/comments?post=19904"}],"wp:featuredmedia":[{"embeddable":true,"href":"https:\/\/disma.ar\/clientes\/wp-json\/wp\/v2\/media\/19905"}],"wp:attachment":[{"href":"https:\/\/disma.ar\/clientes\/wp-json\/wp\/v2\/media?parent=19904"}],"wp:term":[{"taxonomy":"product_brand","embeddable":true,"href":"https:\/\/disma.ar\/clientes\/wp-json\/wp\/v2\/product_brand?post=19904"},{"taxonomy":"product_cat","embeddable":true,"href":"https:\/\/disma.ar\/clientes\/wp-json\/wp\/v2\/product_cat?post=19904"},{"taxonomy":"product_tag","embeddable":true,"href":"https:\/\/disma.ar\/clientes\/wp-json\/wp\/v2\/product_tag?post=19904"}],"curies":[{"name":"wp","href":"https:\/\/api.w.org\/{rel}","templated":true}]}}