{"id":19890,"date":"2026-04-30T18:04:51","date_gmt":"2026-04-30T21:04:51","guid":{"rendered":"https:\/\/disma.ar\/clientes\/?post_type=product&#038;p=19890"},"modified":"2026-04-30T18:13:37","modified_gmt":"2026-04-30T21:13:37","slug":"cable-usb-tipo-c-a-usb-tipo-c-1-mt-xaea-athenea-premium-celeste","status":"publish","type":"product","link":"https:\/\/disma.ar\/clientes\/producto\/cable-usb-tipo-c-a-usb-tipo-c-1-mt-xaea-athenea-premium-celeste\/","title":{"rendered":"CABLE USB TIPO C A USB TIPO C 1 MT XAEA ATHENEA PREMIUM CELESTE"},"content":{"rendered":"<p>El cable ATHENEA ha sido dise\u00f1ado para ofrecer una experiencia de carga y transferencia de datos de alto nivel. Su composici\u00f3n 100% cobre garantiza una conductividad \u00f3ptima, menor p\u00e9rdida de energ\u00eda y mayor velocidad de transmisi\u00f3n. Adem\u00e1s, proporciona mayor durabilidad y resistencia al calor, convirti\u00e9ndolo en una opci\u00f3n confiable y segura para el uso diario.<\/p>\n<p>Una de sus caracter\u00edsticas m\u00e1s destacadas es la tecnolog\u00eda Core 5, que representa una estructura interna reforzada con 5 n\u00facleos, optimizando la eficiencia energ\u00e9tica y mejorando el rendimiento general del cable. Esto se traduce en una carga m\u00e1s estable y r\u00e1pida, con menor riesgo de sobrecalentamiento o interferencias.<br \/>\nATHENEA incluye dos opciones de conectividad:<br \/>\nTipo C a Tipo C, ideal para dispositivos Android, laptops y accesorios modernos.<br \/>\nCantidad de hilos 90 \/ Di\u00e1metro 0,1<br \/>\n-Material de hilo 100% cobre<br \/>\n-Cubierta de hilo pl\u00e1stico ign\u00edfugo<br \/>\n-Di\u00e1metro de cable 3,8<br \/>\n-Largo de cable 1 metro<br \/>\n-Material de cable Pl\u00e1stico TPE de doble inyecci\u00f3n<\/p>\n","protected":false},"excerpt":{"rendered":"<p>El cable ATHENEA ha sido dise\u00f1ado para ofrecer una experiencia de carga y transferencia de datos de alto nivel. Su composici\u00f3n 100% cobre garantiza una conductividad \u00f3ptima, menor p\u00e9rdida de energ\u00eda y mayor velocidad de transmisi\u00f3n. Adem\u00e1s, proporciona mayor durabilidad y resistencia al calor, convirti\u00e9ndolo en una opci\u00f3n confiable y segura para el uso diario. [&hellip;]<\/p>\n","protected":false},"featured_media":19891,"comment_status":"closed","ping_status":"closed","template":"","meta":[],"product_brand":[],"product_cat":[330],"product_tag":[],"class_list":{"0":"post-19890","1":"product","2":"type-product","3":"status-publish","4":"has-post-thumbnail","6":"product_cat-cables-celular-datos-audio-video","8":"first","9":"instock","10":"shipping-taxable","11":"purchasable","12":"product-type-simple"},"_links":{"self":[{"href":"https:\/\/disma.ar\/clientes\/wp-json\/wp\/v2\/product\/19890","targetHints":{"allow":["GET"]}}],"collection":[{"href":"https:\/\/disma.ar\/clientes\/wp-json\/wp\/v2\/product"}],"about":[{"href":"https:\/\/disma.ar\/clientes\/wp-json\/wp\/v2\/types\/product"}],"replies":[{"embeddable":true,"href":"https:\/\/disma.ar\/clientes\/wp-json\/wp\/v2\/comments?post=19890"}],"wp:featuredmedia":[{"embeddable":true,"href":"https:\/\/disma.ar\/clientes\/wp-json\/wp\/v2\/media\/19891"}],"wp:attachment":[{"href":"https:\/\/disma.ar\/clientes\/wp-json\/wp\/v2\/media?parent=19890"}],"wp:term":[{"taxonomy":"product_brand","embeddable":true,"href":"https:\/\/disma.ar\/clientes\/wp-json\/wp\/v2\/product_brand?post=19890"},{"taxonomy":"product_cat","embeddable":true,"href":"https:\/\/disma.ar\/clientes\/wp-json\/wp\/v2\/product_cat?post=19890"},{"taxonomy":"product_tag","embeddable":true,"href":"https:\/\/disma.ar\/clientes\/wp-json\/wp\/v2\/product_tag?post=19890"}],"curies":[{"name":"wp","href":"https:\/\/api.w.org\/{rel}","templated":true}]}}