{"id":19879,"date":"2026-04-29T22:22:34","date_gmt":"2026-04-30T01:22:34","guid":{"rendered":"https:\/\/disma.ar\/clientes\/?post_type=product&#038;p=19879"},"modified":"2026-04-29T22:27:36","modified_gmt":"2026-04-30T01:27:36","slug":"auricular-gamer-7-1-skyway-rojo-negro-mic-ficha-usb","status":"publish","type":"product","link":"https:\/\/disma.ar\/clientes\/producto\/auricular-gamer-7-1-skyway-rojo-negro-mic-ficha-usb\/","title":{"rendered":"AURICULAR GAMER 7.1 SKYWAY ROJO\/NEGRO MIC FICHA USB"},"content":{"rendered":"<p>AURICULARES GAMER SKYWAY<br \/>\nAuricular Headset &#8211; Luz Led Retroiluminado<br \/>\nIncluye Micr\u00f3fono<\/p>\n<p>Conexi\u00f3n: USB &#8211; Comando audio y microfono<br \/>\nControl remoto: Comando Audio &#8211; Mix on\/off &#8211; Luz on\/off<\/p>\n<p>Especificaciones T\u00e9cnicas<br \/>\nSonido 7.1 Bass HD<br \/>\nTama\u00f1o Parlante: 40mm<br \/>\nImpedancia: 32oms +-15%<br \/>\nSensibilidad: 110 +-3dB<br \/>\nRango Frecuencia: 20Hz-20kHz<br \/>\nMicr\u00f3fono: 6.0*2.7mm<br \/>\nSensibilidad de Micr\u00f3fono: -38 +-dB<br \/>\nImpedancia de Micr\u00f3fono: 2.2k oms<br \/>\nDirecci\u00f3n: Omni-direccional<br \/>\nLargo de Cable: 2.1 metros<br \/>\nAuricular tipo vincha: Ajustable<\/p>\n","protected":false},"excerpt":{"rendered":"<p>AURICULARES GAMER SKYWAY Auricular Headset &#8211; Luz Led Retroiluminado Incluye Micr\u00f3fono Conexi\u00f3n: USB &#8211; Comando audio y microfono Control remoto: Comando Audio &#8211; Mix on\/off &#8211; Luz on\/off Especificaciones T\u00e9cnicas Sonido 7.1 Bass HD Tama\u00f1o Parlante: 40mm Impedancia: 32oms +-15% Sensibilidad: 110 +-3dB Rango Frecuencia: 20Hz-20kHz Micr\u00f3fono: 6.0*2.7mm Sensibilidad de Micr\u00f3fono: -38 +-dB Impedancia de [&hellip;]<\/p>\n","protected":false},"featured_media":19880,"comment_status":"closed","ping_status":"closed","template":"","meta":[],"product_brand":[],"product_cat":[117,123],"product_tag":[],"class_list":{"0":"post-19879","1":"product","2":"type-product","3":"status-publish","4":"has-post-thumbnail","6":"product_cat-auricular-gammer","7":"product_cat-auriculares-pc-usb-con-mic","9":"first","10":"instock","11":"shipping-taxable","12":"purchasable","13":"product-type-simple"},"_links":{"self":[{"href":"https:\/\/disma.ar\/clientes\/wp-json\/wp\/v2\/product\/19879","targetHints":{"allow":["GET"]}}],"collection":[{"href":"https:\/\/disma.ar\/clientes\/wp-json\/wp\/v2\/product"}],"about":[{"href":"https:\/\/disma.ar\/clientes\/wp-json\/wp\/v2\/types\/product"}],"replies":[{"embeddable":true,"href":"https:\/\/disma.ar\/clientes\/wp-json\/wp\/v2\/comments?post=19879"}],"wp:featuredmedia":[{"embeddable":true,"href":"https:\/\/disma.ar\/clientes\/wp-json\/wp\/v2\/media\/19880"}],"wp:attachment":[{"href":"https:\/\/disma.ar\/clientes\/wp-json\/wp\/v2\/media?parent=19879"}],"wp:term":[{"taxonomy":"product_brand","embeddable":true,"href":"https:\/\/disma.ar\/clientes\/wp-json\/wp\/v2\/product_brand?post=19879"},{"taxonomy":"product_cat","embeddable":true,"href":"https:\/\/disma.ar\/clientes\/wp-json\/wp\/v2\/product_cat?post=19879"},{"taxonomy":"product_tag","embeddable":true,"href":"https:\/\/disma.ar\/clientes\/wp-json\/wp\/v2\/product_tag?post=19879"}],"curies":[{"name":"wp","href":"https:\/\/api.w.org\/{rel}","templated":true}]}}