{"id":19863,"date":"2026-04-28T12:56:08","date_gmt":"2026-04-28T15:56:08","guid":{"rendered":"https:\/\/disma.ar\/clientes\/?post_type=product&#038;p=19863"},"modified":"2026-04-28T14:47:37","modified_gmt":"2026-04-28T17:47:37","slug":"adaptador-cabezal-rotula-rosca-universal-para-soporte-y-tripode","status":"publish","type":"product","link":"https:\/\/disma.ar\/clientes\/producto\/adaptador-cabezal-rotula-rosca-universal-para-soporte-y-tripode\/","title":{"rendered":"ADAPTADOR CABEZAL ROTULA ROSCA UNIVERSAL PARA SOPORTE Y TRIPODE"},"content":{"rendered":"<p>R\u00f3tula con rosca universal 1\/4&#8221; para tr\u00edpodes y aros de luz<\/p>\n<p>Cabezal esf\u00e9rico puede sujetar firmemente la c\u00e1mara al tr\u00edpode para filmar o disparar con diferentes \u00e1ngulos, menos rigidez y m\u00e1s flexibilidad.<\/p>\n<p>Posee un soporte acolchado de goma con un tornillo de 1\/4 para proteger su c\u00e1mara de posibles raspaduras entre su c\u00e1mara y la parte de montaje<br \/>\nCARACTER\u00cdSTICAS:<br \/>\n\u2022 Conexi\u00f3n inferior: rosca hembra 1\/4&#8221; (standard en tr\u00edpodes de fotograf\u00eda)<br \/>\n\u2022 Capacidad de carga hasta un total de 2 Kg<br \/>\n\u2022 Modelo: Cabezal Bola<\/p>\n","protected":false},"excerpt":{"rendered":"<p>R\u00f3tula con rosca universal 1\/4&#8221; para tr\u00edpodes y aros de luz Cabezal esf\u00e9rico puede sujetar firmemente la c\u00e1mara al tr\u00edpode para filmar o disparar con diferentes \u00e1ngulos, menos rigidez y m\u00e1s flexibilidad. Posee un soporte acolchado de goma con un tornillo de 1\/4 para proteger su c\u00e1mara de posibles raspaduras entre su c\u00e1mara y la [&hellip;]<\/p>\n","protected":false},"featured_media":19864,"comment_status":"closed","ping_status":"closed","template":"","meta":[],"product_brand":[],"product_cat":[334],"product_tag":[],"class_list":{"0":"post-19863","1":"product","2":"type-product","3":"status-publish","4":"has-post-thumbnail","6":"product_cat-tripodes-monopies","8":"first","9":"instock","10":"shipping-taxable","11":"purchasable","12":"product-type-simple"},"_links":{"self":[{"href":"https:\/\/disma.ar\/clientes\/wp-json\/wp\/v2\/product\/19863","targetHints":{"allow":["GET"]}}],"collection":[{"href":"https:\/\/disma.ar\/clientes\/wp-json\/wp\/v2\/product"}],"about":[{"href":"https:\/\/disma.ar\/clientes\/wp-json\/wp\/v2\/types\/product"}],"replies":[{"embeddable":true,"href":"https:\/\/disma.ar\/clientes\/wp-json\/wp\/v2\/comments?post=19863"}],"wp:featuredmedia":[{"embeddable":true,"href":"https:\/\/disma.ar\/clientes\/wp-json\/wp\/v2\/media\/19864"}],"wp:attachment":[{"href":"https:\/\/disma.ar\/clientes\/wp-json\/wp\/v2\/media?parent=19863"}],"wp:term":[{"taxonomy":"product_brand","embeddable":true,"href":"https:\/\/disma.ar\/clientes\/wp-json\/wp\/v2\/product_brand?post=19863"},{"taxonomy":"product_cat","embeddable":true,"href":"https:\/\/disma.ar\/clientes\/wp-json\/wp\/v2\/product_cat?post=19863"},{"taxonomy":"product_tag","embeddable":true,"href":"https:\/\/disma.ar\/clientes\/wp-json\/wp\/v2\/product_tag?post=19863"}],"curies":[{"name":"wp","href":"https:\/\/api.w.org\/{rel}","templated":true}]}}