{"id":19861,"date":"2026-04-28T12:28:10","date_gmt":"2026-04-28T15:28:10","guid":{"rendered":"https:\/\/disma.ar\/clientes\/?post_type=product&#038;p=19861"},"modified":"2026-04-28T12:57:38","modified_gmt":"2026-04-28T15:57:38","slug":"soporte-adaptador-de-celular-a-tripode-monopie-rosca-universal-expandible-10cm","status":"publish","type":"product","link":"https:\/\/disma.ar\/clientes\/producto\/soporte-adaptador-de-celular-a-tripode-monopie-rosca-universal-expandible-10cm\/","title":{"rendered":"SOPORTE ADAPTADOR DE CELULAR A TRIPODE MONOPIE ROSCA UNIVERSAL EXPANDIBLE 10CM"},"content":{"rendered":"<p>Adaptador Para Celular a Tripode Monopod<\/p>\n<p>Este adaptador de celulares para tripodes le permitir\u00e1 al fot\u00f3grafo de todos los niveles capturar fotograf\u00edas estables y sin movimiento con su celular.<\/p>\n<p>Caracter\u00edsticas:<br \/>\n\u2022 Adaptable a monopod y tr\u00edpode de diferentes tama\u00f1os.<\/p>\n","protected":false},"excerpt":{"rendered":"<p>Adaptador Para Celular a Tripode Monopod Este adaptador de celulares para tripodes le permitir\u00e1 al fot\u00f3grafo de todos los niveles capturar fotograf\u00edas estables y sin movimiento con su celular. Caracter\u00edsticas: \u2022 Adaptable a monopod y tr\u00edpode de diferentes tama\u00f1os.<\/p>\n","protected":false},"featured_media":19862,"comment_status":"closed","ping_status":"closed","template":"","meta":[],"product_brand":[],"product_cat":[334],"product_tag":[],"class_list":{"0":"post-19861","1":"product","2":"type-product","3":"status-publish","4":"has-post-thumbnail","6":"product_cat-tripodes-monopies","8":"first","9":"instock","10":"shipping-taxable","11":"purchasable","12":"product-type-simple"},"_links":{"self":[{"href":"https:\/\/disma.ar\/clientes\/wp-json\/wp\/v2\/product\/19861","targetHints":{"allow":["GET"]}}],"collection":[{"href":"https:\/\/disma.ar\/clientes\/wp-json\/wp\/v2\/product"}],"about":[{"href":"https:\/\/disma.ar\/clientes\/wp-json\/wp\/v2\/types\/product"}],"replies":[{"embeddable":true,"href":"https:\/\/disma.ar\/clientes\/wp-json\/wp\/v2\/comments?post=19861"}],"wp:featuredmedia":[{"embeddable":true,"href":"https:\/\/disma.ar\/clientes\/wp-json\/wp\/v2\/media\/19862"}],"wp:attachment":[{"href":"https:\/\/disma.ar\/clientes\/wp-json\/wp\/v2\/media?parent=19861"}],"wp:term":[{"taxonomy":"product_brand","embeddable":true,"href":"https:\/\/disma.ar\/clientes\/wp-json\/wp\/v2\/product_brand?post=19861"},{"taxonomy":"product_cat","embeddable":true,"href":"https:\/\/disma.ar\/clientes\/wp-json\/wp\/v2\/product_cat?post=19861"},{"taxonomy":"product_tag","embeddable":true,"href":"https:\/\/disma.ar\/clientes\/wp-json\/wp\/v2\/product_tag?post=19861"}],"curies":[{"name":"wp","href":"https:\/\/api.w.org\/{rel}","templated":true}]}}