{"id":19836,"date":"2026-04-24T16:51:04","date_gmt":"2026-04-24T19:51:04","guid":{"rendered":"https:\/\/disma.ar\/clientes\/?post_type=product&#038;p=19836"},"modified":"2026-04-27T13:27:26","modified_gmt":"2026-04-27T16:27:26","slug":"soporte-tv-led-lcd-brazo-doble-extensible-26-a-55-inclinacion-giro-120o-aitech-hasta-35kg","status":"publish","type":"product","link":"https:\/\/disma.ar\/clientes\/producto\/soporte-tv-led-lcd-brazo-doble-extensible-26-a-55-inclinacion-giro-120o-aitech-hasta-35kg\/","title":{"rendered":"SOPORTE TV LED LCD BRAZO DOBLE EXTENSIBLE 26&#8243; A 55&#8243; INCLINACION GIRO 120\u00ba AITECH HASTA 35KG"},"content":{"rendered":"<p>Marca: Aitech<br \/>\nTipo: Soporte extensible para TV<br \/>\nCompatibilidad: 26\u201d a 55\u201d<br \/>\nCapacidad de carga: hasta 35 kg<br \/>\nBrazo extensible (acerca\/aleja la TV)<br \/>\nInclinaci\u00f3n y giro para mejor \u00e1ngulo de visi\u00f3n<br \/>\nCompatible con VESA UNIVERSAL<br \/>\nEstructura met\u00e1lica resistente<br \/>\nInstalaci\u00f3n segura y estable<br \/>\nColor: Negro<\/p>\n","protected":false},"excerpt":{"rendered":"<p>Marca: Aitech Tipo: Soporte extensible para TV Compatibilidad: 26\u201d a 55\u201d Capacidad de carga: hasta 35 kg Brazo extensible (acerca\/aleja la TV) Inclinaci\u00f3n y giro para mejor \u00e1ngulo de visi\u00f3n Compatible con VESA UNIVERSAL Estructura met\u00e1lica resistente Instalaci\u00f3n segura y estable Color: Negro<\/p>\n","protected":false},"featured_media":19837,"comment_status":"closed","ping_status":"closed","template":"","meta":[],"product_brand":[],"product_cat":[311],"product_tag":[],"class_list":{"0":"post-19836","1":"product","2":"type-product","3":"status-publish","4":"has-post-thumbnail","6":"product_cat-soportes-lcd-moviles","8":"first","9":"instock","10":"shipping-taxable","11":"purchasable","12":"product-type-simple"},"_links":{"self":[{"href":"https:\/\/disma.ar\/clientes\/wp-json\/wp\/v2\/product\/19836","targetHints":{"allow":["GET"]}}],"collection":[{"href":"https:\/\/disma.ar\/clientes\/wp-json\/wp\/v2\/product"}],"about":[{"href":"https:\/\/disma.ar\/clientes\/wp-json\/wp\/v2\/types\/product"}],"replies":[{"embeddable":true,"href":"https:\/\/disma.ar\/clientes\/wp-json\/wp\/v2\/comments?post=19836"}],"wp:featuredmedia":[{"embeddable":true,"href":"https:\/\/disma.ar\/clientes\/wp-json\/wp\/v2\/media\/19837"}],"wp:attachment":[{"href":"https:\/\/disma.ar\/clientes\/wp-json\/wp\/v2\/media?parent=19836"}],"wp:term":[{"taxonomy":"product_brand","embeddable":true,"href":"https:\/\/disma.ar\/clientes\/wp-json\/wp\/v2\/product_brand?post=19836"},{"taxonomy":"product_cat","embeddable":true,"href":"https:\/\/disma.ar\/clientes\/wp-json\/wp\/v2\/product_cat?post=19836"},{"taxonomy":"product_tag","embeddable":true,"href":"https:\/\/disma.ar\/clientes\/wp-json\/wp\/v2\/product_tag?post=19836"}],"curies":[{"name":"wp","href":"https:\/\/api.w.org\/{rel}","templated":true}]}}