{"id":19834,"date":"2026-04-24T16:43:38","date_gmt":"2026-04-24T19:43:38","guid":{"rendered":"https:\/\/disma.ar\/clientes\/?post_type=product&#038;p=19834"},"modified":"2026-04-24T17:00:22","modified_gmt":"2026-04-24T20:00:22","slug":"soporte-fijo-tv-led-lcd-15-a-42-40kg-inclinacion-5-15o-aitech","status":"publish","type":"product","link":"https:\/\/disma.ar\/clientes\/producto\/soporte-fijo-tv-led-lcd-15-a-42-40kg-inclinacion-5-15o-aitech\/","title":{"rendered":"SOPORTE FIJO TV LED LCD 15&#8243; A 42&#8243; 40KG INCLINACION -5 \/ +15\u00ba AITECH"},"content":{"rendered":"<p>CARACTER\u00cdSTICAS PRINCIPALES<br \/>\n&#8211; Compatible con TV y monitores de 15 a 42 pulgadas<br \/>\n&#8211; Capacidad m\u00e1xima de carga: 40kg<br \/>\n&#8211; Compatible con est\u00e1ndar VESA universal<br \/>\n&#8211; Dise\u00f1o de bajo perfil, mantiene el TV cerca de la pared<br \/>\n&#8211; Inclinaci\u00f3n ajustable para mejor \u00e1ngulo de visi\u00f3n<br \/>\n&#8211; Fabricado en acero resistente y duradero<br \/>\n&#8211; Instalaci\u00f3n sencilla con torniller\u00eda incluida<br \/>\n&#8211; Compatible con LCD, LED y Smart TV<br \/>\n&#8211; Color negro, discreto y elegante<\/p>\n","protected":false},"excerpt":{"rendered":"<p>CARACTER\u00cdSTICAS PRINCIPALES &#8211; Compatible con TV y monitores de 15 a 42 pulgadas &#8211; Capacidad m\u00e1xima de carga: 40kg &#8211; Compatible con est\u00e1ndar VESA universal &#8211; Dise\u00f1o de bajo perfil, mantiene el TV cerca de la pared &#8211; Inclinaci\u00f3n ajustable para mejor \u00e1ngulo de visi\u00f3n &#8211; Fabricado en acero resistente y duradero &#8211; Instalaci\u00f3n sencilla [&hellip;]<\/p>\n","protected":false},"featured_media":19835,"comment_status":"closed","ping_status":"closed","template":"","meta":[],"product_brand":[],"product_cat":[310],"product_tag":[],"class_list":{"0":"post-19834","1":"product","2":"type-product","3":"status-publish","4":"has-post-thumbnail","6":"product_cat-soportes-lcd-fijos","8":"first","9":"instock","10":"shipping-taxable","11":"purchasable","12":"product-type-simple"},"_links":{"self":[{"href":"https:\/\/disma.ar\/clientes\/wp-json\/wp\/v2\/product\/19834","targetHints":{"allow":["GET"]}}],"collection":[{"href":"https:\/\/disma.ar\/clientes\/wp-json\/wp\/v2\/product"}],"about":[{"href":"https:\/\/disma.ar\/clientes\/wp-json\/wp\/v2\/types\/product"}],"replies":[{"embeddable":true,"href":"https:\/\/disma.ar\/clientes\/wp-json\/wp\/v2\/comments?post=19834"}],"wp:featuredmedia":[{"embeddable":true,"href":"https:\/\/disma.ar\/clientes\/wp-json\/wp\/v2\/media\/19835"}],"wp:attachment":[{"href":"https:\/\/disma.ar\/clientes\/wp-json\/wp\/v2\/media?parent=19834"}],"wp:term":[{"taxonomy":"product_brand","embeddable":true,"href":"https:\/\/disma.ar\/clientes\/wp-json\/wp\/v2\/product_brand?post=19834"},{"taxonomy":"product_cat","embeddable":true,"href":"https:\/\/disma.ar\/clientes\/wp-json\/wp\/v2\/product_cat?post=19834"},{"taxonomy":"product_tag","embeddable":true,"href":"https:\/\/disma.ar\/clientes\/wp-json\/wp\/v2\/product_tag?post=19834"}],"curies":[{"name":"wp","href":"https:\/\/api.w.org\/{rel}","templated":true}]}}