{"id":19831,"date":"2026-04-24T16:29:25","date_gmt":"2026-04-24T19:29:25","guid":{"rendered":"https:\/\/disma.ar\/clientes\/?post_type=product&#038;p=19831"},"modified":"2026-04-24T17:00:22","modified_gmt":"2026-04-24T20:00:22","slug":"soporte-fijo-tv-led-lcd-32-a-70-40kg-inclinacion-5-5o-aitech-incluye-nivel","status":"publish","type":"product","link":"https:\/\/disma.ar\/clientes\/producto\/soporte-fijo-tv-led-lcd-32-a-70-40kg-inclinacion-5-5o-aitech-incluye-nivel\/","title":{"rendered":"SOPORTE FIJO TV LED LCD 32&#8243; A 70&#8243; 40KG INCLINACION -5 \/ +5\u00ba AITECH INCLUYE NIVEL"},"content":{"rendered":"<p>Marca: Aitech<br \/>\nTipo: Soporte ajustable para TV<br \/>\nCompatibilidad: 32\u201d a 70\u201d<br \/>\nCapacidad de carga: hasta 40 kg<br \/>\nInclinaci\u00f3n ajustable para mejor \u00e1ngulo de visi\u00f3n<br \/>\nCompatible con VESA<br \/>\nEstructura resistente y segura<br \/>\nF\u00e1cil instalaci\u00f3n<\/p>\n","protected":false},"excerpt":{"rendered":"<p>Marca: Aitech Tipo: Soporte ajustable para TV Compatibilidad: 32\u201d a 70\u201d Capacidad de carga: hasta 40 kg Inclinaci\u00f3n ajustable para mejor \u00e1ngulo de visi\u00f3n Compatible con VESA Estructura resistente y segura F\u00e1cil instalaci\u00f3n<\/p>\n","protected":false},"featured_media":19832,"comment_status":"closed","ping_status":"closed","template":"","meta":[],"product_brand":[],"product_cat":[310],"product_tag":[],"class_list":{"0":"post-19831","1":"product","2":"type-product","3":"status-publish","4":"has-post-thumbnail","6":"product_cat-soportes-lcd-fijos","8":"first","9":"instock","10":"shipping-taxable","11":"purchasable","12":"product-type-simple"},"_links":{"self":[{"href":"https:\/\/disma.ar\/clientes\/wp-json\/wp\/v2\/product\/19831","targetHints":{"allow":["GET"]}}],"collection":[{"href":"https:\/\/disma.ar\/clientes\/wp-json\/wp\/v2\/product"}],"about":[{"href":"https:\/\/disma.ar\/clientes\/wp-json\/wp\/v2\/types\/product"}],"replies":[{"embeddable":true,"href":"https:\/\/disma.ar\/clientes\/wp-json\/wp\/v2\/comments?post=19831"}],"wp:featuredmedia":[{"embeddable":true,"href":"https:\/\/disma.ar\/clientes\/wp-json\/wp\/v2\/media\/19832"}],"wp:attachment":[{"href":"https:\/\/disma.ar\/clientes\/wp-json\/wp\/v2\/media?parent=19831"}],"wp:term":[{"taxonomy":"product_brand","embeddable":true,"href":"https:\/\/disma.ar\/clientes\/wp-json\/wp\/v2\/product_brand?post=19831"},{"taxonomy":"product_cat","embeddable":true,"href":"https:\/\/disma.ar\/clientes\/wp-json\/wp\/v2\/product_cat?post=19831"},{"taxonomy":"product_tag","embeddable":true,"href":"https:\/\/disma.ar\/clientes\/wp-json\/wp\/v2\/product_tag?post=19831"}],"curies":[{"name":"wp","href":"https:\/\/api.w.org\/{rel}","templated":true}]}}