{"id":19763,"date":"2026-04-20T14:58:18","date_gmt":"2026-04-20T17:58:18","guid":{"rendered":"https:\/\/disma.ar\/clientes\/?post_type=product&#038;p=19763"},"modified":"2026-04-27T09:47:22","modified_gmt":"2026-04-27T12:47:22","slug":"luz-bajo-mesada-lampara-metal-4-led-recargable-luz-blanca-y-calida-con-sensor-de-movimiento-60cm","status":"publish","type":"product","link":"https:\/\/disma.ar\/clientes\/producto\/luz-bajo-mesada-lampara-metal-4-led-recargable-luz-blanca-y-calida-con-sensor-de-movimiento-60cm\/","title":{"rendered":"LUZ BAJO MESADA LAMPARA METAL 4 LED RECARGABLE LUZ BLANCA Y CALIDA CON SENSOR DE MOVIMIENTO 60CM"},"content":{"rendered":"<p>L\u00c1MPARA DE INDUCCI\u00d3N INAL\u00c1MBRICA ULTRAFINA: Inducci\u00f3n inteligente, se ilumina inmediatamente cuando la gente viene. 3 modos de trabajo opcionales, modo siempre encendido, modo de inducci\u00f3n durante todo el d\u00eda y modo de sensor nocturno. La luz inal\u00e1mbrica para debajo del gabinete tiene un rango de sensor de 3M y 120\u00b0, y se apaga despu\u00e9s de salir durante 25 segundos.<br \/>\nF\u00c1CIL INSTALACI\u00d3N: Empaque con hoja de hierro magn\u00e9tico, puede pegarlo en cualquier hierro o utilizar la hoja magn\u00e9tica incluida para pegarla en cualquier superficie que no sea de hierro. F\u00e1cil de instalar: pega la hoja magn\u00e9tica en la parte posterior de la luz, y luego retira la pel\u00edcula en la hoja de hierro magn\u00e9tico, alinea la posici\u00f3n de instalaci\u00f3n y pega la luz.<\/p>\n<p>Brillo ajustable y temperatura de 3 colores: la iluminaci\u00f3n debajo del gabinete adopta atenuaci\u00f3n sin pasos, pulsa el bot\u00f3n solar para atenuar o iluminar las luces del armario de acuerdo a tus necesidades. Pulsa brevemente el bot\u00f3n solar eligiendo la temperatura de color, luz c\u00e1lida-3000 K, luz neutra-4000 K y blanco natural: 6000 K.<\/p>\n","protected":false},"excerpt":{"rendered":"<p>L\u00c1MPARA DE INDUCCI\u00d3N INAL\u00c1MBRICA ULTRAFINA: Inducci\u00f3n inteligente, se ilumina inmediatamente cuando la gente viene. 3 modos de trabajo opcionales, modo siempre encendido, modo de inducci\u00f3n durante todo el d\u00eda y modo de sensor nocturno. La luz inal\u00e1mbrica para debajo del gabinete tiene un rango de sensor de 3M y 120\u00b0, y se apaga despu\u00e9s de [&hellip;]<\/p>\n","protected":false},"featured_media":19741,"comment_status":"closed","ping_status":"closed","template":"","meta":[],"product_brand":[],"product_cat":[360,73],"product_tag":[],"class_list":{"0":"post-19763","1":"product","2":"type-product","3":"status-publish","4":"has-post-thumbnail","6":"product_cat-electro-y-bazar","7":"product_cat-iluminacion","9":"first","10":"instock","11":"shipping-taxable","12":"purchasable","13":"product-type-simple"},"_links":{"self":[{"href":"https:\/\/disma.ar\/clientes\/wp-json\/wp\/v2\/product\/19763","targetHints":{"allow":["GET"]}}],"collection":[{"href":"https:\/\/disma.ar\/clientes\/wp-json\/wp\/v2\/product"}],"about":[{"href":"https:\/\/disma.ar\/clientes\/wp-json\/wp\/v2\/types\/product"}],"replies":[{"embeddable":true,"href":"https:\/\/disma.ar\/clientes\/wp-json\/wp\/v2\/comments?post=19763"}],"wp:featuredmedia":[{"embeddable":true,"href":"https:\/\/disma.ar\/clientes\/wp-json\/wp\/v2\/media\/19741"}],"wp:attachment":[{"href":"https:\/\/disma.ar\/clientes\/wp-json\/wp\/v2\/media?parent=19763"}],"wp:term":[{"taxonomy":"product_brand","embeddable":true,"href":"https:\/\/disma.ar\/clientes\/wp-json\/wp\/v2\/product_brand?post=19763"},{"taxonomy":"product_cat","embeddable":true,"href":"https:\/\/disma.ar\/clientes\/wp-json\/wp\/v2\/product_cat?post=19763"},{"taxonomy":"product_tag","embeddable":true,"href":"https:\/\/disma.ar\/clientes\/wp-json\/wp\/v2\/product_tag?post=19763"}],"curies":[{"name":"wp","href":"https:\/\/api.w.org\/{rel}","templated":true}]}}