{"id":19760,"date":"2026-04-20T14:54:41","date_gmt":"2026-04-20T17:54:41","guid":{"rendered":"https:\/\/disma.ar\/clientes\/?post_type=product&#038;p=19760"},"modified":"2026-04-20T15:05:21","modified_gmt":"2026-04-20T18:05:21","slug":"consola-video-juegos-64gb-pantalla-r36s-juegos-retro-con-joystick","status":"publish","type":"product","link":"https:\/\/disma.ar\/clientes\/producto\/consola-video-juegos-64gb-pantalla-r36s-juegos-retro-con-joystick\/","title":{"rendered":"CONSOLA VIDEO JUEGOS 64GB PANTALLA R36S JUEGOS RETRO CON JOYSTICK"},"content":{"rendered":"<p>La consola llevar miles de juegos en tu bolsillo. Con una pantalla IPS de 3.5 pulgadas, vas a disfrutar de colores vibrantes y \u00e1ngulos de visi\u00f3n perfectos desde cualquier lugar.<br \/>\n\u00bfQu\u00e9 incluye esta consola?<br \/>\nViene precargada con m\u00e1s de 15,000 juegos cl\u00e1sicos y soporta m\u00e1s de 20 emuladores populares. Podr\u00e1s jugar t\u00edtulos de:<br \/>\nPlayStation 1 (PS1)<br \/>\nNintendo 64 (N64)<br \/>\nGame Boy Advance \/ Color<br \/>\nSEGA Mega Drive \/ Genesis<br \/>\nSuper Nintendo (SNES) y NES (Family)<br \/>\nMAME \/ Arcade y muchos m\u00e1s.<br \/>\nCaracter\u00edsticas que la hacen \u00fanica:<br \/>\nDoble Joystick Anal\u00f3gico: Estilo moderno para un control preciso en juegos 3D.<br \/>\nSistema de C\u00f3digo Abierto: Basada en Linux , lo que permite una emulaci\u00f3n fluida y personalizable.<br \/>\nDise\u00f1o Ergon\u00f3mico y Compacto: Cabe en tu bolsillo y tiene un acabado premium transparente.<br \/>\nConectividad: Puerto USB-C (carga y OTG) y jack de 3.5mm para auriculares.<br \/>\nConsola R36S Pro (Colores Transparente).<br \/>\nTarjeta MicroSD de 64GB con juegos.<br \/>\nCable de carga USB-C.<\/p>\n","protected":false},"excerpt":{"rendered":"<p>La consola llevar miles de juegos en tu bolsillo. Con una pantalla IPS de 3.5 pulgadas, vas a disfrutar de colores vibrantes y \u00e1ngulos de visi\u00f3n perfectos desde cualquier lugar. \u00bfQu\u00e9 incluye esta consola? Viene precargada con m\u00e1s de 15,000 juegos cl\u00e1sicos y soporta m\u00e1s de 20 emuladores populares. Podr\u00e1s jugar t\u00edtulos de: PlayStation 1 [&hellip;]<\/p>\n","protected":false},"featured_media":19762,"comment_status":"closed","ping_status":"closed","template":"","meta":[],"product_brand":[],"product_cat":[203],"product_tag":[],"class_list":{"0":"post-19760","1":"product","2":"type-product","3":"status-publish","4":"has-post-thumbnail","6":"product_cat-consolas-de-video-juego","8":"first","9":"instock","10":"shipping-taxable","11":"purchasable","12":"product-type-simple"},"_links":{"self":[{"href":"https:\/\/disma.ar\/clientes\/wp-json\/wp\/v2\/product\/19760","targetHints":{"allow":["GET"]}}],"collection":[{"href":"https:\/\/disma.ar\/clientes\/wp-json\/wp\/v2\/product"}],"about":[{"href":"https:\/\/disma.ar\/clientes\/wp-json\/wp\/v2\/types\/product"}],"replies":[{"embeddable":true,"href":"https:\/\/disma.ar\/clientes\/wp-json\/wp\/v2\/comments?post=19760"}],"wp:featuredmedia":[{"embeddable":true,"href":"https:\/\/disma.ar\/clientes\/wp-json\/wp\/v2\/media\/19762"}],"wp:attachment":[{"href":"https:\/\/disma.ar\/clientes\/wp-json\/wp\/v2\/media?parent=19760"}],"wp:term":[{"taxonomy":"product_brand","embeddable":true,"href":"https:\/\/disma.ar\/clientes\/wp-json\/wp\/v2\/product_brand?post=19760"},{"taxonomy":"product_cat","embeddable":true,"href":"https:\/\/disma.ar\/clientes\/wp-json\/wp\/v2\/product_cat?post=19760"},{"taxonomy":"product_tag","embeddable":true,"href":"https:\/\/disma.ar\/clientes\/wp-json\/wp\/v2\/product_tag?post=19760"}],"curies":[{"name":"wp","href":"https:\/\/api.w.org\/{rel}","templated":true}]}}