{"id":19677,"date":"2026-04-13T10:49:21","date_gmt":"2026-04-13T13:49:21","guid":{"rendered":"https:\/\/disma.ar\/clientes\/?post_type=product&#038;p=19677"},"modified":"2026-04-13T10:57:51","modified_gmt":"2026-04-13T13:57:51","slug":"smart-tv-box-8k-ultra-hd-8g128gb-android-15-0-wi-fi-2-4g-5g","status":"publish","type":"product","link":"https:\/\/disma.ar\/clientes\/producto\/smart-tv-box-8k-ultra-hd-8g128gb-android-15-0-wi-fi-2-4g-5g\/","title":{"rendered":"SMART TV BOX 8K ULTRA HD 8G+128GB ANDROID 15.0 Wi-Fi 2.4G + 5G"},"content":{"rendered":"<p>Transforma tu televisor en una experiencia de entretenimiento Ultra HD 8K con el Convertidor TV A Smart TV2026. Disfruta de tus contenidos favoritos en la m\u00e1s alta calidad de imagen y con la potencia de Android 15.0.!<\/p>\n<p>Resoluci\u00f3n: Ultra HD 8K<br \/>\nSistema Operativo: Android 15.0<br \/>\nMemoria: 8GB RAM + 128GB Almacenamiento<br \/>\nFunciones Inteligentes: Compatible con Netflix, Google Assistant, etc.<br \/>\nConectividad: Wi-Fi 2.4G + 5G<br \/>\nIncluye: Control remoto (bater\u00edas AAA no incluidas), Cable HDMI, Adaptador de corriente<br \/>\nCaracter\u00edsticas destacadas:<\/p>\n<p>Experiencia visual inmersiva con resoluci\u00f3n 8K.<br \/>\nNavegaci\u00f3n intuitiva y r\u00e1pida con Android 15.0.<br \/>\nAlmacenamiento amplio para todas tus aplicaciones y archivos.<br \/>\nControl por voz con Google Assistant.<br \/>\nConexi\u00f3n a internet estable y veloz con Wi-Fi dual-band.<br \/>\nF\u00e1cil instalaci\u00f3n y configuraci\u00f3n.<\/p>\n","protected":false},"excerpt":{"rendered":"<p>Transforma tu televisor en una experiencia de entretenimiento Ultra HD 8K con el Convertidor TV A Smart TV2026. Disfruta de tus contenidos favoritos en la m\u00e1s alta calidad de imagen y con la potencia de Android 15.0.! Resoluci\u00f3n: Ultra HD 8K Sistema Operativo: Android 15.0 Memoria: 8GB RAM + 128GB Almacenamiento Funciones Inteligentes: Compatible con [&hellip;]<\/p>\n","protected":false},"featured_media":19678,"comment_status":"closed","ping_status":"closed","template":"","meta":[],"product_brand":[],"product_cat":[394,513,346],"product_tag":[],"class_list":{"0":"post-19677","1":"product","2":"type-product","3":"status-publish","4":"has-post-thumbnail","6":"product_cat-caja-de-sorpresas","7":"product_cat-2-precio-especial-por-cantidad","8":"product_cat-smart-tv-multimedia-al-tv","10":"first","11":"instock","12":"shipping-taxable","13":"purchasable","14":"product-type-simple"},"_links":{"self":[{"href":"https:\/\/disma.ar\/clientes\/wp-json\/wp\/v2\/product\/19677","targetHints":{"allow":["GET"]}}],"collection":[{"href":"https:\/\/disma.ar\/clientes\/wp-json\/wp\/v2\/product"}],"about":[{"href":"https:\/\/disma.ar\/clientes\/wp-json\/wp\/v2\/types\/product"}],"replies":[{"embeddable":true,"href":"https:\/\/disma.ar\/clientes\/wp-json\/wp\/v2\/comments?post=19677"}],"wp:featuredmedia":[{"embeddable":true,"href":"https:\/\/disma.ar\/clientes\/wp-json\/wp\/v2\/media\/19678"}],"wp:attachment":[{"href":"https:\/\/disma.ar\/clientes\/wp-json\/wp\/v2\/media?parent=19677"}],"wp:term":[{"taxonomy":"product_brand","embeddable":true,"href":"https:\/\/disma.ar\/clientes\/wp-json\/wp\/v2\/product_brand?post=19677"},{"taxonomy":"product_cat","embeddable":true,"href":"https:\/\/disma.ar\/clientes\/wp-json\/wp\/v2\/product_cat?post=19677"},{"taxonomy":"product_tag","embeddable":true,"href":"https:\/\/disma.ar\/clientes\/wp-json\/wp\/v2\/product_tag?post=19677"}],"curies":[{"name":"wp","href":"https:\/\/api.w.org\/{rel}","templated":true}]}}