{"id":19653,"date":"2026-04-09T12:00:56","date_gmt":"2026-04-09T15:00:56","guid":{"rendered":"https:\/\/disma.ar\/clientes\/?post_type=product&#038;p=19653"},"modified":"2026-04-10T13:07:17","modified_gmt":"2026-04-10T16:07:17","slug":"walkman-cassette-reproductor-grabador-convertidor-cassette-a-usb-portatil-retro-alimentacion-dual","status":"publish","type":"product","link":"https:\/\/disma.ar\/clientes\/producto\/walkman-cassette-reproductor-grabador-convertidor-cassette-a-usb-portatil-retro-alimentacion-dual\/","title":{"rendered":"WALKMAN CASSETTE REPRODUCTOR GRABADOR CONVERTIDOR A USB MP3 PARLANTE PORTATIL RETRO ALIMENTACION DUAL"},"content":{"rendered":"<p>Grabaci\u00f3n directa por USB, sin necesidad de ordenador: convierte f\u00e1cilmente tus cintas de casete favoritas en archivos MP3 directamente en una unidad flash USB (USB no incluida). No se requiere ordenador ni software.<br \/>\nOpciones de alimentaci\u00f3n duales: este convertidor de casete a MP3 funciona con 2 pilas AA (no incluidas) o mediante el cable USB de 3 V CC incluido, lo que le brinda un uso flexible en casa o fuera de ella.<br \/>\nReproductor de casetes multifuncional: funciona como reproductor de casetes y convertidor de casete a digital. Cuenta con altavoces duales integrados, conector para auriculares de 3,5 mm e incluye auriculares supraaurales para escuchar en privado.<br \/>\nCaracter\u00edsticas cl\u00e1sicas de las cintas con mejoras modernas: disfrute de las funciones de autoretroceso, avance r\u00e1pido y rebobinado, al igual que en un reproductor de casetes port\u00e1til tradicional, ahora con la capacidad de digitalizar y conservar sus recuerdos.<br \/>\nUn regalo pr\u00e1ctico y port\u00e1til: compacto, ligero y con una bolsa de almacenamiento. <\/p>\n","protected":false},"excerpt":{"rendered":"<p>Grabaci\u00f3n directa por USB, sin necesidad de ordenador: convierte f\u00e1cilmente tus cintas de casete favoritas en archivos MP3 directamente en una unidad flash USB (USB no incluida). No se requiere ordenador ni software. Opciones de alimentaci\u00f3n duales: este convertidor de casete a MP3 funciona con 2 pilas AA (no incluidas) o mediante el cable USB [&hellip;]<\/p>\n","protected":false},"featured_media":19654,"comment_status":"closed","ping_status":"closed","template":"","meta":[],"product_brand":[],"product_cat":[357],"product_tag":[],"class_list":{"0":"post-19653","1":"product","2":"type-product","3":"status-publish","4":"has-post-thumbnail","6":"product_cat-reproductor-mp3","8":"first","9":"instock","10":"shipping-taxable","11":"purchasable","12":"product-type-simple"},"_links":{"self":[{"href":"https:\/\/disma.ar\/clientes\/wp-json\/wp\/v2\/product\/19653","targetHints":{"allow":["GET"]}}],"collection":[{"href":"https:\/\/disma.ar\/clientes\/wp-json\/wp\/v2\/product"}],"about":[{"href":"https:\/\/disma.ar\/clientes\/wp-json\/wp\/v2\/types\/product"}],"replies":[{"embeddable":true,"href":"https:\/\/disma.ar\/clientes\/wp-json\/wp\/v2\/comments?post=19653"}],"wp:featuredmedia":[{"embeddable":true,"href":"https:\/\/disma.ar\/clientes\/wp-json\/wp\/v2\/media\/19654"}],"wp:attachment":[{"href":"https:\/\/disma.ar\/clientes\/wp-json\/wp\/v2\/media?parent=19653"}],"wp:term":[{"taxonomy":"product_brand","embeddable":true,"href":"https:\/\/disma.ar\/clientes\/wp-json\/wp\/v2\/product_brand?post=19653"},{"taxonomy":"product_cat","embeddable":true,"href":"https:\/\/disma.ar\/clientes\/wp-json\/wp\/v2\/product_cat?post=19653"},{"taxonomy":"product_tag","embeddable":true,"href":"https:\/\/disma.ar\/clientes\/wp-json\/wp\/v2\/product_tag?post=19653"}],"curies":[{"name":"wp","href":"https:\/\/api.w.org\/{rel}","templated":true}]}}