{"id":19642,"date":"2026-04-07T18:35:46","date_gmt":"2026-04-07T21:35:46","guid":{"rendered":"https:\/\/disma.ar\/clientes\/?post_type=product&#038;p=19642"},"modified":"2026-04-10T17:59:52","modified_gmt":"2026-04-10T20:59:52","slug":"velador-lampara-escritorio-flexible-tactil-luz-blanca-3-nivel-usb-c-ok-t18-okso","status":"publish","type":"product","link":"https:\/\/disma.ar\/clientes\/producto\/velador-lampara-escritorio-flexible-tactil-luz-blanca-3-nivel-usb-c-ok-t18-okso\/","title":{"rendered":"VELADOR LAMPARA ESCRITORIO FLEXIBLE TACTIL LUZ BLANCA 3 NIVEL USB -C OK-T18 OKSO"},"content":{"rendered":"<p>L\u00e1mpara de Escritorio LED Plegable &#8211; La luz perfecta para tu espacio<\/p>\n<p>Mejora tu concentraci\u00f3n y protege tu vista con la l\u00e1mpara de escritorio LED Plegable. Su dise\u00f1o te ofrece la flexibilidad que necesitas para trabajar, estudiar o leer c\u00f3modamente.<\/p>\n<p>Ajusta la intensidad con sus 3 niveles de brillo usando un simple toque en su control t\u00e1ctil . Olv\u00eddate de los \u00e1ngulos inc\u00f3modos; Gracias a su brazo flexible con giro de 360\u00b0 , puedes enfocar la luz con precisi\u00f3n. Se alimenta por USB y tiene una bater\u00eda integrada de 600mAh que la hace port\u00e1til y perfecta para cualquier lugar.<\/p>\n<p>Dale un toque moderno y funcional a tu escritorio con esta l\u00e1mpara que te ofrece la iluminaci\u00f3n ideal en todo momento.<\/p>\n","protected":false},"excerpt":{"rendered":"<p>L\u00e1mpara de Escritorio LED Plegable &#8211; La luz perfecta para tu espacio Mejora tu concentraci\u00f3n y protege tu vista con la l\u00e1mpara de escritorio LED Plegable. Su dise\u00f1o te ofrece la flexibilidad que necesitas para trabajar, estudiar o leer c\u00f3modamente. Ajusta la intensidad con sus 3 niveles de brillo usando un simple toque en su [&hellip;]<\/p>\n","protected":false},"featured_media":19643,"comment_status":"closed","ping_status":"closed","template":"","meta":[],"product_brand":[],"product_cat":[360,254],"product_tag":[],"class_list":{"0":"post-19642","1":"product","2":"type-product","3":"status-publish","4":"has-post-thumbnail","6":"product_cat-electro-y-bazar","7":"product_cat-veladores","9":"first","10":"instock","11":"shipping-taxable","12":"purchasable","13":"product-type-simple"},"_links":{"self":[{"href":"https:\/\/disma.ar\/clientes\/wp-json\/wp\/v2\/product\/19642","targetHints":{"allow":["GET"]}}],"collection":[{"href":"https:\/\/disma.ar\/clientes\/wp-json\/wp\/v2\/product"}],"about":[{"href":"https:\/\/disma.ar\/clientes\/wp-json\/wp\/v2\/types\/product"}],"replies":[{"embeddable":true,"href":"https:\/\/disma.ar\/clientes\/wp-json\/wp\/v2\/comments?post=19642"}],"wp:featuredmedia":[{"embeddable":true,"href":"https:\/\/disma.ar\/clientes\/wp-json\/wp\/v2\/media\/19643"}],"wp:attachment":[{"href":"https:\/\/disma.ar\/clientes\/wp-json\/wp\/v2\/media?parent=19642"}],"wp:term":[{"taxonomy":"product_brand","embeddable":true,"href":"https:\/\/disma.ar\/clientes\/wp-json\/wp\/v2\/product_brand?post=19642"},{"taxonomy":"product_cat","embeddable":true,"href":"https:\/\/disma.ar\/clientes\/wp-json\/wp\/v2\/product_cat?post=19642"},{"taxonomy":"product_tag","embeddable":true,"href":"https:\/\/disma.ar\/clientes\/wp-json\/wp\/v2\/product_tag?post=19642"}],"curies":[{"name":"wp","href":"https:\/\/api.w.org\/{rel}","templated":true}]}}