{"id":19640,"date":"2026-04-07T18:24:18","date_gmt":"2026-04-07T21:24:18","guid":{"rendered":"https:\/\/disma.ar\/clientes\/?post_type=product&#038;p=19640"},"modified":"2026-04-07T18:44:50","modified_gmt":"2026-04-07T21:44:50","slug":"rinonera-impermeable-porta-celular-6-5-llaves-running-1-cierre-celeste","status":"publish","type":"product","link":"https:\/\/disma.ar\/clientes\/producto\/rinonera-impermeable-porta-celular-6-5-llaves-running-1-cierre-celeste\/","title":{"rendered":"RI\u00d1ONERA IMPERMEABLE PORTA CELULAR 6.5 LLAVES RUNNING 1 CIERRE CELESTE"},"content":{"rendered":"<p>Compatible con celulares de hasta 6.5 pulgadas<br \/>\nMaterial waterproof resistente al sudor y salpicaduras<br \/>\nFrente transparente t\u00e1ctil para usar el celular sin sacarlo<br \/>\nCintur\u00f3n ajustable con hebilla de seguridad<br \/>\nSalida para auriculares<br \/>\nDise\u00f1o deportivo, liviano y c\u00f3modo<\/p>\n","protected":false},"excerpt":{"rendered":"<p>Compatible con celulares de hasta 6.5 pulgadas Material waterproof resistente al sudor y salpicaduras Frente transparente t\u00e1ctil para usar el celular sin sacarlo Cintur\u00f3n ajustable con hebilla de seguridad Salida para auriculares Dise\u00f1o deportivo, liviano y c\u00f3modo<\/p>\n","protected":false},"featured_media":19641,"comment_status":"closed","ping_status":"closed","template":"","meta":[],"product_brand":[],"product_cat":[50],"product_tag":[],"class_list":{"0":"post-19640","1":"product","2":"type-product","3":"status-publish","4":"has-post-thumbnail","6":"product_cat-accesorios-celulares","8":"first","9":"instock","10":"shipping-taxable","11":"purchasable","12":"product-type-simple"},"_links":{"self":[{"href":"https:\/\/disma.ar\/clientes\/wp-json\/wp\/v2\/product\/19640","targetHints":{"allow":["GET"]}}],"collection":[{"href":"https:\/\/disma.ar\/clientes\/wp-json\/wp\/v2\/product"}],"about":[{"href":"https:\/\/disma.ar\/clientes\/wp-json\/wp\/v2\/types\/product"}],"replies":[{"embeddable":true,"href":"https:\/\/disma.ar\/clientes\/wp-json\/wp\/v2\/comments?post=19640"}],"wp:featuredmedia":[{"embeddable":true,"href":"https:\/\/disma.ar\/clientes\/wp-json\/wp\/v2\/media\/19641"}],"wp:attachment":[{"href":"https:\/\/disma.ar\/clientes\/wp-json\/wp\/v2\/media?parent=19640"}],"wp:term":[{"taxonomy":"product_brand","embeddable":true,"href":"https:\/\/disma.ar\/clientes\/wp-json\/wp\/v2\/product_brand?post=19640"},{"taxonomy":"product_cat","embeddable":true,"href":"https:\/\/disma.ar\/clientes\/wp-json\/wp\/v2\/product_cat?post=19640"},{"taxonomy":"product_tag","embeddable":true,"href":"https:\/\/disma.ar\/clientes\/wp-json\/wp\/v2\/product_tag?post=19640"}],"curies":[{"name":"wp","href":"https:\/\/api.w.org\/{rel}","templated":true}]}}