{"id":19626,"date":"2026-04-07T15:36:03","date_gmt":"2026-04-07T18:36:03","guid":{"rendered":"https:\/\/disma.ar\/clientes\/?post_type=product&#038;p=19626"},"modified":"2026-04-07T17:32:50","modified_gmt":"2026-04-07T20:32:50","slug":"calculadora-de-mesa-12-digitos-solar-memoria-a-pila-aitech","status":"publish","type":"product","link":"https:\/\/disma.ar\/clientes\/producto\/calculadora-de-mesa-12-digitos-solar-memoria-a-pila-aitech\/","title":{"rendered":"CALCULADORA DE MESA 12 DIGITOS SOLAR MEMORIA A PILA AITECH"},"content":{"rendered":"<p>Pantalla de 12 d\u00edgitos con n\u00fameros grandes<br \/>\nAlimentaci\u00f3n dual: pila AA y panel solar<br \/>\nApagado autom\u00e1tico para ahorro de energ\u00eda<br \/>\nFunci\u00f3n de almacenamiento de resultados<br \/>\nDise\u00f1o compacto y liviano<br \/>\nTeclas c\u00f3modas y de f\u00e1cil uso<br \/>\nMarca: AiTECH<\/p>\n","protected":false},"excerpt":{"rendered":"<p>Pantalla de 12 d\u00edgitos con n\u00fameros grandes Alimentaci\u00f3n dual: pila AA y panel solar Apagado autom\u00e1tico para ahorro de energ\u00eda Funci\u00f3n de almacenamiento de resultados Dise\u00f1o compacto y liviano Teclas c\u00f3modas y de f\u00e1cil uso Marca: AiTECH<\/p>\n","protected":false},"featured_media":19627,"comment_status":"closed","ping_status":"closed","template":"","meta":[],"product_brand":[],"product_cat":[41,163],"product_tag":[],"class_list":{"0":"post-19626","1":"product","2":"type-product","3":"status-publish","4":"has-post-thumbnail","6":"product_cat-calculadoras","7":"product_cat-calculadoras-de-mesa","9":"first","10":"instock","11":"shipping-taxable","12":"purchasable","13":"product-type-simple"},"_links":{"self":[{"href":"https:\/\/disma.ar\/clientes\/wp-json\/wp\/v2\/product\/19626","targetHints":{"allow":["GET"]}}],"collection":[{"href":"https:\/\/disma.ar\/clientes\/wp-json\/wp\/v2\/product"}],"about":[{"href":"https:\/\/disma.ar\/clientes\/wp-json\/wp\/v2\/types\/product"}],"replies":[{"embeddable":true,"href":"https:\/\/disma.ar\/clientes\/wp-json\/wp\/v2\/comments?post=19626"}],"wp:featuredmedia":[{"embeddable":true,"href":"https:\/\/disma.ar\/clientes\/wp-json\/wp\/v2\/media\/19627"}],"wp:attachment":[{"href":"https:\/\/disma.ar\/clientes\/wp-json\/wp\/v2\/media?parent=19626"}],"wp:term":[{"taxonomy":"product_brand","embeddable":true,"href":"https:\/\/disma.ar\/clientes\/wp-json\/wp\/v2\/product_brand?post=19626"},{"taxonomy":"product_cat","embeddable":true,"href":"https:\/\/disma.ar\/clientes\/wp-json\/wp\/v2\/product_cat?post=19626"},{"taxonomy":"product_tag","embeddable":true,"href":"https:\/\/disma.ar\/clientes\/wp-json\/wp\/v2\/product_tag?post=19626"}],"curies":[{"name":"wp","href":"https:\/\/api.w.org\/{rel}","templated":true}]}}