{"id":19624,"date":"2026-04-07T15:30:19","date_gmt":"2026-04-07T18:30:19","guid":{"rendered":"https:\/\/disma.ar\/clientes\/?post_type=product&#038;p=19624"},"modified":"2026-04-07T15:54:50","modified_gmt":"2026-04-07T18:54:50","slug":"calculadora-mini-bolsillo-escolar-8-digitos-solar-y-pila-aitech","status":"publish","type":"product","link":"https:\/\/disma.ar\/clientes\/producto\/calculadora-mini-bolsillo-escolar-8-digitos-solar-y-pila-aitech\/","title":{"rendered":"CALCULADORA MINI BOLSILLO ESCOLAR 8 DIGITOS SOLAR Y PILA AITECH"},"content":{"rendered":"<p>Pantalla de 8 d\u00edgitos para c\u00e1lculos claros y precisos<br \/>\nAlimentaci\u00f3n dual: pila AA y panel solar<br \/>\nApagado autom\u00e1tico para ahorro de energ\u00eda<br \/>\nFunci\u00f3n de almacenamiento de resultados<br \/>\nDise\u00f1o compacto y liviano<br \/>\nF\u00e1cil de transportar y usar<\/p>\n","protected":false},"excerpt":{"rendered":"<p>Pantalla de 8 d\u00edgitos para c\u00e1lculos claros y precisos Alimentaci\u00f3n dual: pila AA y panel solar Apagado autom\u00e1tico para ahorro de energ\u00eda Funci\u00f3n de almacenamiento de resultados Dise\u00f1o compacto y liviano F\u00e1cil de transportar y usar<\/p>\n","protected":false},"featured_media":19625,"comment_status":"closed","ping_status":"closed","template":"","meta":[],"product_brand":[],"product_cat":[41,162],"product_tag":[],"class_list":{"0":"post-19624","1":"product","2":"type-product","3":"status-publish","4":"has-post-thumbnail","6":"product_cat-calculadoras","7":"product_cat-calculadoras-de-bolsillo","9":"first","10":"instock","11":"shipping-taxable","12":"purchasable","13":"product-type-simple"},"_links":{"self":[{"href":"https:\/\/disma.ar\/clientes\/wp-json\/wp\/v2\/product\/19624","targetHints":{"allow":["GET"]}}],"collection":[{"href":"https:\/\/disma.ar\/clientes\/wp-json\/wp\/v2\/product"}],"about":[{"href":"https:\/\/disma.ar\/clientes\/wp-json\/wp\/v2\/types\/product"}],"replies":[{"embeddable":true,"href":"https:\/\/disma.ar\/clientes\/wp-json\/wp\/v2\/comments?post=19624"}],"wp:featuredmedia":[{"embeddable":true,"href":"https:\/\/disma.ar\/clientes\/wp-json\/wp\/v2\/media\/19625"}],"wp:attachment":[{"href":"https:\/\/disma.ar\/clientes\/wp-json\/wp\/v2\/media?parent=19624"}],"wp:term":[{"taxonomy":"product_brand","embeddable":true,"href":"https:\/\/disma.ar\/clientes\/wp-json\/wp\/v2\/product_brand?post=19624"},{"taxonomy":"product_cat","embeddable":true,"href":"https:\/\/disma.ar\/clientes\/wp-json\/wp\/v2\/product_cat?post=19624"},{"taxonomy":"product_tag","embeddable":true,"href":"https:\/\/disma.ar\/clientes\/wp-json\/wp\/v2\/product_tag?post=19624"}],"curies":[{"name":"wp","href":"https:\/\/api.w.org\/{rel}","templated":true}]}}