{"id":19619,"date":"2026-04-07T14:58:21","date_gmt":"2026-04-07T17:58:21","guid":{"rendered":"https:\/\/disma.ar\/clientes\/?post_type=product&#038;p=19619"},"modified":"2026-04-07T15:54:50","modified_gmt":"2026-04-07T18:54:50","slug":"camara-foto-digital-infantil-con-impresora-termica-instantanea-y-funda-celeste","status":"publish","type":"product","link":"https:\/\/disma.ar\/clientes\/producto\/camara-foto-digital-infantil-con-impresora-termica-instantanea-y-funda-celeste\/","title":{"rendered":"CAMARA FOTO DIGITAL INFANTIL CON IMPRESORA TERMICA INSTANTANEA Y FUNDA CELESTE"},"content":{"rendered":"<p>Saca fotos, graba videos y tambi\u00e9n es una mini impresora t\u00e9rmica!!!<br \/>\n-Incluye 2 rollos de papel t\u00e9rmico, correa y cable USB-C.<br \/>\n-Su funda suave de silicona impide golpes en la c\u00e1mara, evitando que se rompa o da\u00f1e.<br \/>\n-Tiene marcos de fotos y filtros que permiten a los ni\u00f1os crear momentos divertidos.<br \/>\n-Solo puede imprimir fotos en blanco y negro al instante. Los archivos de fotos en color se guardan autom\u00e1ticamente en la tarjeta de memoria, puede verificar los archivos en la reproducci\u00f3n de su c\u00e1mara.<br \/>\n-NO cuenta con conectividad bluetooth.<br \/>\n-NO viene con tarjeta de memoria inclu\u00edda.<br \/>\nTAMA\u00d1O DE PANTALLA 2.4<\/p>\n","protected":false},"excerpt":{"rendered":"<p>Saca fotos, graba videos y tambi\u00e9n es una mini impresora t\u00e9rmica!!! -Incluye 2 rollos de papel t\u00e9rmico, correa y cable USB-C. -Su funda suave de silicona impide golpes en la c\u00e1mara, evitando que se rompa o da\u00f1e. -Tiene marcos de fotos y filtros que permiten a los ni\u00f1os crear momentos divertidos. -Solo puede imprimir fotos [&hellip;]<\/p>\n","protected":false},"featured_media":19620,"comment_status":"closed","ping_status":"closed","template":"","meta":[],"product_brand":[],"product_cat":[350],"product_tag":[],"class_list":{"0":"post-19619","1":"product","2":"type-product","3":"status-publish","4":"has-post-thumbnail","6":"product_cat-camara-deportiva","8":"first","9":"instock","10":"shipping-taxable","11":"purchasable","12":"product-type-simple"},"_links":{"self":[{"href":"https:\/\/disma.ar\/clientes\/wp-json\/wp\/v2\/product\/19619","targetHints":{"allow":["GET"]}}],"collection":[{"href":"https:\/\/disma.ar\/clientes\/wp-json\/wp\/v2\/product"}],"about":[{"href":"https:\/\/disma.ar\/clientes\/wp-json\/wp\/v2\/types\/product"}],"replies":[{"embeddable":true,"href":"https:\/\/disma.ar\/clientes\/wp-json\/wp\/v2\/comments?post=19619"}],"wp:featuredmedia":[{"embeddable":true,"href":"https:\/\/disma.ar\/clientes\/wp-json\/wp\/v2\/media\/19620"}],"wp:attachment":[{"href":"https:\/\/disma.ar\/clientes\/wp-json\/wp\/v2\/media?parent=19619"}],"wp:term":[{"taxonomy":"product_brand","embeddable":true,"href":"https:\/\/disma.ar\/clientes\/wp-json\/wp\/v2\/product_brand?post=19619"},{"taxonomy":"product_cat","embeddable":true,"href":"https:\/\/disma.ar\/clientes\/wp-json\/wp\/v2\/product_cat?post=19619"},{"taxonomy":"product_tag","embeddable":true,"href":"https:\/\/disma.ar\/clientes\/wp-json\/wp\/v2\/product_tag?post=19619"}],"curies":[{"name":"wp","href":"https:\/\/api.w.org\/{rel}","templated":true}]}}