{"id":19611,"date":"2026-04-07T11:46:46","date_gmt":"2026-04-07T14:46:46","guid":{"rendered":"https:\/\/disma.ar\/clientes\/?post_type=product&#038;p=19611"},"modified":"2026-04-07T16:57:30","modified_gmt":"2026-04-07T19:57:30","slug":"compresor-de-aire-portatil-a-bateria-digital-auto-moto-bicicletas-pelota-pileta-aitech","status":"publish","type":"product","link":"https:\/\/disma.ar\/clientes\/producto\/compresor-de-aire-portatil-a-bateria-digital-auto-moto-bicicletas-pelota-pileta-aitech\/","title":{"rendered":"COMPRESOR DE AIRE INFLADOR PORTATIL A BATERIA DIGITAL AUTO\/MOTO\/BICICLETAS\/PELOTA\/PILETA AITECH"},"content":{"rendered":"<p>Marca: AiTECH<br \/>\nTipo: Mini compresor de aire port\u00e1til<br \/>\nAlimentaci\u00f3n 220V<br \/>\nSistema recargable<br \/>\nDise\u00f1o compacto y liviano<br \/>\nF\u00e1cil de usar y transportar<br \/>\nUso pr\u00e1ctico en m\u00faltiples situaciones<br \/>\nIdeal para inflado r\u00e1pido<br \/>\nEl mini compresor de aire port\u00e1til AiTECH es una herramienta pr\u00e1ctica y vers\u00e1til para inflar neum\u00e1ticos e inflables de forma r\u00e1pida y c\u00f3moda. Gracias a su funcionamiento recargable y alimentaci\u00f3n 220V, ofrece un uso flexible tanto en el hogar como en viajes.<\/p>\n<p>Su dise\u00f1o compacto y port\u00e1til permite transportarlo f\u00e1cilmente y guardarlo sin ocupar espacio. Ideal para emergencias, mantenimiento diario y tareas r\u00e1pidas de inflado<\/p>\n","protected":false},"excerpt":{"rendered":"<p>Marca: AiTECH Tipo: Mini compresor de aire port\u00e1til Alimentaci\u00f3n 220V Sistema recargable Dise\u00f1o compacto y liviano F\u00e1cil de usar y transportar Uso pr\u00e1ctico en m\u00faltiples situaciones Ideal para inflado r\u00e1pido El mini compresor de aire port\u00e1til AiTECH es una herramienta pr\u00e1ctica y vers\u00e1til para inflar neum\u00e1ticos e inflables de forma r\u00e1pida y c\u00f3moda. Gracias a [&hellip;]<\/p>\n","protected":false},"featured_media":19612,"comment_status":"closed","ping_status":"closed","template":"","meta":[],"product_brand":[],"product_cat":[177],"product_tag":[],"class_list":{"0":"post-19611","1":"product","2":"type-product","3":"status-publish","4":"has-post-thumbnail","6":"product_cat-compresores-de-aire","8":"first","9":"instock","10":"shipping-taxable","11":"purchasable","12":"product-type-simple"},"_links":{"self":[{"href":"https:\/\/disma.ar\/clientes\/wp-json\/wp\/v2\/product\/19611","targetHints":{"allow":["GET"]}}],"collection":[{"href":"https:\/\/disma.ar\/clientes\/wp-json\/wp\/v2\/product"}],"about":[{"href":"https:\/\/disma.ar\/clientes\/wp-json\/wp\/v2\/types\/product"}],"replies":[{"embeddable":true,"href":"https:\/\/disma.ar\/clientes\/wp-json\/wp\/v2\/comments?post=19611"}],"wp:featuredmedia":[{"embeddable":true,"href":"https:\/\/disma.ar\/clientes\/wp-json\/wp\/v2\/media\/19612"}],"wp:attachment":[{"href":"https:\/\/disma.ar\/clientes\/wp-json\/wp\/v2\/media?parent=19611"}],"wp:term":[{"taxonomy":"product_brand","embeddable":true,"href":"https:\/\/disma.ar\/clientes\/wp-json\/wp\/v2\/product_brand?post=19611"},{"taxonomy":"product_cat","embeddable":true,"href":"https:\/\/disma.ar\/clientes\/wp-json\/wp\/v2\/product_cat?post=19611"},{"taxonomy":"product_tag","embeddable":true,"href":"https:\/\/disma.ar\/clientes\/wp-json\/wp\/v2\/product_tag?post=19611"}],"curies":[{"name":"wp","href":"https:\/\/api.w.org\/{rel}","templated":true}]}}