{"id":19597,"date":"2026-04-04T11:31:40","date_gmt":"2026-04-04T14:31:40","guid":{"rendered":"https:\/\/disma.ar\/clientes\/?post_type=product&#038;p=19597"},"modified":"2026-04-04T11:57:07","modified_gmt":"2026-04-04T14:57:07","slug":"mini-parlante-bluetooth-soul-plt-ibear-con-luz-de-color-marron","status":"publish","type":"product","link":"https:\/\/disma.ar\/clientes\/producto\/mini-parlante-bluetooth-soul-plt-ibear-con-luz-de-color-marron\/","title":{"rendered":"MINI PARLANTE BLUETOOTH SOUL PLT-IBEAR CON LUZ DE COLOR MARRON"},"content":{"rendered":"<p>Equipado con tecnolog\u00eda Bluetooth 5.0 para una conexi\u00f3n inal\u00e1mbrica estable y de alta calidad.<br \/>\nRelaci\u00f3n se\u00f1al-ruido superior a 85dB para un sonido claro y sin interferencias.<br \/>\nBater\u00eda de 400 mAh \/ 3,7 V que proporciona hasta 3 horas de uso continuo.<br \/>\nAltavoz de 40mm 4ff que ofrece un sonido potente y n\u00edtido.<br \/>\nPotencia de 3W *1 para un rendimiento de audio \u00f3ptimo.<br \/>\nRango de frecuencia de 100Hz-20KHz para reproducir una amplia variedad de sonidos.<br \/>\nAlimentaci\u00f3n de 5V \/ 500 mAh para un uso seguro y eficiente.<br \/>\nDimensiones compactas de 8cm x 17cm x 8cm para una f\u00e1cil portabilidad.<\/p>\n","protected":false},"excerpt":{"rendered":"<p>Equipado con tecnolog\u00eda Bluetooth 5.0 para una conexi\u00f3n inal\u00e1mbrica estable y de alta calidad. Relaci\u00f3n se\u00f1al-ruido superior a 85dB para un sonido claro y sin interferencias. Bater\u00eda de 400 mAh \/ 3,7 V que proporciona hasta 3 horas de uso continuo. Altavoz de 40mm 4ff que ofrece un sonido potente y n\u00edtido. Potencia de 3W [&hellip;]<\/p>\n","protected":false},"featured_media":19598,"comment_status":"closed","ping_status":"closed","template":"","meta":[],"product_brand":[],"product_cat":[394,78],"product_tag":[],"class_list":{"0":"post-19597","1":"product","2":"type-product","3":"status-publish","4":"has-post-thumbnail","6":"product_cat-caja-de-sorpresas","7":"product_cat-parlantes-bluetooth","9":"first","10":"instock","11":"shipping-taxable","12":"purchasable","13":"product-type-simple"},"_links":{"self":[{"href":"https:\/\/disma.ar\/clientes\/wp-json\/wp\/v2\/product\/19597","targetHints":{"allow":["GET"]}}],"collection":[{"href":"https:\/\/disma.ar\/clientes\/wp-json\/wp\/v2\/product"}],"about":[{"href":"https:\/\/disma.ar\/clientes\/wp-json\/wp\/v2\/types\/product"}],"replies":[{"embeddable":true,"href":"https:\/\/disma.ar\/clientes\/wp-json\/wp\/v2\/comments?post=19597"}],"wp:featuredmedia":[{"embeddable":true,"href":"https:\/\/disma.ar\/clientes\/wp-json\/wp\/v2\/media\/19598"}],"wp:attachment":[{"href":"https:\/\/disma.ar\/clientes\/wp-json\/wp\/v2\/media?parent=19597"}],"wp:term":[{"taxonomy":"product_brand","embeddable":true,"href":"https:\/\/disma.ar\/clientes\/wp-json\/wp\/v2\/product_brand?post=19597"},{"taxonomy":"product_cat","embeddable":true,"href":"https:\/\/disma.ar\/clientes\/wp-json\/wp\/v2\/product_cat?post=19597"},{"taxonomy":"product_tag","embeddable":true,"href":"https:\/\/disma.ar\/clientes\/wp-json\/wp\/v2\/product_tag?post=19597"}],"curies":[{"name":"wp","href":"https:\/\/api.w.org\/{rel}","templated":true}]}}