{"id":19531,"date":"2026-03-23T17:27:06","date_gmt":"2026-03-23T20:27:06","guid":{"rendered":"https:\/\/disma.ar\/clientes\/?post_type=product&#038;p=19531"},"modified":"2026-04-30T10:58:01","modified_gmt":"2026-04-30T13:58:01","slug":"luz-bicicleta-delantera-blanca-fija-intermitente-recargable-v55","status":"publish","type":"product","link":"https:\/\/disma.ar\/clientes\/producto\/luz-bicicleta-delantera-blanca-fija-intermitente-recargable-v55\/","title":{"rendered":"LUZ BICICLETA DELANTERA BLANCA FIJA INTERMITENTE RECARGABLE V55"},"content":{"rendered":"<p>Carga: USB (incluye cable)<\/p>\n<p>Modos de luz: Alta \/ Media \/ Baja \/ Flash<\/p>\n<p>Sensor: Luz + movimiento (seg\u00fan iconograf\u00eda del empaque)<\/p>\n<p>Material: Cuerpo pl\u00e1stico reforzado<\/p>\n<p>Montaje: Soporte de goma\/silicona sin herramientas<\/p>\n","protected":false},"excerpt":{"rendered":"<p>Carga: USB (incluye cable) Modos de luz: Alta \/ Media \/ Baja \/ Flash Sensor: Luz + movimiento (seg\u00fan iconograf\u00eda del empaque) Material: Cuerpo pl\u00e1stico reforzado Montaje: Soporte de goma\/silicona sin herramientas<\/p>\n","protected":false},"featured_media":19532,"comment_status":"closed","ping_status":"closed","template":"","meta":[],"product_brand":[],"product_cat":[20],"product_tag":[],"class_list":{"0":"post-19531","1":"product","2":"type-product","3":"status-publish","4":"has-post-thumbnail","6":"product_cat-accesorios-bicicleta-y-moto","8":"first","9":"instock","10":"shipping-taxable","11":"purchasable","12":"product-type-simple"},"_links":{"self":[{"href":"https:\/\/disma.ar\/clientes\/wp-json\/wp\/v2\/product\/19531","targetHints":{"allow":["GET"]}}],"collection":[{"href":"https:\/\/disma.ar\/clientes\/wp-json\/wp\/v2\/product"}],"about":[{"href":"https:\/\/disma.ar\/clientes\/wp-json\/wp\/v2\/types\/product"}],"replies":[{"embeddable":true,"href":"https:\/\/disma.ar\/clientes\/wp-json\/wp\/v2\/comments?post=19531"}],"wp:featuredmedia":[{"embeddable":true,"href":"https:\/\/disma.ar\/clientes\/wp-json\/wp\/v2\/media\/19532"}],"wp:attachment":[{"href":"https:\/\/disma.ar\/clientes\/wp-json\/wp\/v2\/media?parent=19531"}],"wp:term":[{"taxonomy":"product_brand","embeddable":true,"href":"https:\/\/disma.ar\/clientes\/wp-json\/wp\/v2\/product_brand?post=19531"},{"taxonomy":"product_cat","embeddable":true,"href":"https:\/\/disma.ar\/clientes\/wp-json\/wp\/v2\/product_cat?post=19531"},{"taxonomy":"product_tag","embeddable":true,"href":"https:\/\/disma.ar\/clientes\/wp-json\/wp\/v2\/product_tag?post=19531"}],"curies":[{"name":"wp","href":"https:\/\/api.w.org\/{rel}","templated":true}]}}