{"id":19509,"date":"2026-03-20T15:26:03","date_gmt":"2026-03-20T18:26:03","guid":{"rendered":"https:\/\/disma.ar\/clientes\/?post_type=product&#038;p=19509"},"modified":"2026-04-30T10:57:54","modified_gmt":"2026-04-30T13:57:54","slug":"cable-usb-a-micro-usb-v8-1-metros-flex-blanco","status":"publish","type":"product","link":"https:\/\/disma.ar\/clientes\/producto\/cable-usb-a-micro-usb-v8-1-metros-flex-blanco\/","title":{"rendered":"CABLE USB A MICRO USB V8 1 METROS FLEX BLANCO"},"content":{"rendered":"<p>Su dise\u00f1o plano evita enredos, mientras que sus fichas de PVC y metal garantizan durabilidad. Disponible en negro, blanco y rojo, con 1 metro de longitud, es la elecci\u00f3n ideal para el d\u00eda a d\u00eda.<\/p>\n<p>-HILOS DE COBRE CARGA: 60 HILOS<br \/>\n-GROSOR HDC: 0,08MM<br \/>\n-GROSOR CABLE: PLANO<br \/>\n-LONGITUD CABLE: 1MT<br \/>\n-INYECCION PUNTAS: SIMPLE<br \/>\n-MATERIAL DE FICHA: PVC + METAL<br \/>\n-FICHA PVC: V8<\/p>\n","protected":false},"excerpt":{"rendered":"<p>FLEX<\/p>\n","protected":false},"featured_media":19510,"comment_status":"closed","ping_status":"closed","template":"","meta":[],"product_brand":[],"product_cat":[330],"product_tag":[],"class_list":{"0":"post-19509","1":"product","2":"type-product","3":"status-publish","4":"has-post-thumbnail","6":"product_cat-cables-celular-datos-audio-video","8":"first","9":"instock","10":"shipping-taxable","11":"purchasable","12":"product-type-simple"},"_links":{"self":[{"href":"https:\/\/disma.ar\/clientes\/wp-json\/wp\/v2\/product\/19509","targetHints":{"allow":["GET"]}}],"collection":[{"href":"https:\/\/disma.ar\/clientes\/wp-json\/wp\/v2\/product"}],"about":[{"href":"https:\/\/disma.ar\/clientes\/wp-json\/wp\/v2\/types\/product"}],"replies":[{"embeddable":true,"href":"https:\/\/disma.ar\/clientes\/wp-json\/wp\/v2\/comments?post=19509"}],"wp:featuredmedia":[{"embeddable":true,"href":"https:\/\/disma.ar\/clientes\/wp-json\/wp\/v2\/media\/19510"}],"wp:attachment":[{"href":"https:\/\/disma.ar\/clientes\/wp-json\/wp\/v2\/media?parent=19509"}],"wp:term":[{"taxonomy":"product_brand","embeddable":true,"href":"https:\/\/disma.ar\/clientes\/wp-json\/wp\/v2\/product_brand?post=19509"},{"taxonomy":"product_cat","embeddable":true,"href":"https:\/\/disma.ar\/clientes\/wp-json\/wp\/v2\/product_cat?post=19509"},{"taxonomy":"product_tag","embeddable":true,"href":"https:\/\/disma.ar\/clientes\/wp-json\/wp\/v2\/product_tag?post=19509"}],"curies":[{"name":"wp","href":"https:\/\/api.w.org\/{rel}","templated":true}]}}