{"id":19468,"date":"2026-03-19T11:01:05","date_gmt":"2026-03-19T14:01:05","guid":{"rendered":"https:\/\/disma.ar\/clientes\/?post_type=product&#038;p=19468"},"modified":"2026-04-30T10:57:39","modified_gmt":"2026-04-30T13:57:39","slug":"soporte-monitor-hidraulico-17-a-32-rotacion-180-grados-75x75-y-100-x-100-vesa","status":"publish","type":"product","link":"https:\/\/disma.ar\/clientes\/producto\/soporte-monitor-hidraulico-17-a-32-rotacion-180-grados-75x75-y-100-x-100-vesa\/","title":{"rendered":"SOPORTE MONITOR HIDRAULICO 17 A 32&#8243; ROTACION 180 GRADOS 75X75 Y 100 X 100 VESA"},"content":{"rendered":"<p>CARACTER\u00cdSTICAS<br \/>\n\u25cfPatr\u00f3n de agujeros: permite una instalaci\u00f3n f\u00e1cil<br \/>\n\u25cfGesti\u00f3n de Cables Incorporada: para un espacio de trabajo organizado y ordenado<br \/>\n\u25cfDise\u00f1o de Inclinaci\u00f3n Libre: facilita el ajuste hacia adelante o hacia atr\u00e1s para una mejor visualizaci\u00f3n y reducci\u00f3n del deslumbramiento<br \/>\n\u25cfCapacidad Giratoria: para m\u00faltiples \u00e1ngulos de visi\u00f3n de pantalla<br \/>\n\u25cfMecanismo de Tensi\u00f3n de Resorte Incorporado: para ajustes de peso perfectos<br \/>\n\u25cfDos Opciones de Montaje: se incluyen la abrazadera de escritorio y el ojal<br \/>\n\u25cfPlaca VESA Giratoria de 360\u00b0: para una mayor experiencia de visualizaci\u00f3n<br \/>\n\u25cfCantidad de Pantallas: 1<br \/>\n\u25cfCompatibilidad con Interfaces de Montaje VESA: 75&#215;75,100&#215;100<br \/>\n\u25cf\u00c1ngulo de Inclinaci\u00f3n: +90\u00b0~-90\u00b0<br \/>\n\u25cf\u00c1ngulo de Giro: +90\u00b0~-90\u00b0<br \/>\n\u25cfRotaci\u00f3n de Pantalla: +180\u00b0~-180\u00b0<br \/>\n\u25cfSoporta: entre 2 y 9 Kilogramos<br \/>\n\u25cfExtensi\u00f3n Completa del Brazo: 450 mm (17,7&#8243;)<br \/>\n\u25cfDimensiones: 117 x 493 x 564 mm (4,6 x 19,4 x 22,2 pulgadas)<\/p>\n","protected":false},"excerpt":{"rendered":"<p>CARACTER\u00cdSTICAS \u25cfPatr\u00f3n de agujeros: permite una instalaci\u00f3n f\u00e1cil \u25cfGesti\u00f3n de Cables Incorporada: para un espacio de trabajo organizado y ordenado \u25cfDise\u00f1o de Inclinaci\u00f3n Libre: facilita el ajuste hacia adelante o hacia atr\u00e1s para una mejor visualizaci\u00f3n y reducci\u00f3n del deslumbramiento \u25cfCapacidad Giratoria: para m\u00faltiples \u00e1ngulos de visi\u00f3n de pantalla \u25cfMecanismo de Tensi\u00f3n de Resorte Incorporado: [&hellip;]<\/p>\n","protected":false},"featured_media":19469,"comment_status":"closed","ping_status":"closed","template":"","meta":[],"product_brand":[],"product_cat":[311],"product_tag":[],"class_list":{"0":"post-19468","1":"product","2":"type-product","3":"status-publish","4":"has-post-thumbnail","6":"product_cat-soportes-lcd-moviles","8":"first","9":"instock","10":"shipping-taxable","11":"purchasable","12":"product-type-simple"},"_links":{"self":[{"href":"https:\/\/disma.ar\/clientes\/wp-json\/wp\/v2\/product\/19468","targetHints":{"allow":["GET"]}}],"collection":[{"href":"https:\/\/disma.ar\/clientes\/wp-json\/wp\/v2\/product"}],"about":[{"href":"https:\/\/disma.ar\/clientes\/wp-json\/wp\/v2\/types\/product"}],"replies":[{"embeddable":true,"href":"https:\/\/disma.ar\/clientes\/wp-json\/wp\/v2\/comments?post=19468"}],"wp:featuredmedia":[{"embeddable":true,"href":"https:\/\/disma.ar\/clientes\/wp-json\/wp\/v2\/media\/19469"}],"wp:attachment":[{"href":"https:\/\/disma.ar\/clientes\/wp-json\/wp\/v2\/media?parent=19468"}],"wp:term":[{"taxonomy":"product_brand","embeddable":true,"href":"https:\/\/disma.ar\/clientes\/wp-json\/wp\/v2\/product_brand?post=19468"},{"taxonomy":"product_cat","embeddable":true,"href":"https:\/\/disma.ar\/clientes\/wp-json\/wp\/v2\/product_cat?post=19468"},{"taxonomy":"product_tag","embeddable":true,"href":"https:\/\/disma.ar\/clientes\/wp-json\/wp\/v2\/product_tag?post=19468"}],"curies":[{"name":"wp","href":"https:\/\/api.w.org\/{rel}","templated":true}]}}