{"id":19452,"date":"2026-03-18T18:13:51","date_gmt":"2026-03-18T21:13:51","guid":{"rendered":"https:\/\/disma.ar\/clientes\/?post_type=product&#038;p=19452"},"modified":"2026-05-05T11:36:38","modified_gmt":"2026-05-05T14:36:38","slug":"fuente-switching-alimentacion-12v-2amp-5-5x2-1mm-arris","status":"publish","type":"product","link":"https:\/\/disma.ar\/clientes\/producto\/fuente-switching-alimentacion-12v-2amp-5-5x2-1mm-arris\/","title":{"rendered":"FUENTE SWITCHING ALIMENTACION 12V 2AMP 5.5X2.1MM ARRIS"},"content":{"rendered":"<p>Transformador Fuente 12v &#8211; 2A &#8211; Alta compatibilidad con m\u00faltiples dispositivos<\/p>\n<p>Especificaciones:<br \/>\nFusible interno Electr\u00f3nico que evita la sobrecarga de la Fuente.<br \/>\nEntrada:100-240V Autom\u00e1tica 50\/60 Hz.0.3A<br \/>\nCarcasa Ign\u00edfuga.<br \/>\nConector: 5.5 x 2.1 mm.<br \/>\nVoltaje de Salida: 12V-2A<br \/>\nLongitud del cable: 90 cm.<br \/>\nIncluye cable interlock de conexi\u00f3n a corriente 220V<\/p>\n","protected":false},"excerpt":{"rendered":"<p>Transformador Fuente 12v &#8211; 2A &#8211; Alta compatibilidad con m\u00faltiples dispositivos Especificaciones: Fusible interno Electr\u00f3nico que evita la sobrecarga de la Fuente. Entrada:100-240V Autom\u00e1tica 50\/60 Hz.0.3A Carcasa Ign\u00edfuga. Conector: 5.5 x 2.1 mm. Voltaje de Salida: 12V-2A Longitud del cable: 90 cm. Incluye cable interlock de conexi\u00f3n a corriente 220V<\/p>\n","protected":false},"featured_media":19453,"comment_status":"closed","ping_status":"closed","template":"","meta":[],"product_brand":[],"product_cat":[208,211],"product_tag":[],"class_list":{"0":"post-19452","1":"product","2":"type-product","3":"status-publish","4":"has-post-thumbnail","6":"product_cat-fuentes-alimentacion","7":"product_cat-fuentes-switching","9":"first","10":"instock","11":"shipping-taxable","12":"purchasable","13":"product-type-simple"},"_links":{"self":[{"href":"https:\/\/disma.ar\/clientes\/wp-json\/wp\/v2\/product\/19452","targetHints":{"allow":["GET"]}}],"collection":[{"href":"https:\/\/disma.ar\/clientes\/wp-json\/wp\/v2\/product"}],"about":[{"href":"https:\/\/disma.ar\/clientes\/wp-json\/wp\/v2\/types\/product"}],"replies":[{"embeddable":true,"href":"https:\/\/disma.ar\/clientes\/wp-json\/wp\/v2\/comments?post=19452"}],"wp:featuredmedia":[{"embeddable":true,"href":"https:\/\/disma.ar\/clientes\/wp-json\/wp\/v2\/media\/19453"}],"wp:attachment":[{"href":"https:\/\/disma.ar\/clientes\/wp-json\/wp\/v2\/media?parent=19452"}],"wp:term":[{"taxonomy":"product_brand","embeddable":true,"href":"https:\/\/disma.ar\/clientes\/wp-json\/wp\/v2\/product_brand?post=19452"},{"taxonomy":"product_cat","embeddable":true,"href":"https:\/\/disma.ar\/clientes\/wp-json\/wp\/v2\/product_cat?post=19452"},{"taxonomy":"product_tag","embeddable":true,"href":"https:\/\/disma.ar\/clientes\/wp-json\/wp\/v2\/product_tag?post=19452"}],"curies":[{"name":"wp","href":"https:\/\/api.w.org\/{rel}","templated":true}]}}