{"id":19443,"date":"2026-03-18T17:22:41","date_gmt":"2026-03-18T20:22:41","guid":{"rendered":"https:\/\/disma.ar\/clientes\/?post_type=product&#038;p=19443"},"modified":"2026-04-30T10:58:27","modified_gmt":"2026-04-30T13:58:27","slug":"adaptador-usb-a-ide-25-e-ide-35-y-sata-incluye-fuente-noga","status":"publish","type":"product","link":"https:\/\/disma.ar\/clientes\/producto\/adaptador-usb-a-ide-25-e-ide-35-y-sata-incluye-fuente-noga\/","title":{"rendered":"ADAPTADOR USB A IDE 2.5 E IDE 3.5 Y SATA INCLUYE FUENTE"},"content":{"rendered":"<p>Este cable es ideal para conectar tus dispositivos de manera f\u00e1cil y sencilla. As\u00ed, podr\u00e1s transferir tus datos en pocos pasos y de manera segura y confiable.<\/p>\n","protected":false},"excerpt":{"rendered":"<p>NOGA<\/p>\n","protected":false},"featured_media":19444,"comment_status":"closed","ping_status":"closed","template":"","meta":[],"product_brand":[],"product_cat":[363],"product_tag":[],"class_list":{"0":"post-19443","1":"product","2":"type-product","3":"status-publish","4":"has-post-thumbnail","6":"product_cat-baterias-cables-plaquetas","8":"first","9":"instock","10":"shipping-taxable","11":"purchasable","12":"product-type-simple"},"_links":{"self":[{"href":"https:\/\/disma.ar\/clientes\/wp-json\/wp\/v2\/product\/19443","targetHints":{"allow":["GET"]}}],"collection":[{"href":"https:\/\/disma.ar\/clientes\/wp-json\/wp\/v2\/product"}],"about":[{"href":"https:\/\/disma.ar\/clientes\/wp-json\/wp\/v2\/types\/product"}],"replies":[{"embeddable":true,"href":"https:\/\/disma.ar\/clientes\/wp-json\/wp\/v2\/comments?post=19443"}],"wp:featuredmedia":[{"embeddable":true,"href":"https:\/\/disma.ar\/clientes\/wp-json\/wp\/v2\/media\/19444"}],"wp:attachment":[{"href":"https:\/\/disma.ar\/clientes\/wp-json\/wp\/v2\/media?parent=19443"}],"wp:term":[{"taxonomy":"product_brand","embeddable":true,"href":"https:\/\/disma.ar\/clientes\/wp-json\/wp\/v2\/product_brand?post=19443"},{"taxonomy":"product_cat","embeddable":true,"href":"https:\/\/disma.ar\/clientes\/wp-json\/wp\/v2\/product_cat?post=19443"},{"taxonomy":"product_tag","embeddable":true,"href":"https:\/\/disma.ar\/clientes\/wp-json\/wp\/v2\/product_tag?post=19443"}],"curies":[{"name":"wp","href":"https:\/\/api.w.org\/{rel}","templated":true}]}}