{"id":19441,"date":"2026-03-18T17:15:38","date_gmt":"2026-03-18T20:15:38","guid":{"rendered":"https:\/\/disma.ar\/clientes\/?post_type=product&#038;p=19441"},"modified":"2026-04-30T10:58:25","modified_gmt":"2026-04-30T13:58:25","slug":"auricular-bluetooth-inalambrico-vincha-aris-asistente-de-voz","status":"publish","type":"product","link":"https:\/\/disma.ar\/clientes\/producto\/auricular-bluetooth-inalambrico-vincha-aris-asistente-de-voz\/","title":{"rendered":"AURICULAR BLUETOOTH INALAMBRICO VINCHA ARIS ASISTENTE DE VOZ"},"content":{"rendered":"<p>Cuenta con conexi\u00f3n bluetooth.<br \/>\nAlcance inal\u00e1mbrico de 10 m.<br \/>\nLa duraci\u00f3n m\u00e1xima de la bater\u00eda es 4 h.<br \/>\nAsistente de voz integrado: Siri.<br \/>\nCon micr\u00f3fono incorporado.<br \/>\nResistentes al polvo.<br \/>\nEl largo del cable es de 1.5 m.<br \/>\nUso apto para entretenimiento.<br \/>\nFicha t\u00e9cnica:<br \/>\n-Tecnolog\u00eda inal\u00e1mbrica: Bluetooth 5.4 + EDR<br \/>\n-Distancia de transmisi\u00f3n: 10 metros<br \/>\n-Tiempo de uso: 15 horas<br \/>\n-Frecuencia de respuesta: 20Hz-20kHz<br \/>\n-Bater\u00eda interna: 100 mAh<br \/>\n-Puerto de carga: USB-C<\/p>\n<p>\u2022\u00bfQu\u00e9 incluye la caja?<br \/>\n-Auriculares inal\u00e1mbricos Noganet NG-920BT<br \/>\n-Cable de carga USB-C<br \/>\n-Manual de usuario<br \/>\n-Cable 3.5 est\u00e9reo a 3.5 est\u00e9reo (si se te termina la bater\u00eda y no los cargaste, esc\u00fachalos cableados!)<\/p>\n","protected":false},"excerpt":{"rendered":"<p>NOGA<\/p>\n","protected":false},"featured_media":19442,"comment_status":"closed","ping_status":"closed","template":"","meta":[],"product_brand":[],"product_cat":[33],"product_tag":[],"class_list":{"0":"post-19441","1":"product","2":"type-product","3":"status-publish","4":"has-post-thumbnail","6":"product_cat-auriculares-bluetooth","8":"first","9":"instock","10":"shipping-taxable","11":"purchasable","12":"product-type-simple"},"_links":{"self":[{"href":"https:\/\/disma.ar\/clientes\/wp-json\/wp\/v2\/product\/19441","targetHints":{"allow":["GET"]}}],"collection":[{"href":"https:\/\/disma.ar\/clientes\/wp-json\/wp\/v2\/product"}],"about":[{"href":"https:\/\/disma.ar\/clientes\/wp-json\/wp\/v2\/types\/product"}],"replies":[{"embeddable":true,"href":"https:\/\/disma.ar\/clientes\/wp-json\/wp\/v2\/comments?post=19441"}],"wp:featuredmedia":[{"embeddable":true,"href":"https:\/\/disma.ar\/clientes\/wp-json\/wp\/v2\/media\/19442"}],"wp:attachment":[{"href":"https:\/\/disma.ar\/clientes\/wp-json\/wp\/v2\/media?parent=19441"}],"wp:term":[{"taxonomy":"product_brand","embeddable":true,"href":"https:\/\/disma.ar\/clientes\/wp-json\/wp\/v2\/product_brand?post=19441"},{"taxonomy":"product_cat","embeddable":true,"href":"https:\/\/disma.ar\/clientes\/wp-json\/wp\/v2\/product_cat?post=19441"},{"taxonomy":"product_tag","embeddable":true,"href":"https:\/\/disma.ar\/clientes\/wp-json\/wp\/v2\/product_tag?post=19441"}],"curies":[{"name":"wp","href":"https:\/\/api.w.org\/{rel}","templated":true}]}}