{"id":19439,"date":"2026-03-18T17:07:34","date_gmt":"2026-03-18T20:07:34","guid":{"rendered":"https:\/\/disma.ar\/clientes\/?post_type=product&#038;p=19439"},"modified":"2026-04-30T10:58:25","modified_gmt":"2026-04-30T13:58:25","slug":"auricular-bluetooth-5-0-twins-microfono-manos-libres-negro-y-verde","status":"publish","type":"product","link":"https:\/\/disma.ar\/clientes\/producto\/auricular-bluetooth-5-0-twins-microfono-manos-libres-negro-y-verde\/","title":{"rendered":"AURICULAR BLUETOOTH 5.0 TWINS MICROFONO MANOS LIBRES NEGRO Y VERDE"},"content":{"rendered":"<p>VINCUL\u00c1 TUS TWINS<br \/>\nRetir\u00e1 los auriculares NG-BTWINS 38 de su estuche cargador recargable.<br \/>\nLos auriculares se conectar\u00e1n de manera autom\u00e1tica entre s\u00ed.<br \/>\nActiv\u00e1 el modo BT de tu smartphone. Busc\u00e1 NG-BTWINS 38 y vinculalos.<br \/>\nManejalos con sus controles touch. Al no usarlos por 5 min. se apagar\u00e1n.<br \/>\nESPECIFICACIONES<\/p>\n<p>Versi\u00f3n Inal\u00e1mbrica BT: V5.3+BR+EDR+BLE<br \/>\nFrecuencia BT: 2.4 Ghz<br \/>\nBater\u00eda auricular: 55 mAh<br \/>\nBater\u00eda estuche: 400 mAh<br \/>\nPuerto de carga: USB-C<br \/>\nAlcance: 15 metros<br \/>\nTiempo de carga: 1 hora approx.<br \/>\nTiempo de uso: 4 horas approx.<br \/>\nESTUCHE CARGADOR RECARGABLE<\/p>\n","protected":false},"excerpt":{"rendered":"<p>NOGA<\/p>\n","protected":false},"featured_media":19440,"comment_status":"closed","ping_status":"closed","template":"","meta":[],"product_brand":[],"product_cat":[33],"product_tag":[],"class_list":{"0":"post-19439","1":"product","2":"type-product","3":"status-publish","4":"has-post-thumbnail","6":"product_cat-auriculares-bluetooth","8":"first","9":"instock","10":"shipping-taxable","11":"purchasable","12":"product-type-simple"},"_links":{"self":[{"href":"https:\/\/disma.ar\/clientes\/wp-json\/wp\/v2\/product\/19439","targetHints":{"allow":["GET"]}}],"collection":[{"href":"https:\/\/disma.ar\/clientes\/wp-json\/wp\/v2\/product"}],"about":[{"href":"https:\/\/disma.ar\/clientes\/wp-json\/wp\/v2\/types\/product"}],"replies":[{"embeddable":true,"href":"https:\/\/disma.ar\/clientes\/wp-json\/wp\/v2\/comments?post=19439"}],"wp:featuredmedia":[{"embeddable":true,"href":"https:\/\/disma.ar\/clientes\/wp-json\/wp\/v2\/media\/19440"}],"wp:attachment":[{"href":"https:\/\/disma.ar\/clientes\/wp-json\/wp\/v2\/media?parent=19439"}],"wp:term":[{"taxonomy":"product_brand","embeddable":true,"href":"https:\/\/disma.ar\/clientes\/wp-json\/wp\/v2\/product_brand?post=19439"},{"taxonomy":"product_cat","embeddable":true,"href":"https:\/\/disma.ar\/clientes\/wp-json\/wp\/v2\/product_cat?post=19439"},{"taxonomy":"product_tag","embeddable":true,"href":"https:\/\/disma.ar\/clientes\/wp-json\/wp\/v2\/product_tag?post=19439"}],"curies":[{"name":"wp","href":"https:\/\/api.w.org\/{rel}","templated":true}]}}