{"id":19435,"date":"2026-03-18T16:52:17","date_gmt":"2026-03-18T19:52:17","guid":{"rendered":"https:\/\/disma.ar\/clientes\/?post_type=product&#038;p=19435"},"modified":"2026-04-30T10:58:23","modified_gmt":"2026-04-30T13:58:23","slug":"19435","status":"publish","type":"product","link":"https:\/\/disma.ar\/clientes\/producto\/19435\/","title":{"rendered":"TRANSMISOR RECEPTOR INALAMBRICO BLUETOOTH 4.2 20MTS"},"content":{"rendered":"<p>Con el NG-RBT04 podr\u00e1s agregar Tecnolog\u00eda Inal\u00e1mbrica BT a tus Parlantes y a tus dispositivos de Audio, pudiendo reproducir la m\u00fasica de otros dispositivos como celulares, tablets; etc.<\/p>\n<p>Funciona como Transmisor, como Receptor, y adem\u00e1s pod\u00e9s atender llamadas de tu celular ya que posee Sistema de Manos Libres (o sea 3 funciones en 1 s\u00f3lo dispositivo)<\/p>\n<p>Como Transmisor, puede recibir audio de una Tablet, Smart TV; etc. a trav\u00e9s de conexi\u00f3n miniplug y que pueda ser reproducido en Auriculares con Recepci\u00f3n Inal\u00e1mbrica BT.<\/p>\n<p>Como Receptor, puede recibir audio de un Smartphone, Tablet; etc. a trav\u00e9s de Tecnolog\u00eda Inal\u00e1mbrica BT y que pueda ser reproducido en Parlantes con conexi\u00f3n miniplug.<\/p>\n<p>Es absolutamente portable y funciona con bateria interna. F\u00e1cil de guardar y transportar.<\/p>\n<p>Construido en material Rubber Finish.<\/p>\n<p>\u2728 Caracter\u00edsticas principales:<br \/>\n&#8211; Tecnolog\u00eda Inal\u00e1mbrica BT versi\u00f3n 4.2<br \/>\n&#8211; Recepci\u00f3n Inal\u00e1mbrica de hasta 20 metros (sin obst\u00e1culos)<br \/>\n&#8211; Bot\u00f3n Power ON\/OFF<br \/>\n&#8211; Entrada de Audio miniplug 3.5 Stereo para usarlo como Transmisor<br \/>\n&#8211; Salida de Audio miniplug 3.5 Stereo para usarlo como Receptor (incluye cable para Entrada y Salida)<br \/>\n&#8211; Sistema de Manos Libres con Micr\u00f3fono incorporado para atender llamadas<br \/>\n&#8211; LED indicador de funcionamiento<br \/>\n&#8211; Puerto micro USB DC5V para recarga de Bateria (incluye cable)<br \/>\n&#8211; Funciona con Bateria Interna de 3.7V<br \/>\n&#8211; Tiempo de Recarga: 2 horas<br \/>\n&#8211; Construido en material Rubber Finish<br \/>\n&#8211; Medidas: 5,5 x 3,7 x 1 cm.<\/p>\n","protected":false},"excerpt":{"rendered":"<p>NOGA<\/p>\n","protected":false},"featured_media":19436,"comment_status":"closed","ping_status":"closed","template":"","meta":[],"product_brand":[],"product_cat":[282],"product_tag":[],"class_list":{"0":"post-19435","1":"product","2":"type-product","3":"status-publish","4":"has-post-thumbnail","6":"product_cat-bluetooth-transmisores-y-receptores","8":"first","9":"instock","10":"shipping-taxable","11":"purchasable","12":"product-type-simple"},"_links":{"self":[{"href":"https:\/\/disma.ar\/clientes\/wp-json\/wp\/v2\/product\/19435","targetHints":{"allow":["GET"]}}],"collection":[{"href":"https:\/\/disma.ar\/clientes\/wp-json\/wp\/v2\/product"}],"about":[{"href":"https:\/\/disma.ar\/clientes\/wp-json\/wp\/v2\/types\/product"}],"replies":[{"embeddable":true,"href":"https:\/\/disma.ar\/clientes\/wp-json\/wp\/v2\/comments?post=19435"}],"wp:featuredmedia":[{"embeddable":true,"href":"https:\/\/disma.ar\/clientes\/wp-json\/wp\/v2\/media\/19436"}],"wp:attachment":[{"href":"https:\/\/disma.ar\/clientes\/wp-json\/wp\/v2\/media?parent=19435"}],"wp:term":[{"taxonomy":"product_brand","embeddable":true,"href":"https:\/\/disma.ar\/clientes\/wp-json\/wp\/v2\/product_brand?post=19435"},{"taxonomy":"product_cat","embeddable":true,"href":"https:\/\/disma.ar\/clientes\/wp-json\/wp\/v2\/product_cat?post=19435"},{"taxonomy":"product_tag","embeddable":true,"href":"https:\/\/disma.ar\/clientes\/wp-json\/wp\/v2\/product_tag?post=19435"}],"curies":[{"name":"wp","href":"https:\/\/api.w.org\/{rel}","templated":true}]}}