{"id":19382,"date":"2026-03-13T15:52:21","date_gmt":"2026-03-13T18:52:21","guid":{"rendered":"https:\/\/disma.ar\/clientes\/?post_type=product&#038;p=19382"},"modified":"2026-04-30T10:56:22","modified_gmt":"2026-04-30T13:56:22","slug":"sensor-magnetico-alarma-puerta-ventana-v034p-a-pila","status":"publish","type":"product","link":"https:\/\/disma.ar\/clientes\/producto\/sensor-magnetico-alarma-puerta-ventana-v034p-a-pila\/","title":{"rendered":"SENSOR MAGNETICO ALARMA PUERTA VENTANA V034P A PILA"},"content":{"rendered":"<p>Ideal para colocar en cualquier lugar, domicilio, trabajo, etc.<br \/>\nUna parte va en el marco y la otra en la puerta y\/o ventana, gran volumen de sonido.<\/p>\n<p>* Seguridad Inmediata.<br \/>\n* Es una soluci\u00f3n r\u00e1pida y econ\u00f3mica para asegurar la entrada de su casa, oficina, negocio.<br \/>\n* Al abrir una puerta o ventana, el Sensor Magn\u00e9tico se separa y comienza a sonar una potente alarma que alertar\u00e1 acerca de la intrusi\u00f3n y probablemente asuste al intruso frustrando su intento.<br \/>\n* Muy f\u00e1cil instalaci\u00f3n, sin tornillos ni cables.<br \/>\n* Dise\u00f1o Compacto.<br \/>\n* Disparador Magn\u00e9tico Inmediato.<br \/>\n* Tambi\u00e9n puede usarla para puertas de placares o cajones que no quiera que se abran sin su permiso.<br \/>\n&#8211; Mas de 30 sonidos diferente<br \/>\n&#8211; Regulador de volumen<br \/>\n&#8211; Alimentaci\u00f3n 3 pila aaa (no incluido)<\/p>\n","protected":false},"excerpt":{"rendered":"<p>Ideal para colocar en cualquier lugar, domicilio, trabajo, etc. Una parte va en el marco y la otra en la puerta y\/o ventana, gran volumen de sonido. * Seguridad Inmediata. * Es una soluci\u00f3n r\u00e1pida y econ\u00f3mica para asegurar la entrada de su casa, oficina, negocio. * Al abrir una puerta o ventana, el Sensor [&hellip;]<\/p>\n","protected":false},"featured_media":19383,"comment_status":"closed","ping_status":"closed","template":"","meta":[],"product_brand":[],"product_cat":[85],"product_tag":[],"class_list":{"0":"post-19382","1":"product","2":"type-product","3":"status-publish","4":"has-post-thumbnail","6":"product_cat-timbres-sensores","8":"first","9":"instock","10":"shipping-taxable","11":"purchasable","12":"product-type-simple"},"_links":{"self":[{"href":"https:\/\/disma.ar\/clientes\/wp-json\/wp\/v2\/product\/19382","targetHints":{"allow":["GET"]}}],"collection":[{"href":"https:\/\/disma.ar\/clientes\/wp-json\/wp\/v2\/product"}],"about":[{"href":"https:\/\/disma.ar\/clientes\/wp-json\/wp\/v2\/types\/product"}],"replies":[{"embeddable":true,"href":"https:\/\/disma.ar\/clientes\/wp-json\/wp\/v2\/comments?post=19382"}],"wp:featuredmedia":[{"embeddable":true,"href":"https:\/\/disma.ar\/clientes\/wp-json\/wp\/v2\/media\/19383"}],"wp:attachment":[{"href":"https:\/\/disma.ar\/clientes\/wp-json\/wp\/v2\/media?parent=19382"}],"wp:term":[{"taxonomy":"product_brand","embeddable":true,"href":"https:\/\/disma.ar\/clientes\/wp-json\/wp\/v2\/product_brand?post=19382"},{"taxonomy":"product_cat","embeddable":true,"href":"https:\/\/disma.ar\/clientes\/wp-json\/wp\/v2\/product_cat?post=19382"},{"taxonomy":"product_tag","embeddable":true,"href":"https:\/\/disma.ar\/clientes\/wp-json\/wp\/v2\/product_tag?post=19382"}],"curies":[{"name":"wp","href":"https:\/\/api.w.org\/{rel}","templated":true}]}}