{"id":19347,"date":"2026-03-10T12:47:49","date_gmt":"2026-03-10T15:47:49","guid":{"rendered":"https:\/\/disma.ar\/clientes\/?post_type=product&#038;p=19347"},"modified":"2026-04-28T11:36:41","modified_gmt":"2026-04-28T14:36:41","slug":"cable-usb-a-usb-tipo-c-only-sync-1mts-negro-modo-140-sync","status":"publish","type":"product","link":"https:\/\/disma.ar\/clientes\/producto\/cable-usb-a-usb-tipo-c-only-sync-1mts-negro-modo-140-sync\/","title":{"rendered":"CABLE USB A USB TIPO C ONLY SYNC 1MTS NEGRO MODO-140-SYNC"},"content":{"rendered":"<p>Tus clientes necesitan conexi\u00f3n confiable y carga r\u00e1pida, y el Cable de Datos SYNC cumple con ambos. Con 100 hilos de cobre y material HDC 100% cobre, garantiza transferencia estable y eficiente.<\/p>\n<p>Su dise\u00f1o reforzado en PVC de doble inyecci\u00f3n y su grosor de 4 mm lo hacen resistente al uso diario. Con 1 metro de longitud, es la opci\u00f3n ideal para mantener dispositivos siempre conectados con seguridad y rapidez.<\/p>\n<p>-CARGA RAPIDA<br \/>\n-100 HILOS COBRE<br \/>\n-HILO PLASTICO INTERNO<br \/>\n-MATERIAL HDC 100% COBRE<br \/>\n-GROSOR HILOS DE COBRE 0.10mm<br \/>\n-ESPESOR DE CABLE 4mm<br \/>\n-LARGO DE CABLE 1mtr<br \/>\n-MATERIAL PVC DOBLE INYECCION<\/p>\n","protected":false},"excerpt":{"rendered":"<p>Tus clientes necesitan conexi\u00f3n confiable y carga r\u00e1pida, y el Cable de Datos SYNC cumple con ambos. Con 100 hilos de cobre y material HDC 100% cobre, garantiza transferencia estable y eficiente. Su dise\u00f1o reforzado en PVC de doble inyecci\u00f3n y su grosor de 4 mm lo hacen resistente al uso diario. Con 1 metro [&hellip;]<\/p>\n","protected":false},"featured_media":19348,"comment_status":"closed","ping_status":"closed","template":"","meta":[],"product_brand":[],"product_cat":[330],"product_tag":[],"class_list":{"0":"post-19347","1":"product","2":"type-product","3":"status-publish","4":"has-post-thumbnail","6":"product_cat-cables-celular-datos-audio-video","8":"first","9":"instock","10":"shipping-taxable","11":"purchasable","12":"product-type-simple"},"_links":{"self":[{"href":"https:\/\/disma.ar\/clientes\/wp-json\/wp\/v2\/product\/19347","targetHints":{"allow":["GET"]}}],"collection":[{"href":"https:\/\/disma.ar\/clientes\/wp-json\/wp\/v2\/product"}],"about":[{"href":"https:\/\/disma.ar\/clientes\/wp-json\/wp\/v2\/types\/product"}],"replies":[{"embeddable":true,"href":"https:\/\/disma.ar\/clientes\/wp-json\/wp\/v2\/comments?post=19347"}],"wp:featuredmedia":[{"embeddable":true,"href":"https:\/\/disma.ar\/clientes\/wp-json\/wp\/v2\/media\/19348"}],"wp:attachment":[{"href":"https:\/\/disma.ar\/clientes\/wp-json\/wp\/v2\/media?parent=19347"}],"wp:term":[{"taxonomy":"product_brand","embeddable":true,"href":"https:\/\/disma.ar\/clientes\/wp-json\/wp\/v2\/product_brand?post=19347"},{"taxonomy":"product_cat","embeddable":true,"href":"https:\/\/disma.ar\/clientes\/wp-json\/wp\/v2\/product_cat?post=19347"},{"taxonomy":"product_tag","embeddable":true,"href":"https:\/\/disma.ar\/clientes\/wp-json\/wp\/v2\/product_tag?post=19347"}],"curies":[{"name":"wp","href":"https:\/\/api.w.org\/{rel}","templated":true}]}}