{"id":19339,"date":"2026-03-10T11:03:41","date_gmt":"2026-03-10T14:03:41","guid":{"rendered":"https:\/\/disma.ar\/clientes\/?post_type=product&#038;p=19339"},"modified":"2026-04-30T10:56:05","modified_gmt":"2026-04-30T13:56:05","slug":"microfono-streaming-ryzer-cable-usb-2mts-base-y-soporte-ajustable-xaea-luz-led-rgb","status":"publish","type":"product","link":"https:\/\/disma.ar\/clientes\/producto\/microfono-streaming-ryzer-cable-usb-2mts-base-y-soporte-ajustable-xaea-luz-led-rgb\/","title":{"rendered":"MICROFONO STREAMING RYZER CABLE USB 2MTS BASE Y SOPORTE AJUSTABLE XAEA LUZ LED RGB"},"content":{"rendered":"<p>Micr\u00f3fono de Streaming RGB<\/p>\n<p>Este micr\u00f3fono est\u00e1 dise\u00f1ado para streaming, podcasting y grabaciones profesionales. Cuenta con cable USB de 2 m, base y soporte ajustable para una colocaci\u00f3n \u00f3ptima. Su luz RGB aporta estilo a tu setup, mientras que su respuesta de frecuencia de 30 Hz a 18 kHz y sensibilidad de -34 dB aseguran un audio claro y de alta calidad.<\/p>\n<p>-MICROFONO TIPO STREAMING<br \/>\n-CABLE USB 2 MTR<br \/>\n-BASE + SOPORTE AJUSTABLE<br \/>\n-LUZ RGB<br \/>\n-RESP. DE FREC: 30Hz \u2013 18kHz<br \/>\n-SENSIBILIDAD: -34dB<\/p>\n","protected":false},"excerpt":{"rendered":"<p>Micr\u00f3fono de Streaming RGB Este micr\u00f3fono est\u00e1 dise\u00f1ado para streaming, podcasting y grabaciones profesionales. Cuenta con cable USB de 2 m, base y soporte ajustable para una colocaci\u00f3n \u00f3ptima. Su luz RGB aporta estilo a tu setup, mientras que su respuesta de frecuencia de 30 Hz a 18 kHz y sensibilidad de -34 dB aseguran [&hellip;]<\/p>\n","protected":false},"featured_media":19340,"comment_status":"closed","ping_status":"closed","template":"","meta":[],"product_brand":[],"product_cat":[268],"product_tag":[],"class_list":{"0":"post-19339","1":"product","2":"type-product","3":"status-publish","4":"has-post-thumbnail","6":"product_cat-microfonos-de-cable","8":"first","9":"instock","10":"shipping-taxable","11":"purchasable","12":"product-type-simple"},"_links":{"self":[{"href":"https:\/\/disma.ar\/clientes\/wp-json\/wp\/v2\/product\/19339","targetHints":{"allow":["GET"]}}],"collection":[{"href":"https:\/\/disma.ar\/clientes\/wp-json\/wp\/v2\/product"}],"about":[{"href":"https:\/\/disma.ar\/clientes\/wp-json\/wp\/v2\/types\/product"}],"replies":[{"embeddable":true,"href":"https:\/\/disma.ar\/clientes\/wp-json\/wp\/v2\/comments?post=19339"}],"wp:featuredmedia":[{"embeddable":true,"href":"https:\/\/disma.ar\/clientes\/wp-json\/wp\/v2\/media\/19340"}],"wp:attachment":[{"href":"https:\/\/disma.ar\/clientes\/wp-json\/wp\/v2\/media?parent=19339"}],"wp:term":[{"taxonomy":"product_brand","embeddable":true,"href":"https:\/\/disma.ar\/clientes\/wp-json\/wp\/v2\/product_brand?post=19339"},{"taxonomy":"product_cat","embeddable":true,"href":"https:\/\/disma.ar\/clientes\/wp-json\/wp\/v2\/product_cat?post=19339"},{"taxonomy":"product_tag","embeddable":true,"href":"https:\/\/disma.ar\/clientes\/wp-json\/wp\/v2\/product_tag?post=19339"}],"curies":[{"name":"wp","href":"https:\/\/api.w.org\/{rel}","templated":true}]}}