{"id":19337,"date":"2026-03-10T10:50:27","date_gmt":"2026-03-10T13:50:27","guid":{"rendered":"https:\/\/disma.ar\/clientes\/?post_type=product&#038;p=19337"},"modified":"2026-04-30T10:56:04","modified_gmt":"2026-04-30T13:56:04","slug":"microfono-inalambrico-doble-reacrgable-cable-tipo-c-xaea-40mts","status":"publish","type":"product","link":"https:\/\/disma.ar\/clientes\/producto\/microfono-inalambrico-doble-reacrgable-cable-tipo-c-xaea-40mts\/","title":{"rendered":"MICROFONO INALAMBRICO DOBLE REACRGABLE CABLE TIPO C XAEA 40MTS"},"content":{"rendered":"<p>Kit de micr\u00f3fonos inal\u00e1mbricos ideal para grabaciones, transmisiones y presentaciones con total libertad de movimiento. Ofrece una distancia de transmisi\u00f3n de hasta 35 metros con gran estabilidad de se\u00f1al.<\/p>\n<p>Cada micr\u00f3fono cuenta con bater\u00eda de 1500mAh y el receptor con 650mAh, ambos recargables por puerto Tipo C. Incluye cable de carga y adaptador 3.5mm, adem\u00e1s de interruptor ON\/OFF para un uso sencillo.<\/p>\n<p>Con una respuesta de frecuencia de 80Hz a 15KHz y alta sensibilidad, es la soluci\u00f3n pr\u00e1ctica y confiable para obtener un sonido claro en cualquier ocasi\u00f3n.<\/p>\n<p>-MICROFONOS INALAMBRICOS x2u<br \/>\n-W2.4G<br \/>\n-DSITANCIA TRANS.: HASTA 35mtr<br \/>\n-BATERIA RECEPTOR: 650mAh 3,7<br \/>\n-BATERIA MIC: 1500mAh 3,7<br \/>\n-PUERTO: TIPO C<br \/>\n-INTERRUPTOR ON\/OFF<br \/>\n-RESPUESTA DE FREC: 80Hz-15Hz<br \/>\n-ESTABILIDAD DE FREC: \u00b10.005%<br \/>\n-SENSIBILIDAD: -70dBM<br \/>\n-ACCESORIOS: CABLE DE CARGA \/ ADAPTADOR 3.5<\/p>\n","protected":false},"excerpt":{"rendered":"<p>Kit de micr\u00f3fonos inal\u00e1mbricos ideal para grabaciones, transmisiones y presentaciones con total libertad de movimiento. Ofrece una distancia de transmisi\u00f3n de hasta 35 metros con gran estabilidad de se\u00f1al. Cada micr\u00f3fono cuenta con bater\u00eda de 1500mAh y el receptor con 650mAh, ambos recargables por puerto Tipo C. Incluye cable de carga y adaptador 3.5mm, adem\u00e1s [&hellip;]<\/p>\n","protected":false},"featured_media":19338,"comment_status":"closed","ping_status":"closed","template":"","meta":[],"product_brand":[],"product_cat":[269],"product_tag":[],"class_list":{"0":"post-19337","1":"product","2":"type-product","3":"status-publish","4":"has-post-thumbnail","6":"product_cat-microfonos-inalambricos","8":"first","9":"instock","10":"shipping-taxable","11":"purchasable","12":"product-type-simple"},"_links":{"self":[{"href":"https:\/\/disma.ar\/clientes\/wp-json\/wp\/v2\/product\/19337","targetHints":{"allow":["GET"]}}],"collection":[{"href":"https:\/\/disma.ar\/clientes\/wp-json\/wp\/v2\/product"}],"about":[{"href":"https:\/\/disma.ar\/clientes\/wp-json\/wp\/v2\/types\/product"}],"replies":[{"embeddable":true,"href":"https:\/\/disma.ar\/clientes\/wp-json\/wp\/v2\/comments?post=19337"}],"wp:featuredmedia":[{"embeddable":true,"href":"https:\/\/disma.ar\/clientes\/wp-json\/wp\/v2\/media\/19338"}],"wp:attachment":[{"href":"https:\/\/disma.ar\/clientes\/wp-json\/wp\/v2\/media?parent=19337"}],"wp:term":[{"taxonomy":"product_brand","embeddable":true,"href":"https:\/\/disma.ar\/clientes\/wp-json\/wp\/v2\/product_brand?post=19337"},{"taxonomy":"product_cat","embeddable":true,"href":"https:\/\/disma.ar\/clientes\/wp-json\/wp\/v2\/product_cat?post=19337"},{"taxonomy":"product_tag","embeddable":true,"href":"https:\/\/disma.ar\/clientes\/wp-json\/wp\/v2\/product_tag?post=19337"}],"curies":[{"name":"wp","href":"https:\/\/api.w.org\/{rel}","templated":true}]}}