{"id":19260,"date":"2026-03-02T22:25:19","date_gmt":"2026-03-03T01:25:19","guid":{"rendered":"https:\/\/disma.ar\/clientes\/?post_type=product&#038;p=19260"},"modified":"2026-04-10T15:22:50","modified_gmt":"2026-04-10T18:22:50","slug":"tira-neon-led-blanco-calido-con-fuente-5mt-n06","status":"publish","type":"product","link":"https:\/\/disma.ar\/clientes\/producto\/tira-neon-led-blanco-calido-con-fuente-5mt-n06\/","title":{"rendered":"TIRA NEON LED BLANCO CALIDO CON FUENTE 5MT N06"},"content":{"rendered":"<p>TIRA FLEXIBLE DE LUCES NE\u00d3N&#8221;<\/p>\n<p>Tira de luces ne\u00f3n LED flexible de 5 metros, ideal para dar un toque original y moderno tanto en interiores como exteriores. Su dise\u00f1o flexible permite adaptarla f\u00e1cilmente a diversas superficies y formas.<br \/>\n\u00bb ESPECIFICACIONES<br \/>\n \u2022 Dise\u00f1o flexible: Se puede doblar y cortar para ajustarse a diferentes espacios y necesidades de decoraci\u00f3n.<\/p>\n","protected":false},"excerpt":{"rendered":"<p>TIRA FLEXIBLE DE LUCES NE\u00d3N&#8221; Tira de luces ne\u00f3n LED flexible de 5 metros, ideal para dar un toque original y moderno tanto en interiores como exteriores. Su dise\u00f1o flexible permite adaptarla f\u00e1cilmente a diversas superficies y formas. \u00bb ESPECIFICACIONES \u2022 Dise\u00f1o flexible: Se puede doblar y cortar para ajustarse a diferentes espacios y necesidades [&hellip;]<\/p>\n","protected":false},"featured_media":19261,"comment_status":"closed","ping_status":"closed","template":"","meta":[],"product_brand":[],"product_cat":[360,73,254,253],"product_tag":[],"class_list":{"0":"post-19260","1":"product","2":"type-product","3":"status-publish","4":"has-post-thumbnail","6":"product_cat-electro-y-bazar","7":"product_cat-iluminacion","8":"product_cat-veladores","9":"product_cat-tiras-de-led","11":"first","12":"instock","13":"shipping-taxable","14":"purchasable","15":"product-type-simple"},"_links":{"self":[{"href":"https:\/\/disma.ar\/clientes\/wp-json\/wp\/v2\/product\/19260","targetHints":{"allow":["GET"]}}],"collection":[{"href":"https:\/\/disma.ar\/clientes\/wp-json\/wp\/v2\/product"}],"about":[{"href":"https:\/\/disma.ar\/clientes\/wp-json\/wp\/v2\/types\/product"}],"replies":[{"embeddable":true,"href":"https:\/\/disma.ar\/clientes\/wp-json\/wp\/v2\/comments?post=19260"}],"wp:featuredmedia":[{"embeddable":true,"href":"https:\/\/disma.ar\/clientes\/wp-json\/wp\/v2\/media\/19261"}],"wp:attachment":[{"href":"https:\/\/disma.ar\/clientes\/wp-json\/wp\/v2\/media?parent=19260"}],"wp:term":[{"taxonomy":"product_brand","embeddable":true,"href":"https:\/\/disma.ar\/clientes\/wp-json\/wp\/v2\/product_brand?post=19260"},{"taxonomy":"product_cat","embeddable":true,"href":"https:\/\/disma.ar\/clientes\/wp-json\/wp\/v2\/product_cat?post=19260"},{"taxonomy":"product_tag","embeddable":true,"href":"https:\/\/disma.ar\/clientes\/wp-json\/wp\/v2\/product_tag?post=19260"}],"curies":[{"name":"wp","href":"https:\/\/api.w.org\/{rel}","templated":true}]}}