{"id":19256,"date":"2026-03-02T16:11:16","date_gmt":"2026-03-02T19:11:16","guid":{"rendered":"https:\/\/disma.ar\/clientes\/?post_type=product&#038;p=19256"},"modified":"2026-03-02T16:28:05","modified_gmt":"2026-03-02T19:28:05","slug":"tira-neon-led-blanco-frio-con-fuente-5mt","status":"publish","type":"product","link":"https:\/\/disma.ar\/clientes\/producto\/tira-neon-led-blanco-frio-con-fuente-5mt\/","title":{"rendered":"TIRA NEON LED BLANCO FRIO CON FUENTE 5MT"},"content":{"rendered":"<p>Estas tiras LED son super flexibles, y est\u00e1n fabricadas en goma de silicona que permite que sean apto para exterior y a prueba de agua.<\/p>\n<p>&#8211; Por su constituci\u00f3n emiten una luz pareja y lucen incre\u00edbles !!<\/p>\n<p>&#8211; Vienen en diferentes colores: Blanco Frio<\/p>\n<p>&#8211; Caracter\u00edsticas t\u00e9cnicas<\/p>\n<p>&#8211; Tensi\u00f3n : 12V<\/p>\n<p>&#8211; Potencia : 10 W &#8211; 0,8 A por metros<\/p>\n<p>&#8211; Largo : 5 metros<\/p>\n<p>&#8211; Ancho : 6 mm<\/p>\n<p>&#8211; Alto : 12 mm<\/p>\n<p>&#8211; Se puede cortar y cada 2,5 cm y volver a utilizar.<\/p>\n","protected":false},"excerpt":{"rendered":"<p>Estas tiras LED son super flexibles, y est\u00e1n fabricadas en goma de silicona que permite que sean apto para exterior y a prueba de agua. &#8211; Por su constituci\u00f3n emiten una luz pareja y lucen incre\u00edbles !! &#8211; Vienen en diferentes colores: Blanco Frio &#8211; Caracter\u00edsticas t\u00e9cnicas &#8211; Tensi\u00f3n : 12V &#8211; Potencia : 10 [&hellip;]<\/p>\n","protected":false},"featured_media":19257,"comment_status":"closed","ping_status":"closed","template":"","meta":[],"product_brand":[],"product_cat":[363,254,253],"product_tag":[],"class_list":{"0":"post-19256","1":"product","2":"type-product","3":"status-publish","4":"has-post-thumbnail","6":"product_cat-baterias-cables-plaquetas","7":"product_cat-veladores","8":"product_cat-tiras-de-led","10":"first","11":"instock","12":"shipping-taxable","13":"purchasable","14":"product-type-simple"},"_links":{"self":[{"href":"https:\/\/disma.ar\/clientes\/wp-json\/wp\/v2\/product\/19256","targetHints":{"allow":["GET"]}}],"collection":[{"href":"https:\/\/disma.ar\/clientes\/wp-json\/wp\/v2\/product"}],"about":[{"href":"https:\/\/disma.ar\/clientes\/wp-json\/wp\/v2\/types\/product"}],"replies":[{"embeddable":true,"href":"https:\/\/disma.ar\/clientes\/wp-json\/wp\/v2\/comments?post=19256"}],"wp:featuredmedia":[{"embeddable":true,"href":"https:\/\/disma.ar\/clientes\/wp-json\/wp\/v2\/media\/19257"}],"wp:attachment":[{"href":"https:\/\/disma.ar\/clientes\/wp-json\/wp\/v2\/media?parent=19256"}],"wp:term":[{"taxonomy":"product_brand","embeddable":true,"href":"https:\/\/disma.ar\/clientes\/wp-json\/wp\/v2\/product_brand?post=19256"},{"taxonomy":"product_cat","embeddable":true,"href":"https:\/\/disma.ar\/clientes\/wp-json\/wp\/v2\/product_cat?post=19256"},{"taxonomy":"product_tag","embeddable":true,"href":"https:\/\/disma.ar\/clientes\/wp-json\/wp\/v2\/product_tag?post=19256"}],"curies":[{"name":"wp","href":"https:\/\/api.w.org\/{rel}","templated":true}]}}