{"id":19189,"date":"2026-02-23T22:22:13","date_gmt":"2026-02-24T01:22:13","guid":{"rendered":"https:\/\/disma.ar\/clientes\/?post_type=product&#038;p=19189"},"modified":"2026-02-23T22:36:13","modified_gmt":"2026-02-24T01:36:13","slug":"auricular-intercomunicador-inalambrico-para-casco-motocicleta-bicicleta-k06-helmet","status":"publish","type":"product","link":"https:\/\/disma.ar\/clientes\/producto\/auricular-intercomunicador-inalambrico-para-casco-motocicleta-bicicleta-k06-helmet\/","title":{"rendered":"AURICULAR INTERCOMUNICADOR INALAMBRICO PARA CASCO MOTOCICLETA \/ BICICLETA K06 HELMET"},"content":{"rendered":"<p>Auriculares\/Intercomunicador para casco de moto dise\u00f1ados para escuchar m\u00fasica, recibir GPS por voz y atender llamadas. Conectividad estable, control por voz y construcci\u00f3n resistente al agua para usar todos los d\u00edas.<\/p>\n<p>*Audio Hi-Fi con diafragma de 40 mm para graves definidos y voces claras.<br \/>\n*Cancelaci\u00f3n inteligente de ruido (doble micr\u00f3fono): reduce viento, motor y tr\u00e1fico para llamadas n\u00edtidas.<br \/>\n*Bluetooth 5.4 (conexi\u00f3n a dos tel\u00e9fonos) para alternar GPS + m\u00fasica + llamadas sin cortes.<br \/>\n*Resistencia al agua IPX8: lluvia, polvo y baja temperatura.<br \/>\n*Bater\u00eda de larga duraci\u00f3n con carga r\u00e1pida USB-C; indicador de nivel en el tel\u00e9fono.<br \/>\n*Control por voz (Siri\/Asistente) y respuesta autom\u00e1tica a los 10 s para mayor seguridad.<br \/>\n*Botones grandes aptos para guantes: play\/pause, anterior\/siguiente, volumen.<br \/>\n*Instalaci\u00f3n simple y compatibilidad universal con cascos integrales, abiertos o modulares.<br \/>\n*Ligero y fino para no generar volumen en el interior del casco.<\/p>\n<p> Especificaciones:<\/p>\n<p>*Marca\/Modelo: Helmet K06<br \/>\n*Color: Negro *Conectividad: Bluetooth 5.4, rango 10 m<br \/>\n*Autonom\u00eda: hasta 40 h (variable seg\u00fan volumen\/uso)<br \/>\n*Tiempo de carga: 1\u20132 h | Puerto: USB-C<br \/>\n*Resistencia: IPX8 (confirmar etiqueta de tu unidad)<br \/>\n*Impedancia: 32 Ohmios | Respuesta en frecuencia: 20 Hz\u201320 kHz<br \/>\n*Peso aprox.: 60 g<br \/>\n*Compatibles: Android \/ iOS \/ celulares con Bluetooth<br \/>\n*Uso recomendado: Motociclismo, ciclismo, monopat\u00edn, manos libres<\/p>\n<p>Gan\u00e1s seguridad (comandos por voz y respuesta autom\u00e1tica), comodidad (controles grandes y conexi\u00f3n dual) y durabilidad (IPX8 + bater\u00eda de larga duraci\u00f3n) en un formato liviano que no molesta fuera del casco ni dentro de este.<\/p>\n","protected":false},"excerpt":{"rendered":"<p>Auriculares\/Intercomunicador para casco de moto dise\u00f1ados para escuchar m\u00fasica, recibir GPS por voz y atender llamadas. Conectividad estable, control por voz y construcci\u00f3n resistente al agua para usar todos los d\u00edas. *Audio Hi-Fi con diafragma de 40 mm para graves definidos y voces claras. *Cancelaci\u00f3n inteligente de ruido (doble micr\u00f3fono): reduce viento, motor y tr\u00e1fico [&hellip;]<\/p>\n","protected":false},"featured_media":19190,"comment_status":"closed","ping_status":"closed","template":"","meta":[],"product_brand":[],"product_cat":[33],"product_tag":[],"class_list":{"0":"post-19189","1":"product","2":"type-product","3":"status-publish","4":"has-post-thumbnail","6":"product_cat-auriculares-bluetooth","8":"first","9":"instock","10":"shipping-taxable","11":"purchasable","12":"product-type-simple"},"_links":{"self":[{"href":"https:\/\/disma.ar\/clientes\/wp-json\/wp\/v2\/product\/19189","targetHints":{"allow":["GET"]}}],"collection":[{"href":"https:\/\/disma.ar\/clientes\/wp-json\/wp\/v2\/product"}],"about":[{"href":"https:\/\/disma.ar\/clientes\/wp-json\/wp\/v2\/types\/product"}],"replies":[{"embeddable":true,"href":"https:\/\/disma.ar\/clientes\/wp-json\/wp\/v2\/comments?post=19189"}],"wp:featuredmedia":[{"embeddable":true,"href":"https:\/\/disma.ar\/clientes\/wp-json\/wp\/v2\/media\/19190"}],"wp:attachment":[{"href":"https:\/\/disma.ar\/clientes\/wp-json\/wp\/v2\/media?parent=19189"}],"wp:term":[{"taxonomy":"product_brand","embeddable":true,"href":"https:\/\/disma.ar\/clientes\/wp-json\/wp\/v2\/product_brand?post=19189"},{"taxonomy":"product_cat","embeddable":true,"href":"https:\/\/disma.ar\/clientes\/wp-json\/wp\/v2\/product_cat?post=19189"},{"taxonomy":"product_tag","embeddable":true,"href":"https:\/\/disma.ar\/clientes\/wp-json\/wp\/v2\/product_tag?post=19189"}],"curies":[{"name":"wp","href":"https:\/\/api.w.org\/{rel}","templated":true}]}}