{"id":19178,"date":"2026-02-23T16:58:43","date_gmt":"2026-02-23T19:58:43","guid":{"rendered":"https:\/\/disma.ar\/clientes\/?post_type=product&#038;p=19178"},"modified":"2026-02-23T20:43:13","modified_gmt":"2026-02-23T23:43:13","slug":"velador-lampara-esfera-3d-de-cristal-medusa-luces-de-cristal","status":"publish","type":"product","link":"https:\/\/disma.ar\/clientes\/producto\/velador-lampara-esfera-3d-de-cristal-medusa-luces-de-cristal\/","title":{"rendered":"VELADOR LAMPARA ESFERA 3D DE CRISTAL MEDUSA LUCES DE CRISTAL"},"content":{"rendered":"<p>La Esfera Bola Cristal CH L\u00e1mpara LED 3D es una pieza \u00fanica que combina elegancia y funcionalidad. Con un dise\u00f1o moderno y minimalista, su estructura de madera y pantalla de cristal aportan un toque sofisticado a cualquier espacio. Su tama\u00f1o compacto, con un di\u00e1metro de 6 cm y una altura de 7 cm, la convierte en la opci\u00f3n ideal para mesas de noche, escritorios o estanter\u00edas.<\/p>\n<p>La tecnolog\u00eda de iluminaci\u00f3n LED integrada ofrece una luz suave y c\u00e1lida, perfecta para crear un ambiente acogedor. Adem\u00e1s, su conexi\u00f3n USB <\/p>\n<p>La Esfera Bola Cristal CH es ideal para quienes buscan un elemento decorativo que combine estilo y practicidad. Su dise\u00f1o grabado en 3D a\u00f1ade un efecto visual impresionante, convirti\u00e9ndola en un punto focal en cualquier habitaci\u00f3n. Perfecta para regalar o para disfrutar en tu propio espacio, esta l\u00e1mpara es una elecci\u00f3n que no pasar\u00e1 desapercibida.<\/p>\n","protected":false},"excerpt":{"rendered":"<p>La Esfera Bola Cristal CH L\u00e1mpara LED 3D es una pieza \u00fanica que combina elegancia y funcionalidad. Con un dise\u00f1o moderno y minimalista, su estructura de madera y pantalla de cristal aportan un toque sofisticado a cualquier espacio. Su tama\u00f1o compacto, con un di\u00e1metro de 6 cm y una altura de 7 cm, la convierte [&hellip;]<\/p>\n","protected":false},"featured_media":19179,"comment_status":"closed","ping_status":"closed","template":"","meta":[],"product_brand":[],"product_cat":[360,73,254],"product_tag":[],"class_list":{"0":"post-19178","1":"product","2":"type-product","3":"status-publish","4":"has-post-thumbnail","6":"product_cat-electro-y-bazar","7":"product_cat-iluminacion","8":"product_cat-veladores","10":"first","11":"instock","12":"shipping-taxable","13":"purchasable","14":"product-type-simple"},"_links":{"self":[{"href":"https:\/\/disma.ar\/clientes\/wp-json\/wp\/v2\/product\/19178","targetHints":{"allow":["GET"]}}],"collection":[{"href":"https:\/\/disma.ar\/clientes\/wp-json\/wp\/v2\/product"}],"about":[{"href":"https:\/\/disma.ar\/clientes\/wp-json\/wp\/v2\/types\/product"}],"replies":[{"embeddable":true,"href":"https:\/\/disma.ar\/clientes\/wp-json\/wp\/v2\/comments?post=19178"}],"wp:featuredmedia":[{"embeddable":true,"href":"https:\/\/disma.ar\/clientes\/wp-json\/wp\/v2\/media\/19179"}],"wp:attachment":[{"href":"https:\/\/disma.ar\/clientes\/wp-json\/wp\/v2\/media?parent=19178"}],"wp:term":[{"taxonomy":"product_brand","embeddable":true,"href":"https:\/\/disma.ar\/clientes\/wp-json\/wp\/v2\/product_brand?post=19178"},{"taxonomy":"product_cat","embeddable":true,"href":"https:\/\/disma.ar\/clientes\/wp-json\/wp\/v2\/product_cat?post=19178"},{"taxonomy":"product_tag","embeddable":true,"href":"https:\/\/disma.ar\/clientes\/wp-json\/wp\/v2\/product_tag?post=19178"}],"curies":[{"name":"wp","href":"https:\/\/api.w.org\/{rel}","templated":true}]}}