{"id":19147,"date":"2026-02-18T16:41:13","date_gmt":"2026-02-18T19:41:13","guid":{"rendered":"https:\/\/disma.ar\/clientes\/?post_type=product&#038;p=19147"},"modified":"2026-02-19T10:54:01","modified_gmt":"2026-02-19T13:54:01","slug":"soporte-tv-lcd-led-14-a-43-1-brazo-movil-articulado-22kg-inclinacion-vesa-75x75-100x100-200x100-200x200-tgw-sin-caja","status":"publish","type":"product","link":"https:\/\/disma.ar\/clientes\/producto\/soporte-tv-lcd-led-14-a-43-1-brazo-movil-articulado-22kg-inclinacion-vesa-75x75-100x100-200x100-200x200-tgw-sin-caja\/","title":{"rendered":"SOPORTE TV LCD LED 14` A 43` 1 BRAZO MOVIL ARTICULADO 22KG INCLINACION VESA 75X75\/100X100\/200X100\/200X200 TGW SIN CAJA"},"content":{"rendered":"<p>Soporte tv nuevo (sin caja)<br \/>\nSoporte TV LED M\u00f3vil 14&#8243; a 43&#8243; Negro TGW<br \/>\nEste soporte articulado es la soluci\u00f3n ideal para optimizar la visualizaci\u00f3n de tu TV LED. Fabricado en acero laminado en fr\u00edo, te permite ajustar la posici\u00f3n de tu televisor con movimientos suaves y precisos para disfrutar de la mejor experiencia visual desde cualquier \u00e1ngulo.<\/p>\n<p>Caracter\u00edsticas Destacadas<br \/>\nCompatible con pantallas de 14&#8243; a 43&#8243;, soportando hasta 22 Kg de peso<br \/>\nDise\u00f1o m\u00f3vil con brazo articulado que permite rotaci\u00f3n y ajuste de inclinaci\u00f3n<br \/>\nDistancia m\u00ednima a la pared de 4,6 Cm, optimizando el espacio en tu casa<br \/>\nConstrucci\u00f3n robusta en acero laminado en fr\u00edo con acabado en negro<\/p>\n","protected":false},"excerpt":{"rendered":"<p>Soporte tv nuevo (sin caja) Soporte TV LED M\u00f3vil 14&#8243; a 43&#8243; Negro TGW Este soporte articulado es la soluci\u00f3n ideal para optimizar la visualizaci\u00f3n de tu TV LED. Fabricado en acero laminado en fr\u00edo, te permite ajustar la posici\u00f3n de tu televisor con movimientos suaves y precisos para disfrutar de la mejor experiencia visual [&hellip;]<\/p>\n","protected":false},"featured_media":19148,"comment_status":"closed","ping_status":"closed","template":"","meta":[],"product_brand":[],"product_cat":[311],"product_tag":[],"class_list":{"0":"post-19147","1":"product","2":"type-product","3":"status-publish","4":"has-post-thumbnail","6":"product_cat-soportes-lcd-moviles","8":"first","9":"instock","10":"shipping-taxable","11":"purchasable","12":"product-type-simple"},"_links":{"self":[{"href":"https:\/\/disma.ar\/clientes\/wp-json\/wp\/v2\/product\/19147","targetHints":{"allow":["GET"]}}],"collection":[{"href":"https:\/\/disma.ar\/clientes\/wp-json\/wp\/v2\/product"}],"about":[{"href":"https:\/\/disma.ar\/clientes\/wp-json\/wp\/v2\/types\/product"}],"replies":[{"embeddable":true,"href":"https:\/\/disma.ar\/clientes\/wp-json\/wp\/v2\/comments?post=19147"}],"wp:featuredmedia":[{"embeddable":true,"href":"https:\/\/disma.ar\/clientes\/wp-json\/wp\/v2\/media\/19148"}],"wp:attachment":[{"href":"https:\/\/disma.ar\/clientes\/wp-json\/wp\/v2\/media?parent=19147"}],"wp:term":[{"taxonomy":"product_brand","embeddable":true,"href":"https:\/\/disma.ar\/clientes\/wp-json\/wp\/v2\/product_brand?post=19147"},{"taxonomy":"product_cat","embeddable":true,"href":"https:\/\/disma.ar\/clientes\/wp-json\/wp\/v2\/product_cat?post=19147"},{"taxonomy":"product_tag","embeddable":true,"href":"https:\/\/disma.ar\/clientes\/wp-json\/wp\/v2\/product_tag?post=19147"}],"curies":[{"name":"wp","href":"https:\/\/api.w.org\/{rel}","templated":true}]}}