{"id":19138,"date":"2026-02-14T15:39:59","date_gmt":"2026-02-14T18:39:59","guid":{"rendered":"https:\/\/disma.ar\/clientes\/?post_type=product&#038;p=19138"},"modified":"2026-04-17T11:29:18","modified_gmt":"2026-04-17T14:29:18","slug":"cable-usb-tipo-c-a-lightning-iphone-apple-1-mt-xaea-premium-negro","status":"publish","type":"product","link":"https:\/\/disma.ar\/clientes\/producto\/cable-usb-tipo-c-a-lightning-iphone-apple-1-mt-xaea-premium-negro\/","title":{"rendered":"CABLE USB TIPO C A LIGHTNING IPHONE APPLE 1 MT XAEA PREMIUM ATHENEA NEGRO"},"content":{"rendered":"<p>Una de sus caracter\u00edsticas m\u00e1s destacadas es la tecnolog\u00eda Core 5, que representa una estructura interna reforzada con 5 n\u00facleos, optimizando la eficiencia energ\u00e9tica y mejorando el rendimiento general del cable. Esto se traduce en una carga m\u00e1s estable y r\u00e1pida, con menor riesgo de sobrecalentamiento o interferencias.<\/p>\n<p>ATHENEA incluye dos opciones de conectividad:<br \/>\nTipo C a Lightning, perfecto para equipos Apple compatibles.<\/p>\n<p>Disponible en colores Beige, Negro, Azul Metal, Celeste y Lila, con una longitud de 1 metro y cubierta de TPE con doble inyecci\u00f3n, que le otorgan flexibilidad, resistencia y un acabado premium.<\/p>\n<p>-Core 5<br \/>\n-Cantidad de hilos 90 \/ Di\u00e1metro 0,1<br \/>\n-Material de hilo 100% cobre<br \/>\n-Cubierta de hilo pl\u00e1stico ign\u00edfugo<br \/>\n-Di\u00e1metro de cable 3,8<br \/>\n-Largo de cable 1 metro<br \/>\n-Material de cable Pl\u00e1stico TPE de doble inyecci\u00f3n<\/p>\n","protected":false},"excerpt":{"rendered":"<p>XAEA<\/p>\n","protected":false},"featured_media":19139,"comment_status":"closed","ping_status":"closed","template":"","meta":[],"product_brand":[],"product_cat":[330],"product_tag":[],"class_list":{"0":"post-19138","1":"product","2":"type-product","3":"status-publish","4":"has-post-thumbnail","6":"product_cat-cables-celular-datos-audio-video","8":"first","9":"instock","10":"shipping-taxable","11":"purchasable","12":"product-type-simple"},"_links":{"self":[{"href":"https:\/\/disma.ar\/clientes\/wp-json\/wp\/v2\/product\/19138","targetHints":{"allow":["GET"]}}],"collection":[{"href":"https:\/\/disma.ar\/clientes\/wp-json\/wp\/v2\/product"}],"about":[{"href":"https:\/\/disma.ar\/clientes\/wp-json\/wp\/v2\/types\/product"}],"replies":[{"embeddable":true,"href":"https:\/\/disma.ar\/clientes\/wp-json\/wp\/v2\/comments?post=19138"}],"wp:featuredmedia":[{"embeddable":true,"href":"https:\/\/disma.ar\/clientes\/wp-json\/wp\/v2\/media\/19139"}],"wp:attachment":[{"href":"https:\/\/disma.ar\/clientes\/wp-json\/wp\/v2\/media?parent=19138"}],"wp:term":[{"taxonomy":"product_brand","embeddable":true,"href":"https:\/\/disma.ar\/clientes\/wp-json\/wp\/v2\/product_brand?post=19138"},{"taxonomy":"product_cat","embeddable":true,"href":"https:\/\/disma.ar\/clientes\/wp-json\/wp\/v2\/product_cat?post=19138"},{"taxonomy":"product_tag","embeddable":true,"href":"https:\/\/disma.ar\/clientes\/wp-json\/wp\/v2\/product_tag?post=19138"}],"curies":[{"name":"wp","href":"https:\/\/api.w.org\/{rel}","templated":true}]}}