{"id":19115,"date":"2026-02-13T16:08:56","date_gmt":"2026-02-13T19:08:56","guid":{"rendered":"https:\/\/disma.ar\/clientes\/?post_type=product&#038;p=19115"},"modified":"2026-02-25T14:12:10","modified_gmt":"2026-02-25T17:12:10","slug":"splitter-divisor-hdmi-1x2-dos-salidas-pasivo","status":"publish","type":"product","link":"https:\/\/disma.ar\/clientes\/producto\/splitter-divisor-hdmi-1x2-dos-salidas-pasivo\/","title":{"rendered":"SPLITTER DIVISOR HDMI 1X2 DOS SALIDAS PASIVO"},"content":{"rendered":"<p>Permite duplicar salidas HDMI de dispositivos como HDTV, Playstation 3, notebooks, reproductor de DVD y conectarlo a 2 monitores o proyectores.<\/p>\n<p>Caracter\u00edsticas:<br \/>\nResoluci\u00f3n m\u00e1xima: 1080p HDMI<br \/>\nTama\u00f1o: aprox. 54x45x12mm<br \/>\nPeso: aprox. 31G<br \/>\nAlimentaci\u00f3n: pasiva<br \/>\nLa compra incluye:<br \/>\nSplitter HDMI de 2 salidas<br \/>\nIMPORTANTE:Puede mostrar pantalla dual dentro de 3 metros al mismo tiempo; Mas de 3 metros puede mostrar una sola pantalla.<\/p>\n","protected":false},"excerpt":{"rendered":"<p>Permite duplicar salidas HDMI de dispositivos como HDTV, Playstation 3, notebooks, reproductor de DVD y conectarlo a 2 monitores o proyectores. Caracter\u00edsticas: Resoluci\u00f3n m\u00e1xima: 1080p HDMI Tama\u00f1o: aprox. 54x45x12mm Peso: aprox. 31G Alimentaci\u00f3n: pasiva La compra incluye: Splitter HDMI de 2 salidas IMPORTANTE:Puede mostrar pantalla dual dentro de 3 metros al mismo tiempo; Mas de [&hellip;]<\/p>\n","protected":false},"featured_media":19116,"comment_status":"closed","ping_status":"closed","template":"","meta":[],"product_brand":[],"product_cat":[89],"product_tag":[],"class_list":{"0":"post-19115","1":"product","2":"type-product","3":"status-publish","4":"has-post-thumbnail","6":"product_cat-splitter-switch","8":"first","9":"instock","10":"shipping-taxable","11":"purchasable","12":"product-type-simple"},"_links":{"self":[{"href":"https:\/\/disma.ar\/clientes\/wp-json\/wp\/v2\/product\/19115","targetHints":{"allow":["GET"]}}],"collection":[{"href":"https:\/\/disma.ar\/clientes\/wp-json\/wp\/v2\/product"}],"about":[{"href":"https:\/\/disma.ar\/clientes\/wp-json\/wp\/v2\/types\/product"}],"replies":[{"embeddable":true,"href":"https:\/\/disma.ar\/clientes\/wp-json\/wp\/v2\/comments?post=19115"}],"wp:featuredmedia":[{"embeddable":true,"href":"https:\/\/disma.ar\/clientes\/wp-json\/wp\/v2\/media\/19116"}],"wp:attachment":[{"href":"https:\/\/disma.ar\/clientes\/wp-json\/wp\/v2\/media?parent=19115"}],"wp:term":[{"taxonomy":"product_brand","embeddable":true,"href":"https:\/\/disma.ar\/clientes\/wp-json\/wp\/v2\/product_brand?post=19115"},{"taxonomy":"product_cat","embeddable":true,"href":"https:\/\/disma.ar\/clientes\/wp-json\/wp\/v2\/product_cat?post=19115"},{"taxonomy":"product_tag","embeddable":true,"href":"https:\/\/disma.ar\/clientes\/wp-json\/wp\/v2\/product_tag?post=19115"}],"curies":[{"name":"wp","href":"https:\/\/api.w.org\/{rel}","templated":true}]}}