{"id":19107,"date":"2026-02-12T17:00:47","date_gmt":"2026-02-12T20:00:47","guid":{"rendered":"https:\/\/disma.ar\/clientes\/?post_type=product&#038;p=19107"},"modified":"2026-03-25T12:35:15","modified_gmt":"2026-03-25T15:35:15","slug":"soporte-tablet-celular-holder-universal-metal-aluminio-giro-360o-bracket","status":"publish","type":"product","link":"https:\/\/disma.ar\/clientes\/producto\/soporte-tablet-celular-holder-universal-metal-aluminio-giro-360o-bracket\/","title":{"rendered":"SOPORTE TABLET CELULAR HOLDER UNIVERSAL METALICO ALUMINIO GIRO 360\u00ba BRACKET"},"content":{"rendered":"<p>SOPORTE TABLET O CELULAR, ROTACI\u00d3N DE SUS TRES EJES<br \/>\nAjustable en altura<br \/>\nAjustable en \u00e1ngulo<br \/>\nTotalmente met\u00e1lico<br \/>\nBarra de soporte solido, m\u00e1s estabilidad, plegable y tama\u00f1o compacto  <\/p>\n","protected":false},"excerpt":{"rendered":"<p>SOPORTE TABLET O CELULAR, ROTACI\u00d3N DE SUS TRES EJES Ajustable en altura Ajustable en \u00e1ngulo Totalmente met\u00e1lico Barra de soporte solido, m\u00e1s estabilidad, plegable y tama\u00f1o compacto<\/p>\n","protected":false},"featured_media":19108,"comment_status":"closed","ping_status":"closed","template":"","meta":[],"product_brand":[],"product_cat":[32,312],"product_tag":[],"class_list":{"0":"post-19107","1":"product","2":"type-product","3":"status-publish","4":"has-post-thumbnail","6":"product_cat-soportes-gps-celulares","7":"product_cat-soportes-tablets","9":"first","10":"instock","11":"shipping-taxable","12":"purchasable","13":"product-type-simple"},"_links":{"self":[{"href":"https:\/\/disma.ar\/clientes\/wp-json\/wp\/v2\/product\/19107","targetHints":{"allow":["GET"]}}],"collection":[{"href":"https:\/\/disma.ar\/clientes\/wp-json\/wp\/v2\/product"}],"about":[{"href":"https:\/\/disma.ar\/clientes\/wp-json\/wp\/v2\/types\/product"}],"replies":[{"embeddable":true,"href":"https:\/\/disma.ar\/clientes\/wp-json\/wp\/v2\/comments?post=19107"}],"wp:featuredmedia":[{"embeddable":true,"href":"https:\/\/disma.ar\/clientes\/wp-json\/wp\/v2\/media\/19108"}],"wp:attachment":[{"href":"https:\/\/disma.ar\/clientes\/wp-json\/wp\/v2\/media?parent=19107"}],"wp:term":[{"taxonomy":"product_brand","embeddable":true,"href":"https:\/\/disma.ar\/clientes\/wp-json\/wp\/v2\/product_brand?post=19107"},{"taxonomy":"product_cat","embeddable":true,"href":"https:\/\/disma.ar\/clientes\/wp-json\/wp\/v2\/product_cat?post=19107"},{"taxonomy":"product_tag","embeddable":true,"href":"https:\/\/disma.ar\/clientes\/wp-json\/wp\/v2\/product_tag?post=19107"}],"curies":[{"name":"wp","href":"https:\/\/api.w.org\/{rel}","templated":true}]}}