{"id":19095,"date":"2026-02-12T12:32:51","date_gmt":"2026-02-12T15:32:51","guid":{"rendered":"https:\/\/disma.ar\/clientes\/?post_type=product&#038;p=19095"},"modified":"2026-04-30T10:56:14","modified_gmt":"2026-04-30T13:56:14","slug":"camara-de-seguridad-ip-foco-camara-wifi-smart-360-grados-con-microfono-vision-nocturna-seisa","status":"publish","type":"product","link":"https:\/\/disma.ar\/clientes\/producto\/camara-de-seguridad-ip-foco-camara-wifi-smart-360-grados-con-microfono-vision-nocturna-seisa\/","title":{"rendered":"CAMARA DE SEGURIDAD IP FOCO CAMARA WIFI SMART 360 GRADOS CON MICROFONO VISION NOCTURNA SEISA"},"content":{"rendered":"<p>C\u00e1mara IP WiFi Seisa IPC-TS10, un modelo moderno, inteligente y f\u00e1cil de instalar. Solo necesit\u00e1s un portal\u00e1mparas E27 y conexi\u00f3n WiFi para comenzar a monitorear tu casa desde tu celular. Su dise\u00f1o tipo bombilla la hace discreta y pr\u00e1ctica, sin cables ni taladros. \ud83d\udd12\ud83d\udcf2<\/p>\n<p>Con su resoluci\u00f3n Full HD 1080p y visi\u00f3n nocturna inteligente (en blanco y negro o en color), pod\u00e9s mantener el control incluso en la oscuridad. Adem\u00e1s, ofrece rotaci\u00f3n de 355\u00b0 y \u00e1ngulo vertical de 90\u00b0, brindando una visi\u00f3n panor\u00e1mica sin puntos ciegos.<\/p>\n<p>Su sistema de detecci\u00f3n de movimiento env\u00eda alertas autom\u00e1ticas a tu celular, mientras que el audio bidireccional te permite hablar con quien est\u00e9 cerca de la c\u00e1mara, est\u00e9s donde est\u00e9s.<\/p>\n<p>\u2728 Caracter\u00edsticas destacadas:<br \/>\n\ud83d\udca1 Instalaci\u00f3n sencilla: se enrosca directamente en cualquier portal\u00e1mparas E27.<\/p>\n<p>\ud83d\udcf6 Conexi\u00f3n WiFi estable: sin cables ni configuraciones complicadas.<\/p>\n<p>\ud83c\udfa5 Resoluci\u00f3n Full HD 1080p: imagen n\u00edtida y clara en todo momento.<\/p>\n<p>\ud83c\udf19 Visi\u00f3n nocturna inteligente: cambia entre modo blanco\/negro y color autom\u00e1ticamente.<\/p>\n<p>\ud83d\udd04 Rotaci\u00f3n PTZ 360\u00b0: control remoto desde la app para vista panor\u00e1mica sin puntos ciegos.<\/p>\n<p>\ud83d\udea8 Detecci\u00f3n de movimiento: alertas instant\u00e1neas en tu smartphone.<\/p>\n<p>\ud83d\udd0a Audio bidireccional: micr\u00f3fono y parlante integrados para comunicaci\u00f3n directa.<\/p>\n<p>\ud83d\udc68\u200d\ud83d\udc69\u200d\ud83d\udc67 Acceso multiusuario: compart\u00ed la c\u00e1mara con familiares desde la app YCC365 Plus.<\/p>\n<p>\ud83d\udcbe Grabaci\u00f3n segura: admite tarjeta microSD de hasta 128 GB o almacenamiento en la nube.<\/p>\n<p>\ud83d\udcf1 Compatibilidad: Android, iOS, tablets y PC.<\/p>\n","protected":false},"excerpt":{"rendered":"<p>C\u00e1mara IP WiFi Seisa IPC-TS10, un modelo moderno, inteligente y f\u00e1cil de instalar. Solo necesit\u00e1s un portal\u00e1mparas E27 y conexi\u00f3n WiFi para comenzar a monitorear tu casa desde tu celular. Su dise\u00f1o tipo bombilla la hace discreta y pr\u00e1ctica, sin cables ni taladros. \ud83d\udd12\ud83d\udcf2 Con su resoluci\u00f3n Full HD 1080p y visi\u00f3n nocturna inteligente (en [&hellip;]<\/p>\n","protected":false},"featured_media":19096,"comment_status":"closed","ping_status":"closed","template":"","meta":[],"product_brand":[],"product_cat":[302,303],"product_tag":[],"class_list":{"0":"post-19095","1":"product","2":"type-product","3":"status-publish","4":"has-post-thumbnail","6":"product_cat-camaras-espias","7":"product_cat-camaras-seguridad-y-monitores","9":"first","10":"instock","11":"shipping-taxable","12":"purchasable","13":"product-type-simple"},"_links":{"self":[{"href":"https:\/\/disma.ar\/clientes\/wp-json\/wp\/v2\/product\/19095","targetHints":{"allow":["GET"]}}],"collection":[{"href":"https:\/\/disma.ar\/clientes\/wp-json\/wp\/v2\/product"}],"about":[{"href":"https:\/\/disma.ar\/clientes\/wp-json\/wp\/v2\/types\/product"}],"replies":[{"embeddable":true,"href":"https:\/\/disma.ar\/clientes\/wp-json\/wp\/v2\/comments?post=19095"}],"wp:featuredmedia":[{"embeddable":true,"href":"https:\/\/disma.ar\/clientes\/wp-json\/wp\/v2\/media\/19096"}],"wp:attachment":[{"href":"https:\/\/disma.ar\/clientes\/wp-json\/wp\/v2\/media?parent=19095"}],"wp:term":[{"taxonomy":"product_brand","embeddable":true,"href":"https:\/\/disma.ar\/clientes\/wp-json\/wp\/v2\/product_brand?post=19095"},{"taxonomy":"product_cat","embeddable":true,"href":"https:\/\/disma.ar\/clientes\/wp-json\/wp\/v2\/product_cat?post=19095"},{"taxonomy":"product_tag","embeddable":true,"href":"https:\/\/disma.ar\/clientes\/wp-json\/wp\/v2\/product_tag?post=19095"}],"curies":[{"name":"wp","href":"https:\/\/api.w.org\/{rel}","templated":true}]}}