{"id":19092,"date":"2026-02-12T12:21:08","date_gmt":"2026-02-12T15:21:08","guid":{"rendered":"https:\/\/disma.ar\/clientes\/?post_type=product&#038;p=19092"},"modified":"2026-02-22T14:51:10","modified_gmt":"2026-02-22T17:51:10","slug":"soporte-escritorio-monitor-tv-2-brazos-movil-inclinable-13-a-32-8kg-vesa-75x75-100x100-ajustable","status":"publish","type":"product","link":"https:\/\/disma.ar\/clientes\/producto\/soporte-escritorio-monitor-tv-2-brazos-movil-inclinable-13-a-32-8kg-vesa-75x75-100x100-ajustable\/","title":{"rendered":"SOPORTE ESCRITORIO MONITOR TV 2 BRAZOS MOVIL INCLINABLE 13` A 32` 8KG VESA 75X75-100X100 AJUSTABLE"},"content":{"rendered":"<p>La ubicaci\u00f3n de tu TV o monitor es de suma importancia ya que, frente a \u00e9l, compartir\u00e1s muchas horas de entretenimiento o trabajo. En tu casa o negocio<br \/>\nAdaptable a tus espacios<br \/>\nObten\u00e9 el \u00e1ngulo perfecto con este soporte inclinable y articulado. Vas a poder ajustarlo a la posici\u00f3n m\u00e1s confortable para ver tus contenidos preferidos y ganar espacio.<\/p>\n<p>F\u00e1cil de instalar<br \/>\nLa norma estandarizada VESA permite conocer la distancia que existe entre los orificios de la parte trasera de la pantalla, y as\u00ed poder elegir el soporte que mejor se adapte a esa medida. Este producto cuenta con un montaje variado para que puedas ubicarlo de manera segura.<\/p>\n<p>Caracteristicas:<br \/>\n&#8211; Soporte doble brazo<br \/>\n&#8211; Pulgadas de monitor: 13 a 32 pulgadas<br \/>\n&#8211; Estandares VESA: 75&#215;75 &#8211; 100&#215;100<br \/>\n&#8211; Peso maximo: 8Kg<br \/>\n&#8211; Inclinacion vertical: +45\u00ba \/ -45\u00ba<br \/>\n&#8211; Inclinacion horizontal: +90\u00ba \/ -90\u00ba<br \/>\n&#8211; Rotacion: Placa rotativa VESA que permite girar 360\u00ba<br \/>\n&#8211; Altura ajustable<\/p>\n","protected":false},"excerpt":{"rendered":"<p>La ubicaci\u00f3n de tu TV o monitor es de suma importancia ya que, frente a \u00e9l, compartir\u00e1s muchas horas de entretenimiento o trabajo. En tu casa o negocio Adaptable a tus espacios Obten\u00e9 el \u00e1ngulo perfecto con este soporte inclinable y articulado. Vas a poder ajustarlo a la posici\u00f3n m\u00e1s confortable para ver tus contenidos [&hellip;]<\/p>\n","protected":false},"featured_media":19093,"comment_status":"closed","ping_status":"closed","template":"","meta":[],"product_brand":[],"product_cat":[311],"product_tag":[],"class_list":{"0":"post-19092","1":"product","2":"type-product","3":"status-publish","4":"has-post-thumbnail","6":"product_cat-soportes-lcd-moviles","8":"first","9":"instock","10":"shipping-taxable","11":"purchasable","12":"product-type-simple"},"_links":{"self":[{"href":"https:\/\/disma.ar\/clientes\/wp-json\/wp\/v2\/product\/19092","targetHints":{"allow":["GET"]}}],"collection":[{"href":"https:\/\/disma.ar\/clientes\/wp-json\/wp\/v2\/product"}],"about":[{"href":"https:\/\/disma.ar\/clientes\/wp-json\/wp\/v2\/types\/product"}],"replies":[{"embeddable":true,"href":"https:\/\/disma.ar\/clientes\/wp-json\/wp\/v2\/comments?post=19092"}],"wp:featuredmedia":[{"embeddable":true,"href":"https:\/\/disma.ar\/clientes\/wp-json\/wp\/v2\/media\/19093"}],"wp:attachment":[{"href":"https:\/\/disma.ar\/clientes\/wp-json\/wp\/v2\/media?parent=19092"}],"wp:term":[{"taxonomy":"product_brand","embeddable":true,"href":"https:\/\/disma.ar\/clientes\/wp-json\/wp\/v2\/product_brand?post=19092"},{"taxonomy":"product_cat","embeddable":true,"href":"https:\/\/disma.ar\/clientes\/wp-json\/wp\/v2\/product_cat?post=19092"},{"taxonomy":"product_tag","embeddable":true,"href":"https:\/\/disma.ar\/clientes\/wp-json\/wp\/v2\/product_tag?post=19092"}],"curies":[{"name":"wp","href":"https:\/\/api.w.org\/{rel}","templated":true}]}}