{"id":19074,"date":"2026-02-10T14:29:48","date_gmt":"2026-02-10T17:29:48","guid":{"rendered":"https:\/\/disma.ar\/clientes\/?post_type=product&#038;p=19074"},"modified":"2026-04-01T10:20:08","modified_gmt":"2026-04-01T13:20:08","slug":"cargador-cabezal-celular-30w-1-usb-hembra-1-usb-tipo-c-xaea","status":"publish","type":"product","link":"https:\/\/disma.ar\/clientes\/producto\/cargador-cabezal-celular-30w-1-usb-hembra-1-usb-tipo-c-xaea\/","title":{"rendered":"CARGADOR CABEZAL CELULAR 30W 1 USB HEMBRA 1 USB TIPO C XAEA"},"content":{"rendered":"<p>cargador INTENSIFY \u00a1Potencia y Rendimiento Confiable!<\/p>\n<p>El Cargador INTENSIFY ofrece a tus clientes una carga eficiente y segura, ideal para m\u00faltiples dispositivos. Su dise\u00f1o compacto y resistente, fabricado en ABS, garantiza durabilidad y un uso prolongado.<\/p>\n<p>Con una tensi\u00f3n de entrada de AC 100-220V \u2013 50\/60Hz, proporciona una salida estable de 5VCC y una potencia de 30W, asegurando un rendimiento \u00f3ptimo.<br \/>\n1 puerto usb hembra<br \/>\n1 puerto tipo c hembra<\/p>\n","protected":false},"excerpt":{"rendered":"<p>cargador INTENSIFY \u00a1Potencia y Rendimiento Confiable! El Cargador INTENSIFY ofrece a tus clientes una carga eficiente y segura, ideal para m\u00faltiples dispositivos. Su dise\u00f1o compacto y resistente, fabricado en ABS, garantiza durabilidad y un uso prolongado. Con una tensi\u00f3n de entrada de AC 100-220V \u2013 50\/60Hz, proporciona una salida estable de 5VCC y una potencia [&hellip;]<\/p>\n","protected":false},"featured_media":19164,"comment_status":"closed","ping_status":"closed","template":"","meta":[],"product_brand":[],"product_cat":[394,510,513,168],"product_tag":[],"class_list":{"0":"post-19074","1":"product","2":"type-product","3":"status-publish","4":"has-post-thumbnail","6":"product_cat-caja-de-sorpresas","7":"product_cat-top","8":"product_cat-2-precio-especial-por-cantidad","9":"product_cat-cargadores-220v-a-usb","11":"first","12":"instock","13":"shipping-taxable","14":"purchasable","15":"product-type-simple"},"_links":{"self":[{"href":"https:\/\/disma.ar\/clientes\/wp-json\/wp\/v2\/product\/19074","targetHints":{"allow":["GET"]}}],"collection":[{"href":"https:\/\/disma.ar\/clientes\/wp-json\/wp\/v2\/product"}],"about":[{"href":"https:\/\/disma.ar\/clientes\/wp-json\/wp\/v2\/types\/product"}],"replies":[{"embeddable":true,"href":"https:\/\/disma.ar\/clientes\/wp-json\/wp\/v2\/comments?post=19074"}],"wp:featuredmedia":[{"embeddable":true,"href":"https:\/\/disma.ar\/clientes\/wp-json\/wp\/v2\/media\/19164"}],"wp:attachment":[{"href":"https:\/\/disma.ar\/clientes\/wp-json\/wp\/v2\/media?parent=19074"}],"wp:term":[{"taxonomy":"product_brand","embeddable":true,"href":"https:\/\/disma.ar\/clientes\/wp-json\/wp\/v2\/product_brand?post=19074"},{"taxonomy":"product_cat","embeddable":true,"href":"https:\/\/disma.ar\/clientes\/wp-json\/wp\/v2\/product_cat?post=19074"},{"taxonomy":"product_tag","embeddable":true,"href":"https:\/\/disma.ar\/clientes\/wp-json\/wp\/v2\/product_tag?post=19074"}],"curies":[{"name":"wp","href":"https:\/\/api.w.org\/{rel}","templated":true}]}}