{"id":19023,"date":"2026-02-13T22:43:51","date_gmt":"2026-02-14T01:43:51","guid":{"rendered":"https:\/\/disma.ar\/clientes\/?post_type=product&#038;p=19023"},"modified":"2026-05-12T13:43:24","modified_gmt":"2026-05-12T16:43:24","slug":"cable-usb-a-usb-tipo-c-zeus-fast-charge-xaea-premium-1-metro-plateado","status":"publish","type":"product","link":"https:\/\/disma.ar\/clientes\/producto\/cable-usb-a-usb-tipo-c-zeus-fast-charge-xaea-premium-1-metro-plateado\/","title":{"rendered":"CABLE USB A USB TIPO C ZEUS FAST CHARGE XAEA PREMIUM 1 METRO PLATEADO"},"content":{"rendered":"<p>El cable Zeus XAEA est\u00e1 dise\u00f1ado para ofrecer durabilidad y un rendimiento de carga superior.<br \/>\nDise\u00f1o: Cuenta con un dise\u00f1o reforzado para resistir el desgaste diario, la torsi\u00f3n y el uso intensivo.<br \/>\nLongitud: Tiene un largo de 1 metro.<br \/>\nCapacidad de carga: Especificado para una carga r\u00e1pida de 4.4A<\/p>\n","protected":false},"excerpt":{"rendered":"<p>El cable Zeus XAEA est\u00e1 dise\u00f1ado para ofrecer durabilidad y un rendimiento de carga superior. Dise\u00f1o: Cuenta con un dise\u00f1o reforzado para resistir el desgaste diario, la torsi\u00f3n y el uso intensivo. Longitud: Tiene un largo de 1 metro. Capacidad de carga: Especificado para una carga r\u00e1pida de 4.4A<\/p>\n","protected":false},"featured_media":19024,"comment_status":"closed","ping_status":"closed","template":"","meta":[],"product_brand":[],"product_cat":[330],"product_tag":[],"class_list":{"0":"post-19023","1":"product","2":"type-product","3":"status-publish","4":"has-post-thumbnail","6":"product_cat-cables-celular-datos-audio-video","8":"first","9":"instock","10":"shipping-taxable","11":"purchasable","12":"product-type-simple"},"_links":{"self":[{"href":"https:\/\/disma.ar\/clientes\/wp-json\/wp\/v2\/product\/19023","targetHints":{"allow":["GET"]}}],"collection":[{"href":"https:\/\/disma.ar\/clientes\/wp-json\/wp\/v2\/product"}],"about":[{"href":"https:\/\/disma.ar\/clientes\/wp-json\/wp\/v2\/types\/product"}],"replies":[{"embeddable":true,"href":"https:\/\/disma.ar\/clientes\/wp-json\/wp\/v2\/comments?post=19023"}],"wp:featuredmedia":[{"embeddable":true,"href":"https:\/\/disma.ar\/clientes\/wp-json\/wp\/v2\/media\/19024"}],"wp:attachment":[{"href":"https:\/\/disma.ar\/clientes\/wp-json\/wp\/v2\/media?parent=19023"}],"wp:term":[{"taxonomy":"product_brand","embeddable":true,"href":"https:\/\/disma.ar\/clientes\/wp-json\/wp\/v2\/product_brand?post=19023"},{"taxonomy":"product_cat","embeddable":true,"href":"https:\/\/disma.ar\/clientes\/wp-json\/wp\/v2\/product_cat?post=19023"},{"taxonomy":"product_tag","embeddable":true,"href":"https:\/\/disma.ar\/clientes\/wp-json\/wp\/v2\/product_tag?post=19023"}],"curies":[{"name":"wp","href":"https:\/\/api.w.org\/{rel}","templated":true}]}}