{"id":18975,"date":"2026-01-28T15:32:34","date_gmt":"2026-01-28T18:32:34","guid":{"rendered":"https:\/\/disma.ar\/clientes\/?post_type=product&#038;p=18975"},"modified":"2026-02-12T09:49:03","modified_gmt":"2026-02-12T12:49:03","slug":"mouse-inalambrico-yelandar-dpi-800-1600-2400-3200-intercambiable","status":"publish","type":"product","link":"https:\/\/disma.ar\/clientes\/producto\/mouse-inalambrico-yelandar-dpi-800-1600-2400-3200-intercambiable\/","title":{"rendered":"MOUSE INALAMBRICO YELANDAR DPI 800 1600 2400 3200 INTERCAMBIABLE"},"content":{"rendered":"<p>El mouse inal\u00e1mbrico Yelandar E50 es un dispositivo ergon\u00f3mico y port\u00e1til dise\u00f1ado para PC y notebook, destacado por su funcionamiento silencioso, sensor \u00f3ptico de alta precisi\u00f3n (hasta 3200 dpi seg\u00fan la variante) y conexi\u00f3n v\u00eda receptor USB de 2.4GHz. es ideal para un uso c\u00f3modo, eficiente y libre de cables.<br \/>\nEspecificaciones t\u00e9cnicas:<br \/>\n&#8211; Marca: Yelandar<br \/>\n&#8211; Modelo: E50<br \/>\n&#8211; Dimensiones: Largo: 10 cm, Ancho: 6 cm, Alto: 4 cm<br \/>\n&#8211; Peso: 50 g<\/p>\n<p>&#8211; Fuente de alimentaci\u00f3n: Funciona con una pila AA (no incluida)<br \/>\nRueda muy bien, y los botones, precisamente, el posicionamiento de la p\u00e1gina.<br \/>\n-Botones silenciosos: Trabaja o juega sin distracciones ni ruidos molestos.<br \/>\n-Inal\u00e1mbrico y Libre de cables: Mayor libertad y comodidad en tus movimientos. Alcance de transmisi\u00f3n 10 Mts.<br \/>\n-Cuatro velocidades de cambio DPI: : Personaliza tu precisi\u00f3n y velocidad seg\u00fan tus necesidades (800-1600-2400-3200 DPI), ideal tanto para tareas cotidianas como para gaming.<br \/>\n-Rueda de Adelante\/Atr\u00e1s teclas multimedia.<br \/>\nCompatibilidad total: Funciona con cualquier dispositivo. F\u00e1cil de transportar, conectar y usar con su tecnolog\u00eda plug and play.<\/p>\n","protected":false},"excerpt":{"rendered":"<p>El mouse inal\u00e1mbrico Yelandar E50 es un dispositivo ergon\u00f3mico y port\u00e1til dise\u00f1ado para PC y notebook, destacado por su funcionamiento silencioso, sensor \u00f3ptico de alta precisi\u00f3n (hasta 3200 dpi seg\u00fan la variante) y conexi\u00f3n v\u00eda receptor USB de 2.4GHz. es ideal para un uso c\u00f3modo, eficiente y libre de cables. Especificaciones t\u00e9cnicas: &#8211; Marca: Yelandar [&hellip;]<\/p>\n","protected":false},"featured_media":18976,"comment_status":"closed","ping_status":"closed","template":"","meta":[],"product_brand":[],"product_cat":[318],"product_tag":[],"class_list":{"0":"post-18975","1":"product","2":"type-product","3":"status-publish","4":"has-post-thumbnail","6":"product_cat-mouses-inalambricos","8":"first","9":"outofstock","10":"shipping-taxable","11":"purchasable","12":"product-type-simple"},"_links":{"self":[{"href":"https:\/\/disma.ar\/clientes\/wp-json\/wp\/v2\/product\/18975","targetHints":{"allow":["GET"]}}],"collection":[{"href":"https:\/\/disma.ar\/clientes\/wp-json\/wp\/v2\/product"}],"about":[{"href":"https:\/\/disma.ar\/clientes\/wp-json\/wp\/v2\/types\/product"}],"replies":[{"embeddable":true,"href":"https:\/\/disma.ar\/clientes\/wp-json\/wp\/v2\/comments?post=18975"}],"wp:featuredmedia":[{"embeddable":true,"href":"https:\/\/disma.ar\/clientes\/wp-json\/wp\/v2\/media\/18976"}],"wp:attachment":[{"href":"https:\/\/disma.ar\/clientes\/wp-json\/wp\/v2\/media?parent=18975"}],"wp:term":[{"taxonomy":"product_brand","embeddable":true,"href":"https:\/\/disma.ar\/clientes\/wp-json\/wp\/v2\/product_brand?post=18975"},{"taxonomy":"product_cat","embeddable":true,"href":"https:\/\/disma.ar\/clientes\/wp-json\/wp\/v2\/product_cat?post=18975"},{"taxonomy":"product_tag","embeddable":true,"href":"https:\/\/disma.ar\/clientes\/wp-json\/wp\/v2\/product_tag?post=18975"}],"curies":[{"name":"wp","href":"https:\/\/api.w.org\/{rel}","templated":true}]}}