{"id":18911,"date":"2026-01-23T17:01:28","date_gmt":"2026-01-23T20:01:28","guid":{"rendered":"https:\/\/disma.ar\/clientes\/?post_type=product&#038;p=18911"},"modified":"2026-04-30T16:57:40","modified_gmt":"2026-04-30T19:57:40","slug":"auricular-bluetooth-inalambrico-5-0-zenix-xaea-recargable-negro","status":"publish","type":"product","link":"https:\/\/disma.ar\/clientes\/producto\/auricular-bluetooth-inalambrico-5-0-zenix-xaea-recargable-negro\/","title":{"rendered":"AURICULAR BLUETOOTH INALAMBRICO 5.0 ZENIX XAEA RECARGABLE NEGRO"},"content":{"rendered":"<p>Auricular bluetooth inal\u00e1mbrico recargable<br \/>\nCaracteristicas<br \/>\nBater\u00eda de alto rendimiento<br \/>\nConexi\u00f3n inal\u00e1mbrica<br \/>\nDise\u00f1o over ear<br \/>\nPuerto de carga usb-c<br \/>\nIncluye cable auxiliar <\/p>\n","protected":false},"excerpt":{"rendered":"<p>Auricular bluetooth inal\u00e1mbrico recargable Caracteristicas Bater\u00eda de alto rendimiento Conexi\u00f3n inal\u00e1mbrica Dise\u00f1o over ear Puerto de carga usb-c Incluye cable auxiliar<\/p>\n","protected":false},"featured_media":18932,"comment_status":"closed","ping_status":"closed","template":"","meta":[],"product_brand":[],"product_cat":[29,33],"product_tag":[],"class_list":{"0":"post-18911","1":"product","2":"type-product","3":"status-publish","4":"has-post-thumbnail","6":"product_cat-auriculares","7":"product_cat-auriculares-bluetooth","9":"first","10":"instock","11":"shipping-taxable","12":"purchasable","13":"product-type-simple"},"_links":{"self":[{"href":"https:\/\/disma.ar\/clientes\/wp-json\/wp\/v2\/product\/18911","targetHints":{"allow":["GET"]}}],"collection":[{"href":"https:\/\/disma.ar\/clientes\/wp-json\/wp\/v2\/product"}],"about":[{"href":"https:\/\/disma.ar\/clientes\/wp-json\/wp\/v2\/types\/product"}],"replies":[{"embeddable":true,"href":"https:\/\/disma.ar\/clientes\/wp-json\/wp\/v2\/comments?post=18911"}],"wp:featuredmedia":[{"embeddable":true,"href":"https:\/\/disma.ar\/clientes\/wp-json\/wp\/v2\/media\/18932"}],"wp:attachment":[{"href":"https:\/\/disma.ar\/clientes\/wp-json\/wp\/v2\/media?parent=18911"}],"wp:term":[{"taxonomy":"product_brand","embeddable":true,"href":"https:\/\/disma.ar\/clientes\/wp-json\/wp\/v2\/product_brand?post=18911"},{"taxonomy":"product_cat","embeddable":true,"href":"https:\/\/disma.ar\/clientes\/wp-json\/wp\/v2\/product_cat?post=18911"},{"taxonomy":"product_tag","embeddable":true,"href":"https:\/\/disma.ar\/clientes\/wp-json\/wp\/v2\/product_tag?post=18911"}],"curies":[{"name":"wp","href":"https:\/\/api.w.org\/{rel}","templated":true}]}}