{"id":18877,"date":"2026-01-21T18:41:11","date_gmt":"2026-01-21T21:41:11","guid":{"rendered":"https:\/\/disma.ar\/clientes\/?post_type=product&#038;p=18877"},"modified":"2026-03-05T13:26:05","modified_gmt":"2026-03-05T16:26:05","slug":"auricular-bluetooth-jbl-harman-pure-bass-true-wireless-recargable-blanco-ss-24926","status":"publish","type":"product","link":"https:\/\/disma.ar\/clientes\/producto\/auricular-bluetooth-jbl-harman-pure-bass-true-wireless-recargable-blanco-ss-24926\/","title":{"rendered":"AURICULAR BLUETOOTH PURE BASS TRUE WIRELESS RECARGABLE BLANCO SS-24926"},"content":{"rendered":"<p>Aud\u00edfonos bluetooth JBL Tune 700BT Auriculares supraaurales inal\u00e1mbricos con el incre\u00edble sonido de JBL Con el potente sonido JBL Pure Bass, los auriculares JBL TUNE 700BT reproducen un sonido intenso por v\u00eda inal\u00e1mbrica. El dise\u00f1o supraaural ligero ofrece la m\u00e1xima comodidad e inmersi\u00f3n en el sonido. Ofrecen un gran rendimiento, pero se pueden plegar de forma bien compacta para encajar en cualquier aventura.<br \/>\nMarca<br \/>\nJBL<br \/>\nCancelaci\u00f3n de ruido<br \/>\nS\u00ed<br \/>\nCon micr\u00f3fono<br \/>\nS\u00ed<br \/>\nEstilo<br \/>\nSupraaurales<br \/>\nAuriculares con micr\u00f3fono<br \/>\nS\u00ed<br \/>\nTipo inal\u00e1mbrico<br \/>\nBluetooth<br \/>\nUso<br \/>\nPara tablet, Para tel\u00e9fono celular<\/p>\n","protected":false},"excerpt":{"rendered":"<p>SIMIL ORIGINAL<\/p>\n","protected":false},"featured_media":18878,"comment_status":"closed","ping_status":"closed","template":"","meta":[],"product_brand":[],"product_cat":[29,33],"product_tag":[],"class_list":{"0":"post-18877","1":"product","2":"type-product","3":"status-publish","4":"has-post-thumbnail","6":"product_cat-auriculares","7":"product_cat-auriculares-bluetooth","9":"first","10":"outofstock","11":"shipping-taxable","12":"purchasable","13":"product-type-simple"},"_links":{"self":[{"href":"https:\/\/disma.ar\/clientes\/wp-json\/wp\/v2\/product\/18877","targetHints":{"allow":["GET"]}}],"collection":[{"href":"https:\/\/disma.ar\/clientes\/wp-json\/wp\/v2\/product"}],"about":[{"href":"https:\/\/disma.ar\/clientes\/wp-json\/wp\/v2\/types\/product"}],"replies":[{"embeddable":true,"href":"https:\/\/disma.ar\/clientes\/wp-json\/wp\/v2\/comments?post=18877"}],"wp:featuredmedia":[{"embeddable":true,"href":"https:\/\/disma.ar\/clientes\/wp-json\/wp\/v2\/media\/18878"}],"wp:attachment":[{"href":"https:\/\/disma.ar\/clientes\/wp-json\/wp\/v2\/media?parent=18877"}],"wp:term":[{"taxonomy":"product_brand","embeddable":true,"href":"https:\/\/disma.ar\/clientes\/wp-json\/wp\/v2\/product_brand?post=18877"},{"taxonomy":"product_cat","embeddable":true,"href":"https:\/\/disma.ar\/clientes\/wp-json\/wp\/v2\/product_cat?post=18877"},{"taxonomy":"product_tag","embeddable":true,"href":"https:\/\/disma.ar\/clientes\/wp-json\/wp\/v2\/product_tag?post=18877"}],"curies":[{"name":"wp","href":"https:\/\/api.w.org\/{rel}","templated":true}]}}