{"id":18732,"date":"2026-03-20T11:10:15","date_gmt":"2026-03-20T14:10:15","guid":{"rendered":"https:\/\/disma.ar\/clientes\/?post_type=product&#038;p=18732"},"modified":"2026-03-25T11:42:14","modified_gmt":"2026-03-25T14:42:14","slug":"adaptador-internacional-mundial-multienchufe-electrico-xaea-modx-510a","status":"publish","type":"product","link":"https:\/\/disma.ar\/clientes\/producto\/adaptador-internacional-mundial-multienchufe-electrico-xaea-modx-510a\/","title":{"rendered":"ADAPTADOR VIAJERO UNIVERSAL MUNDIAL MULTIENCHUFE ELECTRICO XAEA MODX-510A"},"content":{"rendered":"<p>Este adaptador de enchufe universal es un art\u00edculo indispensable para quienes necesitan conectar dispositivos con diferentes tipos de enchufes. Con una capacidad de 125 V 6 A, 250 V 13 A, este adaptador es robusto y fiable. Tiene una luz indicadora de alimentaci\u00f3n que facilita la identificaci\u00f3n cuando el adaptador est\u00e1 en uso.<\/p>\n<p>El adaptador tiene 5 pines de tipo americano, lo que permite la conexi\u00f3n de una amplia gama de dispositivos. Adem\u00e1s, cuenta con 4 puertas de tipo europeo, lo que ampl\u00eda a\u00fan m\u00e1s las posibilidades de uso. Este adaptador es perfecto para quienes necesitan versatilidad y practicidad en el d\u00eda a d\u00eda.<\/p>\n<p>-110-250V, tensi\u00f3n CA250V<br \/>\n-6A\/150V3A\/250V carga \u00fatil m\u00e1xima: 750W,<br \/>\n-Frecuencia nominal 50\/60 hz,<br \/>\n-Chapa interna de Acero<\/p>\n","protected":false},"excerpt":{"rendered":"<p>XAEA<\/p>\n","protected":false},"featured_media":18920,"comment_status":"open","ping_status":"closed","template":"","meta":[],"product_brand":[],"product_cat":[394,510,513,19],"product_tag":[],"class_list":{"0":"post-18732","1":"product","2":"type-product","3":"status-publish","4":"has-post-thumbnail","6":"product_cat-caja-de-sorpresas","7":"product_cat-top","8":"product_cat-2-precio-especial-por-cantidad","9":"product_cat-enchufes","11":"first","12":"instock","13":"shipping-taxable","14":"purchasable","15":"product-type-simple"},"_links":{"self":[{"href":"https:\/\/disma.ar\/clientes\/wp-json\/wp\/v2\/product\/18732","targetHints":{"allow":["GET"]}}],"collection":[{"href":"https:\/\/disma.ar\/clientes\/wp-json\/wp\/v2\/product"}],"about":[{"href":"https:\/\/disma.ar\/clientes\/wp-json\/wp\/v2\/types\/product"}],"replies":[{"embeddable":true,"href":"https:\/\/disma.ar\/clientes\/wp-json\/wp\/v2\/comments?post=18732"}],"wp:featuredmedia":[{"embeddable":true,"href":"https:\/\/disma.ar\/clientes\/wp-json\/wp\/v2\/media\/18920"}],"wp:attachment":[{"href":"https:\/\/disma.ar\/clientes\/wp-json\/wp\/v2\/media?parent=18732"}],"wp:term":[{"taxonomy":"product_brand","embeddable":true,"href":"https:\/\/disma.ar\/clientes\/wp-json\/wp\/v2\/product_brand?post=18732"},{"taxonomy":"product_cat","embeddable":true,"href":"https:\/\/disma.ar\/clientes\/wp-json\/wp\/v2\/product_cat?post=18732"},{"taxonomy":"product_tag","embeddable":true,"href":"https:\/\/disma.ar\/clientes\/wp-json\/wp\/v2\/product_tag?post=18732"}],"curies":[{"name":"wp","href":"https:\/\/api.w.org\/{rel}","templated":true}]}}