{"id":18705,"date":"2025-12-31T12:12:07","date_gmt":"2025-12-31T15:12:07","guid":{"rendered":"https:\/\/disma.ar\/clientes\/?post_type=product&#038;p=18705"},"modified":"2026-05-04T11:16:37","modified_gmt":"2026-05-04T14:16:37","slug":"smart-tv-stick-tv-box-android-8gb128gb-disco-q96-4k-wifi-2-4-5g-infrarrojo","status":"publish","type":"product","link":"https:\/\/disma.ar\/clientes\/producto\/smart-tv-stick-tv-box-android-8gb128gb-disco-q96-4k-wifi-2-4-5g-infrarrojo\/","title":{"rendered":"SMART TV STICK TV BOX ANDROID 8GB+128GB DISCO Q96 4K WIFI 2.4\/5G INFRARROJO"},"content":{"rendered":"<p class=\"MuiTypography-root MuiTypography-body1 typographyItemDetailDescription css-1tdd112\">Q96 Stick Android TV \u2013 1GB RAM + 8GB ROM<\/p>\n<p class=\"MuiTypography-root MuiTypography-body1 typographyItemDetailDescription css-1tdd112\">Convierte cualquier TV en un Smart TV de forma r\u00e1pida y sencilla con el Q96 Stick.<\/p>\n<p class=\"MuiTypography-root MuiTypography-body1 typographyItemDetailDescription css-1tdd112\">Compacto, port\u00e1til y f\u00e1cil de usar, ideal para ventas al por mayor.<\/p>\n<p class=\"MuiTypography-root MuiTypography-body1 typographyItemDetailDescription css-1tdd112\">Caracter\u00edsticas principales: Sistema Android TV fluido y f\u00e1cil de operar.<\/p>\n<p class=\"MuiTypography-root MuiTypography-body1 typographyItemDetailDescription css-1tdd112\">Memoria: 8GB RAM + 128GB ROM (almacenamiento interno).<\/p>\n<p class=\"MuiTypography-root MuiTypography-body1 typographyItemDetailDescription css-1tdd112\">Conexi\u00f3n WiFi 2.4G para mayor estabilidad.<\/p>\n<p class=\"MuiTypography-root MuiTypography-body1 typographyItemDetailDescription css-1tdd112\">Puerto HDMI: enchufar y empezar a usar.<\/p>\n<p class=\"MuiTypography-root MuiTypography-body1 typographyItemDetailDescription css-1tdd112\">Incluye control remoto.<\/p>\n<p class=\"MuiTypography-root MuiTypography-body1 typographyItemDetailDescription css-1tdd112\">Compatible con apps populares como Netflix, Pluto TV, Disney+, Spotify y muchas m\u00e1s.<\/p>\n<p class=\"MuiTypography-root MuiTypography-body1 typographyItemDetailDescription css-1tdd112\">Permite descargar miles de aplicaciones desde Play Store.<\/p>\n<p class=\"MuiTypography-root MuiTypography-body1 typographyItemDetailDescription css-1tdd112\">Dise\u00f1o compacto, port\u00e1til y adaptable a cualquier TV.<\/p>\n<p class=\"MuiTypography-root MuiTypography-body1 typographyItemDetailDescription css-1tdd112\">Producto listo para usar desde que lo recib\u00eds.<\/p>\n","protected":false},"excerpt":{"rendered":"<p>Q96 Stick Android TV \u2013 1GB RAM + 8GB ROM Convierte cualquier TV en un Smart TV de forma r\u00e1pida y sencilla con el Q96 Stick. Compacto, port\u00e1til y f\u00e1cil de usar, ideal para ventas al por mayor. Caracter\u00edsticas principales: Sistema Android TV fluido y f\u00e1cil de operar. Memoria: 8GB RAM + 128GB ROM (almacenamiento [&hellip;]<\/p>\n","protected":false},"featured_media":18706,"comment_status":"open","ping_status":"closed","template":"","meta":[],"product_brand":[],"product_cat":[346],"product_tag":[],"class_list":{"0":"post-18705","1":"product","2":"type-product","3":"status-publish","4":"has-post-thumbnail","6":"product_cat-smart-tv-multimedia-al-tv","8":"first","9":"instock","10":"shipping-taxable","11":"purchasable","12":"product-type-simple"},"_links":{"self":[{"href":"https:\/\/disma.ar\/clientes\/wp-json\/wp\/v2\/product\/18705","targetHints":{"allow":["GET"]}}],"collection":[{"href":"https:\/\/disma.ar\/clientes\/wp-json\/wp\/v2\/product"}],"about":[{"href":"https:\/\/disma.ar\/clientes\/wp-json\/wp\/v2\/types\/product"}],"replies":[{"embeddable":true,"href":"https:\/\/disma.ar\/clientes\/wp-json\/wp\/v2\/comments?post=18705"}],"wp:featuredmedia":[{"embeddable":true,"href":"https:\/\/disma.ar\/clientes\/wp-json\/wp\/v2\/media\/18706"}],"wp:attachment":[{"href":"https:\/\/disma.ar\/clientes\/wp-json\/wp\/v2\/media?parent=18705"}],"wp:term":[{"taxonomy":"product_brand","embeddable":true,"href":"https:\/\/disma.ar\/clientes\/wp-json\/wp\/v2\/product_brand?post=18705"},{"taxonomy":"product_cat","embeddable":true,"href":"https:\/\/disma.ar\/clientes\/wp-json\/wp\/v2\/product_cat?post=18705"},{"taxonomy":"product_tag","embeddable":true,"href":"https:\/\/disma.ar\/clientes\/wp-json\/wp\/v2\/product_tag?post=18705"}],"curies":[{"name":"wp","href":"https:\/\/api.w.org\/{rel}","templated":true}]}}